{"id":41585,"date":"2024-08-04T17:49:00","date_gmt":"2024-08-04T20:49:00","guid":{"rendered":"https:\/\/www.appoloviracel.com.uy\/?post_type=product&#038;p=41585"},"modified":"2024-08-13T20:05:32","modified_gmt":"2024-08-13T23:05:32","slug":"soporte-jokade-jh043-magnetico-de-carga-rapida-para-auto","status":"publish","type":"product","link":"https:\/\/www.appoloviracel.com.uy\/index.php\/product\/soporte-jokade-jh043-magnetico-de-carga-rapida-para-auto\/","title":{"rendered":"Soporte Jokade \u00abJH043\u00bb Magn\u00e9tico de Carga R\u00e1pida para auto"},"content":{"rendered":"<h2>Caracter\u00edsticas y especificaciones:<\/h2>\n<ul>\n<li><strong>Marca: JOKADE<\/strong><\/li>\n<li><strong>N\u00famero de Modelo: JH043 YUANCAI<\/strong><\/li>\n<li><strong>Funci\u00f3n: QC3.0<\/strong><\/li>\n<li><strong>Puerto: Tipo-C<\/strong><\/li>\n<li><strong>Tipo: Magn\u00e9tico, Ajustable<\/strong><\/li>\n<li><strong>Salida: 9 V\/1.67A, 5 V\/3A<\/strong><\/li>\n<li><strong>Potencia de salida: 15W<\/strong><\/li>\n<li><strong>Entrada: 9 V\/2A, 5 V\/2A<\/strong><\/li>\n<li><strong>Material: ABS + TPU<\/strong><\/li>\n<li><strong>Apoyo: Tel\u00e9fono m\u00f3vil de IPhone Samsung Huawei<\/strong><\/li>\n<\/ul>\n<p><strong>\u00a0<\/strong><\/p>\n<h5><strong>*Las im\u00e1genes son a modo ilustrativo.<\/strong><\/h5>\n","protected":false},"excerpt":{"rendered":"<h3><strong><span style=\"color: #339966;\">$ 1.200<\/span> <\/strong><\/h3>\n","protected":false},"featured_media":41586,"comment_status":"open","ping_status":"closed","template":"","meta":[],"_links":{"self":[{"href":"https:\/\/www.appoloviracel.com.uy\/index.php\/wp-json\/wp\/v2\/product\/41585"}],"collection":[{"href":"https:\/\/www.appoloviracel.com.uy\/index.php\/wp-json\/wp\/v2\/product"}],"about":[{"href":"https:\/\/www.appoloviracel.com.uy\/index.php\/wp-json\/wp\/v2\/types\/product"}],"replies":[{"embeddable":true,"href":"https:\/\/www.appoloviracel.com.uy\/index.php\/wp-json\/wp\/v2\/comments?post=41585"}],"wp:featuredmedia":[{"embeddable":true,"href":"https:\/\/www.appoloviracel.com.uy\/index.php\/wp-json\/wp\/v2\/media\/41586"}],"wp:attachment":[{"href":"https:\/\/www.appoloviracel.com.uy\/index.php\/wp-json\/wp\/v2\/media?parent=41585"}],"curies":[{"name":"wp","href":"https:\/\/api.w.org\/{rel}","templated":true}]}}