{"id":41567,"date":"2024-08-02T14:37:29","date_gmt":"2024-08-02T17:37:29","guid":{"rendered":"https:\/\/www.appoloviracel.com.uy\/?post_type=product&#038;p=41567"},"modified":"2024-08-11T20:56:23","modified_gmt":"2024-08-11T23:56:23","slug":"auricular-xo-x33-bluetooth","status":"publish","type":"product","link":"https:\/\/www.appoloviracel.com.uy\/index.php\/product\/auricular-xo-x33-bluetooth\/","title":{"rendered":"Auricular XO \u00abX33\u00bb (Bluetooth)"},"content":{"rendered":"<h2>Caracter\u00edsticas y especificaciones:<\/h2>\n<p>XO X33 son unos auriculares internos bluetooth 5.3 TWS con caja de carga. Los auriculares son compatibles con la tecnolog\u00eda TWS (True Wireless Stereo): ambos auriculares se conectan entre s\u00ed para crear un equipo est\u00e9reo inal\u00e1mbrico. Una caja port\u00e1til con bater\u00eda incorporada, adem\u00e1s de la funci\u00f3n de carga, le permite guardar los auriculares de forma segura en su bolsillo, bolso o mochila. Libere sus manos y escuche m\u00fasica, radio por Internet mientras trabaja, camina, entrena o conduce un autom\u00f3vil. Los auriculares XO X33 TWS son una soluci\u00f3n ideal para usuarios de tel\u00e9fonos inteligentes, computadoras, port\u00e1tiles, tabletas y otros dispositivos con Bluetooth. Son compatibles con la mayor\u00eda de dispositivos Android e iOS. Los auriculares tambi\u00e9n tienen un micr\u00f3fono para que puedas realizar llamadas de voz f\u00e1cilmente. La duraci\u00f3n de las llamadas\/escuchar m\u00fasica con una carga completa es de aproximadamente 240 minutos (dependiendo del nivel de volumen), gracias al uso de la tecnolog\u00eda Bluetooth 5.3 de ahorro de energ\u00eda.<\/p>\n<ul>\n<li><strong>Modelo: XO-X33<\/strong><\/li>\n<li><strong>Versi\u00f3n Bluetooth: V5.3<\/strong><\/li>\n<li><strong>Chip Bluetooth: JL 6983D2<\/strong><\/li>\n<li><strong>Material: ABS+PC<\/strong><\/li>\n<li><strong>Bater\u00eda: 2x 30mAh<\/strong><\/li>\n<li><strong>Carga: 250mAh<\/strong><\/li>\n<li><strong>Tiempo de carga aprox: 2 horas<\/strong><\/li>\n<li><strong>Tiempo Standby: cerca 4 meses<\/strong><\/li>\n<li><strong>Tiempo de m\u00fasica: 4 horas (80% volumen)<\/strong><\/li>\n<\/ul>\n<p><strong>\u00a0<\/strong><\/p>\n<h5><strong>*Las im\u00e1genes son a modo ilustrativo.<\/strong><\/h5>\n","protected":false},"excerpt":{"rendered":"<h3><span style=\"color: #339966;\"><strong>$ 790 \u00a0<\/strong><\/span><\/h3>\n","protected":false},"featured_media":41568,"comment_status":"open","ping_status":"closed","template":"","meta":[],"_links":{"self":[{"href":"https:\/\/www.appoloviracel.com.uy\/index.php\/wp-json\/wp\/v2\/product\/41567"}],"collection":[{"href":"https:\/\/www.appoloviracel.com.uy\/index.php\/wp-json\/wp\/v2\/product"}],"about":[{"href":"https:\/\/www.appoloviracel.com.uy\/index.php\/wp-json\/wp\/v2\/types\/product"}],"replies":[{"embeddable":true,"href":"https:\/\/www.appoloviracel.com.uy\/index.php\/wp-json\/wp\/v2\/comments?post=41567"}],"wp:featuredmedia":[{"embeddable":true,"href":"https:\/\/www.appoloviracel.com.uy\/index.php\/wp-json\/wp\/v2\/media\/41568"}],"wp:attachment":[{"href":"https:\/\/www.appoloviracel.com.uy\/index.php\/wp-json\/wp\/v2\/media?parent=41567"}],"curies":[{"name":"wp","href":"https:\/\/api.w.org\/{rel}","templated":true}]}}