{"id":41539,"date":"2024-07-27T12:57:58","date_gmt":"2024-07-27T15:57:58","guid":{"rendered":"https:\/\/www.appoloviracel.com.uy\/?post_type=product&#038;p=41539"},"modified":"2024-08-10T18:58:27","modified_gmt":"2024-08-10T21:58:27","slug":"radio-punktal-pk-24-am-fm","status":"publish","type":"product","link":"https:\/\/www.appoloviracel.com.uy\/index.php\/product\/radio-punktal-pk-24-am-fm\/","title":{"rendered":"Radio Punktal \u00abPK-24\u00bb (AM-FM)"},"content":{"rendered":"<h2>Caracter\u00edsticas y especificaciones:<\/h2>\n<p>Con la sintonizaci\u00f3n AM\/FM de la Radio Port\u00e1til PUNKTAL PK-24, tienes acceso a una amplia variedad de emisoras de radio, lo que te permite encontrar f\u00e1cilmente tus programas y estaciones preferidas. Adem\u00e1s, su antena telesc\u00f3pica garantiza una recepci\u00f3n clara y n\u00edtida, incluso en \u00e1reas con se\u00f1al d\u00e9bil.<\/p>\n<h5><strong>Audio de Calidad en un Dispositivo Compacto<\/strong><\/h5>\n<p>A pesar de su tama\u00f1o compacto, la Radio Port\u00e1til PUNKTAL PK-24 ofrece un audio claro y potente gracias a su altavoz de 5,7 cm (2\u2033) de di\u00e1metro y una potencia de salida de 100mW. Ya sea que est\u00e9s escuchando m\u00fasica, noticias o deportes, disfrutar\u00e1s de una experiencia auditiva envolvente en todo momento.<\/p>\n<h5><strong>Conexiones Vers\u00e1tiles<\/strong><\/h5>\n<p>Adem\u00e1s de su excelente rendimiento, la Radio Port\u00e1til PUNKTAL PK-24 tambi\u00e9n ofrece convenientes opciones de conectividad. Con una entrada para auriculares, puedes disfrutar de tu m\u00fasica de forma privada sin molestar a los dem\u00e1s a tu alrededor.<\/p>\n<ul>\n<li>Tipo: Radio port\u00e1til a pilas<\/li>\n<li>Alimentaci\u00f3n: 2 pilas AA (no incluidas)<\/li>\n<li>Sintonizaci\u00f3n: AM\/FM<\/li>\n<li>Antena: Telesc\u00f3pica<\/li>\n<li>Altavoz: 5,7 cm (2\u2033) de di\u00e1metro<\/li>\n<li>Potencia de salida: 100mW<\/li>\n<li>Conexiones: Entrada para auriculares<\/li>\n<li><strong>Garant\u00eda:<\/strong> 6 meses contra defecto de fabricaci\u00f3n<\/li>\n<\/ul>\n<p>&nbsp;<\/p>\n<h5><strong>*Las im\u00e1genes son a modo ilustrativo.<\/strong><\/h5>\n","protected":false},"excerpt":{"rendered":"<h3><span style=\"color: #339966;\"><strong>$ 890<\/strong><\/span><\/h3>\n","protected":false},"featured_media":41540,"comment_status":"open","ping_status":"closed","template":"","meta":[],"_links":{"self":[{"href":"https:\/\/www.appoloviracel.com.uy\/index.php\/wp-json\/wp\/v2\/product\/41539"}],"collection":[{"href":"https:\/\/www.appoloviracel.com.uy\/index.php\/wp-json\/wp\/v2\/product"}],"about":[{"href":"https:\/\/www.appoloviracel.com.uy\/index.php\/wp-json\/wp\/v2\/types\/product"}],"replies":[{"embeddable":true,"href":"https:\/\/www.appoloviracel.com.uy\/index.php\/wp-json\/wp\/v2\/comments?post=41539"}],"wp:featuredmedia":[{"embeddable":true,"href":"https:\/\/www.appoloviracel.com.uy\/index.php\/wp-json\/wp\/v2\/media\/41540"}],"wp:attachment":[{"href":"https:\/\/www.appoloviracel.com.uy\/index.php\/wp-json\/wp\/v2\/media?parent=41539"}],"curies":[{"name":"wp","href":"https:\/\/api.w.org\/{rel}","templated":true}]}}