{"id":41530,"date":"2024-07-25T19:51:16","date_gmt":"2024-07-25T22:51:16","guid":{"rendered":"https:\/\/www.appoloviracel.com.uy\/?post_type=product&#038;p=41530"},"modified":"2024-08-09T23:37:21","modified_gmt":"2024-08-10T02:37:21","slug":"auricular-apple-earpods-usb-c-intrauditivo","status":"publish","type":"product","link":"https:\/\/www.appoloviracel.com.uy\/index.php\/product\/auricular-apple-earpods-usb-c-intrauditivo\/","title":{"rendered":"Auricular Apple \u00abEarPods USB-C\u00bb (Intrauditivo)"},"content":{"rendered":"<h2>Caracter\u00edsticas y especificaciones:<\/h2>\n<ul>\n<li><strong>A diferencia de otros auriculares de intrauditivos, el dise\u00f1o de los EarPods se basa en la anatom\u00eda del o\u00eddo, por eso resultan m\u00e1s c\u00f3modos que cualquier otro auricular de este tipo.<\/strong><\/li>\n<li><strong>Los altavoces de su interior aumentan la potencia ac\u00fastica para ofrecerte un sonido de calidad extraordinaria.<\/strong><\/li>\n<li><strong>Los EarPods con USB-C tambi\u00e9n incluyen un mando integrado en el cable para ajustar el volumen, controlar la reproducci\u00f3n de m\u00fasica y v\u00eddeo, y responder o colgar llamadas con solo pulsarlo.<\/strong><strong>\u00a0<\/strong><\/li>\n<li><strong>Dise\u00f1ados por Apple<\/strong><\/li>\n<li><strong>Graves profundos y definidos<\/strong><\/li>\n<li><strong>Protecci\u00f3n frente al agua y al sudor<\/strong><\/li>\n<li><strong>Controla la reproducci\u00f3n de m\u00fasica y v\u00eddeo<\/strong><\/li>\n<li><strong>Responde y cuelga llamadas<\/strong><strong><br \/>\n<\/strong><\/li>\n<\/ul>\n<h5><\/h5>\n<h5><strong>*Las im\u00e1genes son a modo ilustrativo.<\/strong><\/h5>\n","protected":false},"excerpt":{"rendered":"<h3><span style=\"color: #339966;\"><strong>$ 1.690<\/strong><\/span><\/h3>\n","protected":false},"featured_media":41531,"comment_status":"open","ping_status":"closed","template":"","meta":[],"_links":{"self":[{"href":"https:\/\/www.appoloviracel.com.uy\/index.php\/wp-json\/wp\/v2\/product\/41530"}],"collection":[{"href":"https:\/\/www.appoloviracel.com.uy\/index.php\/wp-json\/wp\/v2\/product"}],"about":[{"href":"https:\/\/www.appoloviracel.com.uy\/index.php\/wp-json\/wp\/v2\/types\/product"}],"replies":[{"embeddable":true,"href":"https:\/\/www.appoloviracel.com.uy\/index.php\/wp-json\/wp\/v2\/comments?post=41530"}],"wp:featuredmedia":[{"embeddable":true,"href":"https:\/\/www.appoloviracel.com.uy\/index.php\/wp-json\/wp\/v2\/media\/41531"}],"wp:attachment":[{"href":"https:\/\/www.appoloviracel.com.uy\/index.php\/wp-json\/wp\/v2\/media?parent=41530"}],"curies":[{"name":"wp","href":"https:\/\/api.w.org\/{rel}","templated":true}]}}