{"id":4153,"date":"2021-02-25T23:45:04","date_gmt":"2021-02-26T02:45:04","guid":{"rendered":"https:\/\/www.appoloviracel.com.uy\/?post_type=product&#038;p=4153"},"modified":"2021-03-29T22:58:20","modified_gmt":"2021-03-30T01:58:20","slug":"gorsun-c10-manos-libres-stereo","status":"publish","type":"product","link":"https:\/\/www.appoloviracel.com.uy\/index.php\/product\/gorsun-c10-manos-libres-stereo\/","title":{"rendered":"Auricular Gorsun \u00abC10\u00bb (Manos Libres-St\u00e9reo-Intrauditivo)"},"content":{"rendered":"<h4>Caracter\u00edsticas y especificaciones:<\/h4>\n<ul>\n<li>\u2605 Aislamiento de ruido y sonido est\u00e9reo 3D: auriculares de calidad de sonido premium para la mejor experiencia de escucha y un rendimiento de graves pesados de alta fidelidad. Aislamiento de ruido activo: los auriculares Android con micr\u00f3fono mejoran la experiencia de m\u00fasica o la paz de otros ruidos fuertes, ideales para lugares de trabajo ocupados, transporte p\u00fablico y vuelos internacionales. Los auriculares son perfectos para los usuarios de Apple iOS y Android que exigen una calidad de sonido premium.<\/li>\n<li>\u2605 Dise\u00f1o ergon\u00f3mico para m\u00e1xima comodidad y ajuste\u2605: cable ultra reforzado y un acabado de aluminio de lujo de auriculares para un rendimiento robusto. Nuestros auriculares de aleaci\u00f3n de aluminio ligero est\u00e1n dise\u00f1ados ergon\u00f3micamente con \u00e1ngulos oblicuos que combinan con tus canales auditivos para que puedas disfrutar de tu m\u00fasica con total comodidad. 3 pares de almohadillas ergon\u00f3micas y c\u00f3modas para un mejor ajuste (tapones para los o\u00eddos alternativos, peque\u00f1os, medianos y grandes). Los peque\u00f1os tapones para los o\u00eddos son adecuados para que los ni\u00f1os se mantengan c\u00f3modos.<\/li>\n<li>\u2605 Ajuste de volumen y pista \u2605: 3 botones en l\u00ednea de auriculares Ultraudifonos para una reproducci\u00f3n de audio completa incluye ajuste de volumen, conveniente para controlar la canci\u00f3n siguiente\/anterior, reproducir\/pausar m\u00fasica, contestar\/finalizar llamadas. Micr\u00f3fono integrado y control remoto: los auriculares HiFi con micr\u00f3fono te permiten disfrutar de llamadas con manos libres en todas partes.<\/li>\n<li>\u2605 Buena compatibilidad con productos\u2605: los auriculares TENLUBEN para Android funcionan con dispositivo jack de 0.138\u00a0in y son compatibles con Samsung S7\/S7 Edge\/S8\/S8 Plus\/Note, iPhone SE\/6\/6S\/6 Plus\/6S Plus\/5\/5C\/5S, iPad Mini, iPad Air, iPod, Huawei, reproductor de MP3\/MP4, tel\u00e9fonos m\u00f3viles, reproductor de m\u00fasica port\u00e1til. No tienes que preocuparte de que una bater\u00eda voluminosa o recarga te ralentizar\u00e1, simplemente enchufa y listo. Consejo importante: cuando es compatible con iPhone 7 Plus. Necesita estar equipado con adaptador antes de que se puedan utilizar.<\/li>\n<li>\u2605 Tres opciones de color y paquete completo\u2605: auriculares de metal para deportes y ejercicio con un cable trenzado sin enredos de 3.3\u00a0ft que proporciona la flexibilidad y comodidad necesaria para un d\u00eda activo. Tres opciones de color con cables a juego. Encontrar\u00e1s el reproductor de MP3 port\u00e1til de Ultraudifonos que mejor coincide con el atuendo del d\u00eda que expresa tu individualidad mientras disfrutas de tu m\u00fasica favorita.<\/li>\n<\/ul>\n<p>&nbsp;<\/p>\n<h5><strong>*Las im\u00e1genes son a modo ilustrativo.<\/strong><\/h5>\n","protected":false},"excerpt":{"rendered":"<h3><span style=\"color: #339966;\"><strong>$ 320<\/strong><\/span><\/h3>\n","protected":false},"featured_media":4154,"comment_status":"open","ping_status":"closed","template":"","meta":[],"_links":{"self":[{"href":"https:\/\/www.appoloviracel.com.uy\/index.php\/wp-json\/wp\/v2\/product\/4153"}],"collection":[{"href":"https:\/\/www.appoloviracel.com.uy\/index.php\/wp-json\/wp\/v2\/product"}],"about":[{"href":"https:\/\/www.appoloviracel.com.uy\/index.php\/wp-json\/wp\/v2\/types\/product"}],"replies":[{"embeddable":true,"href":"https:\/\/www.appoloviracel.com.uy\/index.php\/wp-json\/wp\/v2\/comments?post=4153"}],"wp:featuredmedia":[{"embeddable":true,"href":"https:\/\/www.appoloviracel.com.uy\/index.php\/wp-json\/wp\/v2\/media\/4154"}],"wp:attachment":[{"href":"https:\/\/www.appoloviracel.com.uy\/index.php\/wp-json\/wp\/v2\/media?parent=4153"}],"curies":[{"name":"wp","href":"https:\/\/api.w.org\/{rel}","templated":true}]}}