{"id":41508,"date":"2024-07-17T10:28:54","date_gmt":"2024-07-17T13:28:54","guid":{"rendered":"https:\/\/www.appoloviracel.com.uy\/?post_type=product&#038;p=41508"},"modified":"2024-08-08T20:02:33","modified_gmt":"2024-08-08T23:02:33","slug":"smartwatch-xiaomi-mibro-lite-xpaw004","status":"publish","type":"product","link":"https:\/\/www.appoloviracel.com.uy\/index.php\/product\/smartwatch-xiaomi-mibro-lite-xpaw004\/","title":{"rendered":"Smartwatch Xiaomi \u00abMibro Lite XPAW004\u00bb"},"content":{"rendered":"<h2>Caracter\u00edsticas y especificaciones:<\/h2>\n<p>MiBro Lite, reloj inteligente econ\u00f3mico con pantalla HD AMOLED y registro de los niveles de estr\u00e9s<\/p>\n<p>Pantalla HD AMOLED de 1.3 &#8211; Resoluci\u00f3n 360 x 360 p &#8211; Alerta de llamadas, mensajes y notificaciones &#8211; Resistencia al agua IP68 &#8211; Sensor de Ritmo Card\u00edaco 24\/7 &#8211; Monitor del sue\u00f1o &#8211; Nivel SpO2 &#8211; Seguimiento de la actividad diaria &#8211; 14 modos deportivos<\/p>\n<p>MiBro Lite, el verdadero reflejo de tu fuerza. La submarca de Xiaomi da forma a una renovaci\u00f3n del apreciado MiBro Air Watch a trav\u00e9s de la edici\u00f3n Lite, que llega ahora con diversas mejoras, como su pantalla HD de tipo AMOLED.<\/p>\n<ul>\n<li><strong>Modelo del Producto XPAW004<\/strong><\/li>\n<li><strong>Conexi\u00f3n Bluetooth 5.0<\/strong><\/li>\n<li><strong>Cuerpo material: Metal + Pl\u00e1stico <\/strong><\/li>\n<li><strong>Material de la correa: silicona<\/strong><\/li>\n<li><strong>Capacidad de la bater\u00eda 230mAh<\/strong><\/li>\n<li><strong>M\u00e9todo de carga: puerto de carga magn\u00e9tico para dedal<\/strong><\/li>\n<li><strong>Duraci\u00f3n de la bater\u00eda Modalidad diaria: 10 d\u00edas<\/strong><\/li>\n<li><strong>Grado de resistencia al agua IP68<\/strong><\/li>\n<li><strong>Botones: 1<\/strong><\/li>\n<li><strong>Idiomas: 18 idiomas<\/strong><\/li>\n<li><strong>Modo deportivo: 15 modos<\/strong><\/li>\n<li><strong>Pantalla t\u00e1ctil Amoled de 1,3&#8243;<\/strong><\/li>\n<li><strong>Resoluci\u00f3n de pantalla 360*360<\/strong><\/li>\n<li><strong>Tama\u00f1o del producto 43*9.9 mm <\/strong><\/li>\n<li><strong>Peso del Producto 48 g (incluida la correa)<\/strong><\/li>\n<li><strong>Garant\u00eda<\/strong>: 6 meses contra defecto de fabricaci\u00f3n<\/li>\n<\/ul>\n<h4><\/h4>\n<h4><span style=\"color: #ff0000;\"><strong>* La garant\u00eda no cubre falla que se pueda dar por un uso intensivo.<\/strong><\/span><\/h4>\n<h5><strong>\u00a0*Las im\u00e1genes son a modo ilustrativo.<\/strong><\/h5>\n","protected":false},"excerpt":{"rendered":"<h3><span style=\"color: #339966;\"><strong>$ 2.390<\/strong><\/span><\/h3>\n","protected":false},"featured_media":41509,"comment_status":"open","ping_status":"closed","template":"","meta":[],"_links":{"self":[{"href":"https:\/\/www.appoloviracel.com.uy\/index.php\/wp-json\/wp\/v2\/product\/41508"}],"collection":[{"href":"https:\/\/www.appoloviracel.com.uy\/index.php\/wp-json\/wp\/v2\/product"}],"about":[{"href":"https:\/\/www.appoloviracel.com.uy\/index.php\/wp-json\/wp\/v2\/types\/product"}],"replies":[{"embeddable":true,"href":"https:\/\/www.appoloviracel.com.uy\/index.php\/wp-json\/wp\/v2\/comments?post=41508"}],"wp:featuredmedia":[{"embeddable":true,"href":"https:\/\/www.appoloviracel.com.uy\/index.php\/wp-json\/wp\/v2\/media\/41509"}],"wp:attachment":[{"href":"https:\/\/www.appoloviracel.com.uy\/index.php\/wp-json\/wp\/v2\/media?parent=41508"}],"curies":[{"name":"wp","href":"https:\/\/api.w.org\/{rel}","templated":true}]}}