{"id":41487,"date":"2024-07-09T20:11:38","date_gmt":"2024-07-09T23:11:38","guid":{"rendered":"https:\/\/www.appoloviracel.com.uy\/?post_type=product&#038;p=41487"},"modified":"2024-08-07T19:24:21","modified_gmt":"2024-08-07T22:24:21","slug":"parlante-edifier-r1380db-en-marron-y-negro-bluetooth","status":"publish","type":"product","link":"https:\/\/www.appoloviracel.com.uy\/index.php\/product\/parlante-edifier-r1380db-en-marron-y-negro-bluetooth\/","title":{"rendered":"Parlante Edifier \u00abR1380DB\u00bb en marr\u00f3n y negro (Bluetooth)"},"content":{"rendered":"<h2>Caracter\u00edsticas y especificaciones:<\/h2>\n<h5>Edifier R1380DB, un estilo \u00fanico<\/h5>\n<ul>\n<li>Los Edifier R1380DB se sit\u00faan en la gama de entrada de altavoces activos Edifier con su buena respuesta sonora determinada por un amplificador de clase D y una potencia de salida de 42W RMS.<\/li>\n<li>Integra conexi\u00f3n Bluetooth V5.1 y tecnolog\u00eda aptX de Qualcomm, para garantizar una conectividad libre de cables pero tambi\u00e9n de interferencias.<\/li>\n<li>Su recinto de madera minimiza la resonancia ac\u00fastica y ofrece un aspecto cuidad y elegante, con el resultado de un estilo \u00fanico.<\/li>\n<\/ul>\n<h5><\/h5>\n<h5>Un tweeter potente<\/h5>\n<ul>\n<li>El R1380DB de Edifier utiliza el chip de decodificador digital TI PCM9211 para asegurar una entrega de audio precisa.<\/li>\n<li>Su tweeter incorporado de 25mm se combina con el resto de sus componentes, dando lugar a unos altavoces compactos en tama\u00f1o pero gigantes en sonido.<\/li>\n<\/ul>\n<h5><\/h5>\n<h5>Bluetooth V5.1 y aptX<\/h5>\n<ul>\n<li>En su apartado bluetooth, el Edifier R1380DB incorpora la versi\u00f3n 5.1 junto a aptX.<\/li>\n<li>Esto permite una transmisi\u00f3n del sonido con m\u00e1xima calidad y calidad, y una reducci\u00f3n muy notable de la latencia mientras visualizamos contenido en v\u00eddeo, logrando as\u00ed una sincronizaci\u00f3n casi perfecta.<\/li>\n<\/ul>\n<h5><\/h5>\n<h5>Conectividad vers\u00e1til<\/h5>\n<ul>\n<li>Estos altavoces activos se pueden combinar con otros dispositivos dom\u00e9sticos como el PC, un reproductor Hi-Res, un giradiscos e incluso la TV.<\/li>\n<li>Esto es posible gracias a la integraci\u00f3n de conexiones digitales como \u00f3ptica, coaxial, entrada de l\u00ednea y la ya mencionada Bluetooth 5.1.<\/li>\n<\/ul>\n<h5><\/h5>\n<h5>Panel lateral y dise\u00f1o especial<\/h5>\n<ul>\n<li>En su parte lateral se alojan los controles del altavoz, a trav\u00e9s de los cuales se pueden ejecutar funciones como subir y bajar volumen, selecci\u00f3n de entrada o ecualizaci\u00f3n personalizada.<\/li>\n<li>Envuelto en un recinto de madera, los R1380DB siguen la estela de una est\u00e9tica cuidada y elegante, para adaptarse a cualquier espacio.<\/li>\n<\/ul>\n<p>&nbsp;<\/p>\n<ul>\n<li>Tweeter de 1 pulgada (25 mm) y controlador de medios graves de 4 pulgadas (116 mm)<\/li>\n<li>Amplificador clase D con potencia de salida total de 42 W RMS (2 x 21W)<\/li>\n<li>Altavoz + tweeter de 25 mm<\/li>\n<li>Conexi\u00f3n Bluetooth V5.1<\/li>\n<li>Chip decodificador digital TI PCM9211 para un procesamiento de audio preciso<\/li>\n<li>Sistema de altavoces 2.0<\/li>\n<li>Respuesta en frecuencia: 55 Hz \u2013 20 kHz<\/li>\n<li>Bluetooth 5.1<\/li>\n<li>Entradas de audio RCA (AUX y PC), \u00f3pticas y coaxiales<\/li>\n<li>Controles del panel lateral y control remoto para una f\u00e1cil operaci\u00f3n<\/li>\n<\/ul>\n<h5><\/h5>\n<h5><strong>*Las im\u00e1genes son a modo ilustrativo.<\/strong><\/h5>\n","protected":false},"excerpt":{"rendered":"<h3><span style=\"color: #339966;\"><strong>$ 8.250<\/strong><\/span><\/h3>\n","protected":false},"featured_media":41488,"comment_status":"open","ping_status":"closed","template":"","meta":[],"_links":{"self":[{"href":"https:\/\/www.appoloviracel.com.uy\/index.php\/wp-json\/wp\/v2\/product\/41487"}],"collection":[{"href":"https:\/\/www.appoloviracel.com.uy\/index.php\/wp-json\/wp\/v2\/product"}],"about":[{"href":"https:\/\/www.appoloviracel.com.uy\/index.php\/wp-json\/wp\/v2\/types\/product"}],"replies":[{"embeddable":true,"href":"https:\/\/www.appoloviracel.com.uy\/index.php\/wp-json\/wp\/v2\/comments?post=41487"}],"wp:featuredmedia":[{"embeddable":true,"href":"https:\/\/www.appoloviracel.com.uy\/index.php\/wp-json\/wp\/v2\/media\/41488"}],"wp:attachment":[{"href":"https:\/\/www.appoloviracel.com.uy\/index.php\/wp-json\/wp\/v2\/media?parent=41487"}],"curies":[{"name":"wp","href":"https:\/\/api.w.org\/{rel}","templated":true}]}}