{"id":41469,"date":"2024-07-06T14:47:55","date_gmt":"2024-07-06T17:47:55","guid":{"rendered":"https:\/\/www.appoloviracel.com.uy\/?post_type=product&#038;p=41469"},"modified":"2025-03-22T10:05:47","modified_gmt":"2025-03-22T13:05:47","slug":"celular-samsung-galaxy-s24-ultra-512gb-12gb","status":"publish","type":"product","link":"https:\/\/www.appoloviracel.com.uy\/index.php\/product\/celular-samsung-galaxy-s24-ultra-512gb-12gb\/","title":{"rendered":"Celular Samsung \u00abGalaxy s24 Ultra\u00bb  (512Gb-12Gb)"},"content":{"rendered":"<h2>Caracter\u00edsticas y especificaciones:<\/h2>\n<p>El Samsung Galaxy S24 Ultra pasa a ser el smartphone m\u00e1s poderoso de Samsung, por primera vez con chasis de titanio. En cuanto a sus caracter\u00edsticas, cuenta con una pantalla AMOLED de 6.8 pulgadas a resoluci\u00f3n QHD+ y tasa de refresco de 120Hz, protegida por Gorilla Glass Armor. La c\u00e1mara posterior tiene un sensor principal de 200MP, una c\u00e1mara telefoto perisc\u00f3pica de 50MP con zoom \u00f3ptico 5x, otra c\u00e1mara telefoto de 10MP con zoom 3x, y una c\u00e1mara ultrawide de 12MP con autofoco, siendo la c\u00e1mara selfie de 12MP, tambi\u00e9n con foco autom\u00e1tico. Por dentro, encontramos un procesador Snapdragon 8 Gen 3 for Galaxy, acompa\u00f1ado de 12GB de RAM con hasta 512GB de almacenamiento, y una bater\u00eda de 5000 mAh que puede cargar a 45W de potencia por cable y15W en forma inal\u00e1mbrica, completando sus caracter\u00edsticas con parlantes est\u00e9reo, lector de huellas bajo pantalla, stylus S Pen, llamadas satelitales de emergencia, resistencia al agua IP68 y Android 14 con siete a\u00f1os de actualizaciones.<\/p>\n<ul>\n<li>Memoria: RAM12 GB<\/li>\n<li>Resoluci\u00f3n de pantalla: 1440 * 3088 p\u00edxeles<\/li>\n<li>Tipo de procesador: Qualcomm SM8650-AC Snapdragon 8 Gen 3 (4 nm)<\/li>\n<li>Sistema operativo: Android<\/li>\n<li>Tama\u00f1o de pantalla 6.7&#8243; pulgadas<\/li>\n<li>Resoluci\u00f3n c\u00e1mara: Cu\u00e1druple, 200 MP (f\/1.7, PDAF multidireccional, l\u00e1ser AF, OIS, wide) + 10 MP (f\/2.4, OIS, PDAF dual pixel, telefoto) + 50 MP (f\/3.4, OIS, PDAF, telefoto perisc\u00f3pico) + 12 MP (f\/2.2, PDAF dual pixel, ultrawide, video Super Steady)<\/li>\n<li>Capacidad de bater\u00eda: 5000 mAh<\/li>\n<li>Puerto USB: Type-C 3.2<\/li>\n<li>Tasa de Refresco: 120 HZ<\/li>\n<li>Peso: 232grs.<\/li>\n<li>Modelo: S24 Ultra<\/li>\n<li>Dimensiones: Alto 16.23 * Ancho 7.9 * Profundidad 0.86 cm aprox.<\/li>\n<li>Conectividad: Bluetooth, WiFi y 5G<\/li>\n<li>Materiales: Pl\u00e1stico, Metal, Cristal<\/li>\n<li>Fuente de energ\u00eda: Bater\u00eda recargable<\/li>\n<li>Se incluyen los siguientes accesorios: <strong>Cargador y Manual<\/strong><\/li>\n<li><strong>Garant\u00eda:<\/strong> 12 meses contra defecto de fabricaci\u00f3n<\/li>\n<\/ul>\n<h4><\/h4>\n<h4><span style=\"color: #ff0000;\"><strong>Contado efectivo: 10% de Descuento<\/strong><\/span><\/h4>\n<h5><strong>*Las im\u00e1genes son a modo ilustrativo.<\/strong><\/h5>\n","protected":false},"excerpt":{"rendered":"<h3><span style=\"color: #339966;\"><strong>U$S 1.550<\/strong><\/span><\/h3>\n","protected":false},"featured_media":41470,"comment_status":"open","ping_status":"closed","template":"","meta":[],"_links":{"self":[{"href":"https:\/\/www.appoloviracel.com.uy\/index.php\/wp-json\/wp\/v2\/product\/41469"}],"collection":[{"href":"https:\/\/www.appoloviracel.com.uy\/index.php\/wp-json\/wp\/v2\/product"}],"about":[{"href":"https:\/\/www.appoloviracel.com.uy\/index.php\/wp-json\/wp\/v2\/types\/product"}],"replies":[{"embeddable":true,"href":"https:\/\/www.appoloviracel.com.uy\/index.php\/wp-json\/wp\/v2\/comments?post=41469"}],"wp:featuredmedia":[{"embeddable":true,"href":"https:\/\/www.appoloviracel.com.uy\/index.php\/wp-json\/wp\/v2\/media\/41470"}],"wp:attachment":[{"href":"https:\/\/www.appoloviracel.com.uy\/index.php\/wp-json\/wp\/v2\/media?parent=41469"}],"curies":[{"name":"wp","href":"https:\/\/api.w.org\/{rel}","templated":true}]}}