{"id":41458,"date":"2024-07-05T12:30:40","date_gmt":"2024-07-05T15:30:40","guid":{"rendered":"https:\/\/www.appoloviracel.com.uy\/?post_type=product&#038;p=41458"},"modified":"2024-08-05T19:24:01","modified_gmt":"2024-08-05T22:24:01","slug":"smartwatch-xiaomi-imilab-w12","status":"publish","type":"product","link":"https:\/\/www.appoloviracel.com.uy\/index.php\/product\/smartwatch-xiaomi-imilab-w12\/","title":{"rendered":"Smartwatch Xiaomi \u00abImilab W12\u00bb"},"content":{"rendered":"<h2>Caracter\u00edsticas y especificaciones:<\/h2>\n<p>El reloj inteligente IMILAB W12 es un dispositivo que ayudar\u00e1 en la vida cotidiana. Es uno de los relojes inteligentes vers\u00e1tiles que ofrece un dise\u00f1o atractivo y fetiche con un factor de forma m\u00e1s delgado y liviano. Puede cambiar f\u00e1cilmente los diales para adaptarlos a su estilo y estado de \u00e1nimo. Viene con una pantalla TFT 3D HD de 1,32 pulgadas que realmente se destaca entre la multitud. Tiene la resoluci\u00f3n de pantalla universal de 360 x 360 p\u00edxeles que podemos encontrar en algunos otros relojes inteligentes. Tiene una carcasa de metal de aleaci\u00f3n de zinc 10,8 mm m\u00e1s delgada que se siente resistente para el uso diario. Tiene 260 mm x 22 mm x 11 mm de factor de forma que pesa 57 gramos. IMILAB W12 tiene una bater\u00eda incorporada de 340 mAh, lo que significa que puedes usarla durante mucho tiempo sin recargar. El reloj tambi\u00e9n ayudar\u00e1 a controlar su salud. Hagas lo que hagas durante el d\u00eda, Xiaomi iMi W12 siempre controlar\u00e1 su bienestar y rastrear\u00e1 incluso las peque\u00f1as desviaciones de la norma. El reloj puede controlar su condici\u00f3n card\u00edaca durante todo el d\u00eda y, por lo tanto, ayudar a controlar su sistema cardiovascular.<\/p>\n<ul>\n<li><strong>Monitor 1.32 HD (360 * 360) con panel t\u00e1ctil TFT y vidrio curvo 3D<\/strong><\/li>\n<li><strong>Capacidad de la bater\u00eda: 340 mAh<\/strong><\/li>\n<li><strong>Duraci\u00f3n de la bater\u00eda: Hasta 30 d\u00edas<\/strong><\/li>\n<li><strong>Carga: Magn\u00e9tica<\/strong><\/li>\n<li><strong>Conectividad Bluetooth: 5.0<\/strong><\/li>\n<li><strong>Material Caja de metal de aleaci\u00f3n de zinc 10,8 mm m\u00e1s delgada<\/strong><\/li>\n<li><strong>Caracter\u00edsticas especiales<\/strong><\/li>\n<li><strong>Monitor de ox\u00edgeno en sangre monitor de frecuencia card\u00edaca las 24 horas<\/strong><\/li>\n<li><strong>13 modos de deportes o actividad<\/strong><\/li>\n<li><strong>IP68 a prueba de agua ( NO NATACION ) salpicaduras<\/strong><\/li>\n<li><strong>Dimensi\u00f3n 260 mm * 22 mm * 11 mm<\/strong><\/li>\n<li><strong>Garant\u00eda: 6 meses contra defecto de fabricaci\u00f3n<\/strong><\/li>\n<\/ul>\n<h4><\/h4>\n<h4><span style=\"color: #ff0000;\"><strong>* La garant\u00eda no cubre falla que se pueda dar por un uso intensivo.<\/strong><\/span><\/h4>\n<h5><strong>*Las im\u00e1genes son a modo ilustrativo.<\/strong><\/h5>\n","protected":false},"excerpt":{"rendered":"<h3><span style=\"color: #339966;\"><strong>$ 2.790<\/strong><\/span><\/h3>\n","protected":false},"featured_media":41459,"comment_status":"open","ping_status":"closed","template":"","meta":[],"_links":{"self":[{"href":"https:\/\/www.appoloviracel.com.uy\/index.php\/wp-json\/wp\/v2\/product\/41458"}],"collection":[{"href":"https:\/\/www.appoloviracel.com.uy\/index.php\/wp-json\/wp\/v2\/product"}],"about":[{"href":"https:\/\/www.appoloviracel.com.uy\/index.php\/wp-json\/wp\/v2\/types\/product"}],"replies":[{"embeddable":true,"href":"https:\/\/www.appoloviracel.com.uy\/index.php\/wp-json\/wp\/v2\/comments?post=41458"}],"wp:featuredmedia":[{"embeddable":true,"href":"https:\/\/www.appoloviracel.com.uy\/index.php\/wp-json\/wp\/v2\/media\/41459"}],"wp:attachment":[{"href":"https:\/\/www.appoloviracel.com.uy\/index.php\/wp-json\/wp\/v2\/media?parent=41458"}],"curies":[{"name":"wp","href":"https:\/\/api.w.org\/{rel}","templated":true}]}}