{"id":41452,"date":"2024-07-04T19:53:08","date_gmt":"2024-07-04T22:53:08","guid":{"rendered":"https:\/\/www.appoloviracel.com.uy\/?post_type=product&#038;p=41452"},"modified":"2026-02-12T10:25:59","modified_gmt":"2026-02-12T13:25:59","slug":"smartwatch-xiaomi-mibro-whatch-a2","status":"publish","type":"product","link":"https:\/\/www.appoloviracel.com.uy\/index.php\/product\/smartwatch-xiaomi-mibro-whatch-a2\/","title":{"rendered":"Smartwatch Xiaomi \u00abMibro Whatch A2\u00bb"},"content":{"rendered":"<h2>Caracter\u00edsticas y especificaciones:<\/h2>\n<ul>\n<li>Experimenta la velocidad y eficiencia con la conexi\u00f3n BLE 5.3, manteni\u00e9ndote siempre conectado. El cuerpo de cemento metal + pl\u00e1stico ofrece durabilidad, mientras que la correa de gel de s\u00edlice y tejido garantiza comodidad y estilo.<\/li>\n<li>Equipado con una impresionante capacidad de 350mAh y m\u00e9todos de carga magn\u00e9tica, disfruta de hasta 50 d\u00edas en modo b\u00e1sico y 10 d\u00edas en modalidad diaria.<\/li>\n<li>Con resistencia al agua de 2 ATM, este smartwatch te acompa\u00f1a en cualquier aventura, ya sea en la lluvia o en tu entrenamiento acu\u00e1tico.<\/li>\n<li>Dos botones para una experiencia intuitiva, 70 modos deportivos para personalizar tus entrenamientos y llamadas Bluetooth para mayor conveniencia.<\/li>\n<li>La pantalla t\u00e1ctil HD de 1.39 pulgadas con una resoluci\u00f3n de 360*360 te brinda una experiencia visual n\u00edtida y envolvente.<\/li>\n<li>Transforma tu estilo de vida con un smartwatch que va m\u00e1s all\u00e1 de las expectativas. Experimenta la excelencia cada d\u00eda.<\/li>\n<\/ul>\n<p>&nbsp;<\/p>\n<ul>\n<li><strong>70 modos deportivos.<\/strong><\/li>\n<li><strong>Monitoreo de la frecuencia card\u00edaca.<\/strong><\/li>\n<li><strong>Medici\u00f3n de ox\u00edgeno en sangre.<\/strong><\/li>\n<li><strong>Monitoreo del sue\u00f1o.<\/strong><\/li>\n<li><strong>Monitoreo del estr\u00e9s.<\/strong><\/li>\n<li><strong>Alertas de salud.<\/strong><\/li>\n<li><strong>Varias esferas de reloj.<\/strong><\/li>\n<li><strong>Notificaciones y alarmas.<\/strong><\/li>\n<li><strong>Certificaci\u00f3n: 2 ATM.<\/strong><\/li>\n<li><strong>Pantalla: 1,39\u00bb, 360 * 360 p\u00edxeles.<\/strong><\/li>\n<li><strong>Conectividad: BLUETOOTH 5.3. LLAMADAS BLUETOOTH.<\/strong><\/li>\n<li><strong>Compatibilidad: ANDROID 5 o superior \/ IOS 10 o superior.<\/strong><\/li>\n<li><strong>Sensores: Aceler\u00f3metro, Frecuencia Card\u00edaca, Ox\u00edgeno en Sangre.<\/strong><\/li>\n<li><strong>Botones: 2.<\/strong><\/li>\n<li><strong>Lenguajes: 35.<\/strong><\/li>\n<li><strong>Materiales: METAL + PL\u00c1STICO (caja) \/ SILICONA (pulsera).<\/strong><\/li>\n<li><strong>Peso: 47 g APROX.<\/strong><\/li>\n<li><strong>Dimensiones de la Correa: 257 * 22 mm APROX.<\/strong><\/li>\n<li><strong>Bater\u00eda: 350 mAh.<\/strong><\/li>\n<li><strong>Tiempo de Uso: 50 d\u00edas APROX (en espera), 10 d\u00edas APROX (modo b\u00e1sico).<\/strong><\/li>\n<li><strong>Color: NEGRO.<\/strong><\/li>\n<li><strong>APP: Mibro Fit.<\/strong><\/li>\n<li><strong>Garant\u00eda<\/strong>: 6 meses contra defecto de fabricaci\u00f3n<\/li>\n<\/ul>\n<h4><\/h4>\n<h4><span style=\"color: #ff0000;\"><strong>* La garant\u00eda no cubre falla que se pueda dar por un uso intensivo.<\/strong><\/span><\/h4>\n<h5><strong>\u00a0*Las im\u00e1genes son a modo ilustrativo.<\/strong><\/h5>\n","protected":false},"excerpt":{"rendered":"<h3><span style=\"color: #339966;\"><strong>$ 2.150<\/strong><\/span><\/h3>\n","protected":false},"featured_media":41453,"comment_status":"open","ping_status":"closed","template":"","meta":[],"_links":{"self":[{"href":"https:\/\/www.appoloviracel.com.uy\/index.php\/wp-json\/wp\/v2\/product\/41452"}],"collection":[{"href":"https:\/\/www.appoloviracel.com.uy\/index.php\/wp-json\/wp\/v2\/product"}],"about":[{"href":"https:\/\/www.appoloviracel.com.uy\/index.php\/wp-json\/wp\/v2\/types\/product"}],"replies":[{"embeddable":true,"href":"https:\/\/www.appoloviracel.com.uy\/index.php\/wp-json\/wp\/v2\/comments?post=41452"}],"wp:featuredmedia":[{"embeddable":true,"href":"https:\/\/www.appoloviracel.com.uy\/index.php\/wp-json\/wp\/v2\/media\/41453"}],"wp:attachment":[{"href":"https:\/\/www.appoloviracel.com.uy\/index.php\/wp-json\/wp\/v2\/media?parent=41452"}],"curies":[{"name":"wp","href":"https:\/\/api.w.org\/{rel}","templated":true}]}}