{"id":41443,"date":"2024-07-03T18:30:06","date_gmt":"2024-07-03T21:30:06","guid":{"rendered":"https:\/\/www.appoloviracel.com.uy\/?post_type=product&#038;p=41443"},"modified":"2025-02-27T19:36:42","modified_gmt":"2025-02-27T22:36:42","slug":"smartwatch-xiaomi-mibro-whatch-t1","status":"publish","type":"product","link":"https:\/\/www.appoloviracel.com.uy\/index.php\/product\/smartwatch-xiaomi-mibro-whatch-t1\/","title":{"rendered":"Smartwatch Xiaomi \u00abMibro Whatch T1\u00bb"},"content":{"rendered":"<h2>Caracter\u00edsticas y especificaciones:<\/h2>\n<p>Llamadas y otras funciones ligadas al tel\u00e9fono. Vincular el Mibro Watch T1 a tu m\u00f3vil mediante Bluetooth te permitir\u00e1 realizar y responder llamadas desde el propio smartwatch, as\u00ed como recibir alertas de mensajes o notificaciones entrantes. Tambi\u00e9n podr\u00e1s sincronizar tus datos con la aplicaci\u00f3n Mibro Fit para observar gr\u00e1ficos detallados con la evoluci\u00f3n de tu forma f\u00edsica, e incluso controlar la reproducci\u00f3n de m\u00fasica y la c\u00e1mara del tel\u00e9fono.<\/p>\n<p>Destinado \u00fanicamente a fines de bienestar general y de forma f\u00edsica. No est\u00e1 previsto su uso para la detecci\u00f3n, el diagn\u00f3stico o el tratamiento de ninguna afecci\u00f3n m\u00e9dica o enfermedad. Las medidas son solo para referencia personal. Consulta con un profesional m\u00e9dico para obtener asesoramiento.<\/p>\n<ul>\n<li><strong>20 Modos deportivos.<\/strong><\/li>\n<li><strong>Monitoreo de la frecuencia card\u00edaca.<\/strong><\/li>\n<li><strong>Medici\u00f3n de ox\u00edgeno en la sangre.<\/strong><\/li>\n<li><strong>Monitoreo del sue\u00f1o.<\/strong><\/li>\n<li><strong>Alertas de salud.<\/strong><\/li>\n<li><strong>Varias esferas de reloj.<\/strong><\/li>\n<li><strong>Notificaciones y alarmas.<\/strong><\/li>\n<li><strong>Certificaci\u00f3n: 2 ATM.<\/strong><\/li>\n<li><strong>Pantalla: 1,6\u00bb AMOLED, 320 x 360 p\u00edxeles.<\/strong><\/li>\n<li><strong>Conectividad: BLUETOOTH 5.0. LLAMADAS BLUETOOTH.<\/strong><\/li>\n<li><strong>Compatibilidad: ANDROID 5 o superior \/ IOS 10 o superior.<\/strong><\/li>\n<li><strong>Sensores: Aceler\u00f3metro, Frecuencia Card\u00edaca, Ox\u00edgeno en Sangre.<\/strong><\/li>\n<li><strong>Botones: 1.<\/strong><\/li>\n<li><strong>Lenguajes: 15.<\/strong><\/li>\n<li><strong>Materiales: METAL (caja) \/ SILICONA (pulsera).<\/strong><\/li>\n<li><strong>Peso: 51 g APROX.<\/strong><\/li>\n<li><strong>Dimensiones de la Correa: 248 x 20 mm APROX.<\/strong><\/li>\n<li><strong>Bater\u00eda: 350 mAh.<\/strong><\/li>\n<li><strong>Tiempo de Uso: 45 d\u00edas APROX (en espera), 7 d\u00edas APROX (modo b\u00e1sico).<\/strong><\/li>\n<li><strong>Color: NEGRO (TARNISH).<\/strong><\/li>\n<li><strong>APP: Mibro Fit.<\/strong><\/li>\n<li><strong>Garant\u00eda<\/strong>: 6 meses contra defecto de fabricaci\u00f3n<\/li>\n<\/ul>\n<h4><strong>\u00a0<\/strong><\/h4>\n<h4><strong><span style=\"color: #ff0000;\">* La garant\u00eda no cubre falla que se pueda dar por un uso intensivo<\/span>.<\/strong><\/h4>\n<h5><strong>\u00a0*Las im\u00e1genes son a modo ilustrativo.<\/strong><\/h5>\n","protected":false},"excerpt":{"rendered":"<h3><span style=\"color: #339966;\"><strong>$ 1.890<\/strong><\/span><\/h3>\n","protected":false},"featured_media":41444,"comment_status":"open","ping_status":"closed","template":"","meta":[],"_links":{"self":[{"href":"https:\/\/www.appoloviracel.com.uy\/index.php\/wp-json\/wp\/v2\/product\/41443"}],"collection":[{"href":"https:\/\/www.appoloviracel.com.uy\/index.php\/wp-json\/wp\/v2\/product"}],"about":[{"href":"https:\/\/www.appoloviracel.com.uy\/index.php\/wp-json\/wp\/v2\/types\/product"}],"replies":[{"embeddable":true,"href":"https:\/\/www.appoloviracel.com.uy\/index.php\/wp-json\/wp\/v2\/comments?post=41443"}],"wp:featuredmedia":[{"embeddable":true,"href":"https:\/\/www.appoloviracel.com.uy\/index.php\/wp-json\/wp\/v2\/media\/41444"}],"wp:attachment":[{"href":"https:\/\/www.appoloviracel.com.uy\/index.php\/wp-json\/wp\/v2\/media?parent=41443"}],"curies":[{"name":"wp","href":"https:\/\/api.w.org\/{rel}","templated":true}]}}