{"id":41401,"date":"2024-06-13T20:36:15","date_gmt":"2024-06-13T23:36:15","guid":{"rendered":"https:\/\/www.appoloviracel.com.uy\/?post_type=product&#038;p=41401"},"modified":"2024-08-02T14:44:14","modified_gmt":"2024-08-02T17:44:14","slug":"celular-xiaomi-redmi-note11s-5g-128gb-6gb","status":"publish","type":"product","link":"https:\/\/www.appoloviracel.com.uy\/index.php\/product\/celular-xiaomi-redmi-note11s-5g-128gb-6gb\/","title":{"rendered":"Celular Xiaomi \u00abRedmi Note11s\u00bb 5G (128Gb-6Gb)"},"content":{"rendered":"<h2>Caracter\u00edsticas y especificaciones:<strong>\u00a0<\/strong><\/h2>\n<p>El <strong>Xiaomi Redmi Note 11S 5G<\/strong> es un smartphone Android con una pantalla Full HD+ de 6.6 pulgadas y refresco de 90Hz. Potenciado por un procesador Dimensity 810 de MediaTek, el Redmi Note 11S 5G cuenta con hasta 6GB de RAM y hasta 128GB de almacenamiento interno. La c\u00e1mara trasera del Redmi Note 11S 5G es triple con un sensor principal de 50MP, y la c\u00e1mara selfie es de 13MP. Una bater\u00eda de 5000 mAh de carga r\u00e1pida alimenta al smartphone, que completa sus especificaciones con parlantes est\u00e9reo, lector de huellas lateral, resistencia al polvo y agua IP53 y corre MIUI 13 basado en Android 11.<\/p>\n<ul>\n<li>Pantalla: 6.6&#8243;, 1080 * 2400 pixeles<\/li>\n<li>Procesador: Mediatek Dimensity 810 2.4GHz<\/li>\n<li>RAM: 6GB<\/li>\n<li>Almacenamiento: 128GB<\/li>\n<li>Expansi\u00f3n: microSD<\/li>\n<li>C\u00e1mara: Triple, 50MP+8MP+2MP<\/li>\n<li>Bater\u00eda: 5000 mAh<\/li>\n<li>OS: Android 11<\/li>\n<li>Perfil: 8.8 mm<\/li>\n<li>Peso: 195 grs.<\/li>\n<li>Se incluyen los siguientes accesorios: <strong>Cargador y Manual<\/strong><\/li>\n<li><strong>Garant\u00eda:<\/strong> 12 meses contra defecto de fabricaci\u00f3n<\/li>\n<\/ul>\n<h4><\/h4>\n<h4><span style=\"color: #ff0000;\"><strong>Contado efectivo: 10% de Descuento<\/strong><\/span><\/h4>\n<h5><strong>*Las im\u00e1genes son a modo ilustrativo.<\/strong><\/h5>\n","protected":false},"excerpt":{"rendered":"<h3><span style=\"color: #339966;\"><strong>U$S 210<\/strong><\/span><\/h3>\n","protected":false},"featured_media":41402,"comment_status":"open","ping_status":"closed","template":"","meta":[],"_links":{"self":[{"href":"https:\/\/www.appoloviracel.com.uy\/index.php\/wp-json\/wp\/v2\/product\/41401"}],"collection":[{"href":"https:\/\/www.appoloviracel.com.uy\/index.php\/wp-json\/wp\/v2\/product"}],"about":[{"href":"https:\/\/www.appoloviracel.com.uy\/index.php\/wp-json\/wp\/v2\/types\/product"}],"replies":[{"embeddable":true,"href":"https:\/\/www.appoloviracel.com.uy\/index.php\/wp-json\/wp\/v2\/comments?post=41401"}],"wp:featuredmedia":[{"embeddable":true,"href":"https:\/\/www.appoloviracel.com.uy\/index.php\/wp-json\/wp\/v2\/media\/41402"}],"wp:attachment":[{"href":"https:\/\/www.appoloviracel.com.uy\/index.php\/wp-json\/wp\/v2\/media?parent=41401"}],"curies":[{"name":"wp","href":"https:\/\/api.w.org\/{rel}","templated":true}]}}