{"id":41394,"date":"2024-06-12T18:29:31","date_gmt":"2024-06-12T21:29:31","guid":{"rendered":"https:\/\/www.appoloviracel.com.uy\/?post_type=product&#038;p=41394"},"modified":"2025-06-09T10:21:14","modified_gmt":"2025-06-09T13:21:14","slug":"celular-xiaomi-redmi-13-256gb-8gb","status":"publish","type":"product","link":"https:\/\/www.appoloviracel.com.uy\/index.php\/product\/celular-xiaomi-redmi-13-256gb-8gb\/","title":{"rendered":"Celular Xiaomi \u00abRedmi 13\u00bb (256Gb-8Gb)"},"content":{"rendered":"<h2>Caracter\u00edsticas y especificaciones:<strong>\u00a0<\/strong><\/h2>\n<h4><span style=\"color: #ff0000;\"><strong>Apto para LTE de todas las compa\u00f1\u00edas.<\/strong><\/span><\/h4>\n<p>La serie Redmi de Xiaomi acaba de recibir un nuevo integrante en su cat\u00e1logo: el <strong>Redmi 13 4G<\/strong>, un smartphone que resulta perfecto para aquellos usuarios que buscan un dispositivo que <strong>cumpla en el d\u00eda a d\u00eda y tenga un coste econ\u00f3mico<\/strong>. A continuaci\u00f3n, vamos a descubrir los precios y principales especificaciones de este dispositivo, que destaca por las <strong>mejoras en c\u00e1mara, procesador y bater\u00eda<\/strong> que ha incluido respecto a la generaci\u00f3n anterior.<\/p>\n<p>En t\u00e9rminos de fotograf\u00eda, el Xiaomi Redmi 13 4G posee una <strong>c\u00e1mara selfie de 13 MP<\/strong> integrada en la parte superior del bisel, que ha sumado cinco megap\u00edxeles respecto a su antecesor. En la parte trasera, adem\u00e1s de un <strong>dise\u00f1o renovado con trasera de cristal<\/strong>, nos encontramos una de las principales novedades de este smartphone: un m\u00f3dulo de doble c\u00e1mara protagonizado por una <strong>lente principal de 108 MP<\/strong>, que va acompa\u00f1ado de un <strong>sensor de profundidad de 2 MP<\/strong>.<\/p>\n<ul>\n<li>Pantalla: 6.67&#8243;, 1080 * 2400 pixels<\/li>\n<li>Procesador: Snapdragon 685 2.8GHz<\/li>\n<li>RAM: 8GB<\/li>\n<li>Almacenamiento: 256GB<\/li>\n<li>Expansi\u00f3n: microSD<\/li>\n<li>C\u00e1mara: Doble, 108MP+2MP<\/li>\n<li>Bater\u00eda: 5000 mAh<\/li>\n<li>OS: Android 13<\/li>\n<li>Perfil: 8 mm<\/li>\n<li>Peso: 189 grs.<\/li>\n<li>Se incluyen los siguientes accesorios: <strong>Cargador y Manual<\/strong><\/li>\n<li><strong>Garant\u00eda:<\/strong> 12 meses contra defecto de fabricaci\u00f3n<\/li>\n<\/ul>\n<p>&nbsp;<\/p>\n<h4><span style=\"color: #ff0000;\"><strong>Contado efectivo: 10% de Descuento<\/strong><\/span><\/h4>\n<h5><strong>*Las im\u00e1genes son a modo ilustrativo.<\/strong><\/h5>\n","protected":false},"excerpt":{"rendered":"<h3><strong><span style=\"font-family: 'Cambria','serif'; color: green;\">U$S 200<\/span><\/strong><\/h3>\n","protected":false},"featured_media":41395,"comment_status":"open","ping_status":"closed","template":"","meta":[],"_links":{"self":[{"href":"https:\/\/www.appoloviracel.com.uy\/index.php\/wp-json\/wp\/v2\/product\/41394"}],"collection":[{"href":"https:\/\/www.appoloviracel.com.uy\/index.php\/wp-json\/wp\/v2\/product"}],"about":[{"href":"https:\/\/www.appoloviracel.com.uy\/index.php\/wp-json\/wp\/v2\/types\/product"}],"replies":[{"embeddable":true,"href":"https:\/\/www.appoloviracel.com.uy\/index.php\/wp-json\/wp\/v2\/comments?post=41394"}],"wp:featuredmedia":[{"embeddable":true,"href":"https:\/\/www.appoloviracel.com.uy\/index.php\/wp-json\/wp\/v2\/media\/41395"}],"wp:attachment":[{"href":"https:\/\/www.appoloviracel.com.uy\/index.php\/wp-json\/wp\/v2\/media?parent=41394"}],"curies":[{"name":"wp","href":"https:\/\/api.w.org\/{rel}","templated":true}]}}