{"id":41378,"date":"2024-06-09T20:55:23","date_gmt":"2024-06-09T23:55:23","guid":{"rendered":"https:\/\/www.appoloviracel.com.uy\/?post_type=product&#038;p=41378"},"modified":"2024-07-26T16:47:52","modified_gmt":"2024-07-26T19:47:52","slug":"smartwatch-xiaomi-mibro-whatch-gs","status":"publish","type":"product","link":"https:\/\/www.appoloviracel.com.uy\/index.php\/product\/smartwatch-xiaomi-mibro-whatch-gs\/","title":{"rendered":"Smartwatch Xiaomi \u00abMibro Whatch GS\u00bb"},"content":{"rendered":"<h2>Caracter\u00edsticas y especificaciones:<\/h2>\n<p>Reloj inteligente GS, pantalla t\u00e1ctil HD Amoled de 1.43 pulgadas, 5ATM, impermeable, rastreador de actividad f\u00edsica para tel\u00e9fonos Android iOS con monitor de sue\u00f1o SpO2 de frecuencia card\u00edaca<\/p>\n<ul>\n<li>Monitoreo de la frecuencia card\u00edaca.<\/li>\n<li>Medici\u00f3n de ox\u00edgeno en sangre.<\/li>\n<li>Monitoreo del sue\u00f1o.<\/li>\n<li>Monitoreo del estr\u00e9s.<\/li>\n<li>Varias esferas de reloj.<\/li>\n<li>Notificaciones y alarmas.<\/li>\n<li>Certificaci\u00f3n: 5 ATM.<\/li>\n<li>Pantalla: 1,43\u00bb AMOLED, 466 * 466 p\u00edxeles.<\/li>\n<li>Conectividad: BLUETOOTH 5.1.<\/li>\n<li>GPS + BEIDOU + GLONASS.<\/li>\n<li>Compatibilidad: ANDROID 5 o superior \/ IOS 10 o superior.<\/li>\n<li>Sensores: Aceler\u00f3metro, Frecuencia Card\u00edaca, Ox\u00edgeno en Sangre.<\/li>\n<li>Botones: 2.<\/li>\n<li>Lenguajes: 20.<\/li>\n<li>Materiales: METAL (caja) \/ SILICONA (pulsera).<\/li>\n<li>Peso: 56,5 grs. aproximadamente<\/li>\n<li>Dimensiones de la Correa: 260 * 22 mm aproximadamente<\/li>\n<li>Bater\u00eda: 460 mAh.<\/li>\n<li>Tiempo de Uso: 100 d\u00edas aproximadamente (en espera)<\/li>\n<li><strong>Garant\u00eda<\/strong>: 6 meses contra defecto de fabricaci\u00f3n<\/li>\n<\/ul>\n<h4><\/h4>\n<h4><span style=\"color: #ff0000;\"><strong>* La garant\u00eda no cubre falla que se pueda dar por un uso intensivo.<\/strong><\/span><\/h4>\n<h5><strong>\u00a0*Las im\u00e1genes son a modo ilustrativo.<\/strong><\/h5>\n","protected":false},"excerpt":{"rendered":"<h3><span style=\"color: #339966;\"><strong>$ 4.490<\/strong><\/span><\/h3>\n","protected":false},"featured_media":41379,"comment_status":"open","ping_status":"closed","template":"","meta":[],"_links":{"self":[{"href":"https:\/\/www.appoloviracel.com.uy\/index.php\/wp-json\/wp\/v2\/product\/41378"}],"collection":[{"href":"https:\/\/www.appoloviracel.com.uy\/index.php\/wp-json\/wp\/v2\/product"}],"about":[{"href":"https:\/\/www.appoloviracel.com.uy\/index.php\/wp-json\/wp\/v2\/types\/product"}],"replies":[{"embeddable":true,"href":"https:\/\/www.appoloviracel.com.uy\/index.php\/wp-json\/wp\/v2\/comments?post=41378"}],"wp:featuredmedia":[{"embeddable":true,"href":"https:\/\/www.appoloviracel.com.uy\/index.php\/wp-json\/wp\/v2\/media\/41379"}],"wp:attachment":[{"href":"https:\/\/www.appoloviracel.com.uy\/index.php\/wp-json\/wp\/v2\/media?parent=41378"}],"curies":[{"name":"wp","href":"https:\/\/api.w.org\/{rel}","templated":true}]}}