{"id":41373,"date":"2024-06-08T16:52:52","date_gmt":"2024-06-08T19:52:52","guid":{"rendered":"https:\/\/www.appoloviracel.com.uy\/?post_type=product&#038;p=41373"},"modified":"2024-07-27T13:06:21","modified_gmt":"2024-07-27T16:06:21","slug":"auricular-energy-sistem-sport1-introauditivo","status":"publish","type":"product","link":"https:\/\/www.appoloviracel.com.uy\/index.php\/product\/auricular-energy-sistem-sport1-introauditivo\/","title":{"rendered":"Auricular Energy-Sistem \u00abSport1+\u00bb (Introauditivo)"},"content":{"rendered":"<h2>Caracter\u00edsticas y especificaciones:<\/h2>\n<p>Aud\u00edfonos Bluetooth 5.1 para los amantes del deporte y el sonido.<br \/>\nControl talk y Voice Assistant para contestar tus llamadas y controlar tu m\u00fasica.<br \/>\nSujeci\u00f3n Secure-fit, conector USB Tipo C y protecci\u00f3n a las salpicaduras.<\/p>\n<p>Auriculares deportivos para llevar la \u00faltima tendencia con total comodidad. Su resistencia al sudor y salpicaduras lo hace apto para superar las condiciones m\u00e1s exigentes, su bot\u00f3n con micr\u00f3fono integrado permite responder llamadas y controlar tu m\u00fasica.<\/p>\n<p>Gracias al sistema de sujeci\u00f3n Secure-Fit tus auriculares se adaptan perfectamente al contorno de tu oreja. Sus almohadillas intercambiables permiten que escojas las que mejor se adaptan a tus o\u00eddos para un confort total mientras practicas deporte.<\/p>\n<p>Su cable de 1,2 metros incluye un bot\u00f3n multifunci\u00f3n para subir y bajar el volumen o avanzar y retroceder la pista. Adem\u00e1s, sus almohadillas intercambiables se adaptan perfectamente a tus o\u00eddos evitando que entre el sudor mientras practicas deporte.<\/p>\n<p>Si suena tu tel\u00e9fono, olv\u00eddate de parar tu ejercicio para responder. Con el micr\u00f3fono integrado en el bot\u00f3n multifunci\u00f3n contesta todas tus llamadas mientras contin\u00faas tu entrenamiento.<\/p>\n<p>&nbsp;<\/p>\n<ul>\n<li>Auricular Bluetooth dise\u00f1ado para practicar deporte sin cables ni ataduras.<\/li>\n<li>Arco de sujeci\u00f3n flexible proporciona m\u00e1s comodidad y seguridad durante tus entrenamientos.<\/li>\n<li>Sonido equilibrado con graves potentes y agudos n\u00edtidos.<\/li>\n<li>Micr\u00f3fono integrado con funci\u00f3n manos libres y de control de llamadas.<\/li>\n<li>Controla la reproducci\u00f3n de tu m\u00fasica desde el propio auricular.<\/li>\n<li>Hasta 8 horas de m\u00fasica continua.<\/li>\n<li>Almohadillas intercambiables en tres distintos tama\u00f1os<\/li>\n<li>Dise\u00f1o ergon\u00f3mico y ultraligero, ideal para sesiones deportivas de alto rendimiento<\/li>\n<li>Disponible en color celeste y blanco.<\/li>\n<\/ul>\n<h5><strong>\u00a0<\/strong><\/h5>\n<h5><strong>*Las im\u00e1genes son a modo ilustrativo.<\/strong><\/h5>\n","protected":false},"excerpt":{"rendered":"<h3><strong><span style=\"font-family: 'Cambria','serif'; color: #339966;\">$ 1.090<\/span><\/strong><\/h3>\n","protected":false},"featured_media":41374,"comment_status":"open","ping_status":"closed","template":"","meta":[],"_links":{"self":[{"href":"https:\/\/www.appoloviracel.com.uy\/index.php\/wp-json\/wp\/v2\/product\/41373"}],"collection":[{"href":"https:\/\/www.appoloviracel.com.uy\/index.php\/wp-json\/wp\/v2\/product"}],"about":[{"href":"https:\/\/www.appoloviracel.com.uy\/index.php\/wp-json\/wp\/v2\/types\/product"}],"replies":[{"embeddable":true,"href":"https:\/\/www.appoloviracel.com.uy\/index.php\/wp-json\/wp\/v2\/comments?post=41373"}],"wp:featuredmedia":[{"embeddable":true,"href":"https:\/\/www.appoloviracel.com.uy\/index.php\/wp-json\/wp\/v2\/media\/41374"}],"wp:attachment":[{"href":"https:\/\/www.appoloviracel.com.uy\/index.php\/wp-json\/wp\/v2\/media?parent=41373"}],"curies":[{"name":"wp","href":"https:\/\/api.w.org\/{rel}","templated":true}]}}