{"id":41360,"date":"2024-06-06T19:37:53","date_gmt":"2024-06-06T22:37:53","guid":{"rendered":"https:\/\/www.appoloviracel.com.uy\/?post_type=product&#038;p=41360"},"modified":"2024-07-17T10:43:57","modified_gmt":"2024-07-17T13:43:57","slug":"auricular-energy-sistem-style-3-introauditivo","status":"publish","type":"product","link":"https:\/\/www.appoloviracel.com.uy\/index.php\/product\/auricular-energy-sistem-style-3-introauditivo\/","title":{"rendered":"Auricular Energy-Sistem \u00abStyle3\u00bb (Introauditivo)"},"content":{"rendered":"<h2>Caracter\u00edsticas y especificaciones:<\/h2>\n<p>Auriculares True Wireless, para disfrutar de tu m\u00fasica sin cables. Con estuche de carga compacto para llevarlos c\u00f3modamente a cualquier sitio, siempre listos para usarse. Duraci\u00f3n aproximadamente 20 horas de bater\u00eda entre auriculares y charging case.<\/p>\n<ul>\n<li>Marca Energy Sistem<\/li>\n<li>Modelo Style 3<\/li>\n<li>Formato In-Ear<\/li>\n<li>Tipo din\u00e1mico<\/li>\n<li>Dise\u00f1o intrauditivo<\/li>\n<li>Conectividad Bluetooth 5.0<\/li>\n<li>Tecnolog\u00eda True Wireless Stereo con sincronizaci\u00f3n autom\u00e1tica<\/li>\n<li>Di\u00e1metro del driver 10 mm<\/li>\n<li>Alcance hasta 10m<\/li>\n<li>Potencia 5 mW<\/li>\n<li>Respuesta en frecuencia 20 Hz ~ 20 kHz<\/li>\n<li>Frecuencia de trabajo 2,4 GHz<\/li>\n<li>Incluye: Funci\u00f3n manos libres; Funci\u00f3n Easy Connect; Control de volumen; Control de reproducci\u00f3n<\/li>\n<li>Compatibilidad con asistentes de voz Google, Siri<\/li>\n<li>Sensibilidad micr\u00f3fono -42 dB \u00b1 3 dB (@1 kHz)<\/li>\n<li>Conexi\u00f3n micro USB Tipo B<\/li>\n<li>Bater\u00eda Li-Po 30 mAh por auricular + 400 mAh Case \/ Tiempo de carga: 1 hora \/ Autonom\u00eda extra: 16 horas<\/li>\n<li>Disponible en color verde y marfil<\/li>\n<\/ul>\n<h5><strong>\u00a0<\/strong><\/h5>\n<h5><strong>*Las im\u00e1genes son a modo ilustrativo.<\/strong><\/h5>\n","protected":false},"excerpt":{"rendered":"<h3><strong><span style=\"font-family: 'Cambria','serif'; color: #339966;\">$ 1.850<\/span><\/strong><\/h3>\n","protected":false},"featured_media":41361,"comment_status":"open","ping_status":"closed","template":"","meta":[],"_links":{"self":[{"href":"https:\/\/www.appoloviracel.com.uy\/index.php\/wp-json\/wp\/v2\/product\/41360"}],"collection":[{"href":"https:\/\/www.appoloviracel.com.uy\/index.php\/wp-json\/wp\/v2\/product"}],"about":[{"href":"https:\/\/www.appoloviracel.com.uy\/index.php\/wp-json\/wp\/v2\/types\/product"}],"replies":[{"embeddable":true,"href":"https:\/\/www.appoloviracel.com.uy\/index.php\/wp-json\/wp\/v2\/comments?post=41360"}],"wp:featuredmedia":[{"embeddable":true,"href":"https:\/\/www.appoloviracel.com.uy\/index.php\/wp-json\/wp\/v2\/media\/41361"}],"wp:attachment":[{"href":"https:\/\/www.appoloviracel.com.uy\/index.php\/wp-json\/wp\/v2\/media?parent=41360"}],"curies":[{"name":"wp","href":"https:\/\/api.w.org\/{rel}","templated":true}]}}