{"id":41352,"date":"2024-06-05T19:46:00","date_gmt":"2024-06-05T22:46:00","guid":{"rendered":"https:\/\/www.appoloviracel.com.uy\/?post_type=product&#038;p=41352"},"modified":"2024-07-09T20:22:55","modified_gmt":"2024-07-09T23:22:55","slug":"auricular-energy-sistem-freestyle-introauditivo","status":"publish","type":"product","link":"https:\/\/www.appoloviracel.com.uy\/index.php\/product\/auricular-energy-sistem-freestyle-introauditivo\/","title":{"rendered":"Auricular Energy-Sistem \u00abFreestyle\u00bb (Introauditivo)"},"content":{"rendered":"<h2>Caracter\u00edsticas y especificaciones:<\/h2>\n<p style=\"margin: 0cm; margin-bottom: .0001pt;\">Auriculares Inalambricos Energy Sistem Freestyle Negro Auriculares c\u00f3modos y resistentes al agua dise\u00f1ados para la pr\u00e1ctica deportiva.<\/p>\n<p style=\"margin: 0cm; margin-bottom: .0001pt;\">Disfrute de su deporte favorito con los auriculares True Wireless resistentes al agua IPX5. Dise\u00f1ado para deportistas, Secure-Fit+ y 20 h de duraci\u00f3n de la bater\u00eda. Personaliza tu m\u00fasica y controles gracias a ESmart Connect.<\/p>\n<p style=\"margin: 0cm; margin-bottom: .0001pt;\">Conexi\u00f3n inal\u00e1mbrica Bluetooth 5.3<\/p>\n<p style=\"margin: 0cm; margin-bottom: .0001pt;\">Auriculares deportivos Bluetooth con tecnolog\u00eda True Wireless Stereo. La calidad de sonido que necesitas para tus entrenamientos, con estabilidad de se\u00f1al de audio mejorada. Tambi\u00e9n podr\u00e1s atender cualquier llamada gracias al micr\u00f3fono incorporado.<\/p>\n<p>&nbsp;<\/p>\n<ul>\n<li><strong>Di\u00e1metro del conductor: 10 mm<\/strong><\/li>\n<li><strong>Tipo: Din\u00e1mico<\/strong><\/li>\n<li><strong>Impedancia: 32 \u03a9<\/strong><\/li>\n<li><strong>Latencia: 100 ms<\/strong><\/li>\n<li><strong>Potencia m\u00e1xima: 5mW<\/strong><\/li>\n<li><strong>Respuesta de frecuencia: 20 Hz ~ 20 kHz<\/strong><\/li>\n<li><strong>Sistema de carga: USB tipo C<\/strong><\/li>\n<li><strong>Capacidad: 30 mAh<\/strong><\/li>\n<li><strong>Voltaje: 3,7 V<\/strong><\/li>\n<li><strong>Duraci\u00f3n de la bater\u00eda \u2013 Uso normal: 5 h<\/strong><\/li>\n<li><strong>Tiempo de carga: 1,5 h<\/strong><\/li>\n<li><strong>Estuche de carga: S\u00ed<\/strong><\/li>\n<li><strong>Tipo (estuche de carga): Li-Po<\/strong><\/li>\n<li><strong>Capacidad (estuche de carga): 300 mAh<\/strong><\/li>\n<li><strong>Voltaje (estuche de carga): 3,7 V<\/strong><\/li>\n<li><strong>Duraci\u00f3n de la bater\u00eda (estuche de carga): 15 hs.<\/strong><\/li>\n<li><strong>Tiempo de carga (estuche de carga): 1,5 hs.<\/strong><\/li>\n<\/ul>\n<p>&nbsp;<\/p>\n<h5><strong>*Las im\u00e1genes son a modo ilustrativo.<\/strong><\/h5>\n<p>&nbsp;<\/p>\n","protected":false},"excerpt":{"rendered":"<h3><strong><span style=\"font-family: 'Cambria','serif'; color: #339966;\">$ 2.090<\/span><\/strong><\/h3>\n","protected":false},"featured_media":41353,"comment_status":"open","ping_status":"closed","template":"","meta":[],"_links":{"self":[{"href":"https:\/\/www.appoloviracel.com.uy\/index.php\/wp-json\/wp\/v2\/product\/41352"}],"collection":[{"href":"https:\/\/www.appoloviracel.com.uy\/index.php\/wp-json\/wp\/v2\/product"}],"about":[{"href":"https:\/\/www.appoloviracel.com.uy\/index.php\/wp-json\/wp\/v2\/types\/product"}],"replies":[{"embeddable":true,"href":"https:\/\/www.appoloviracel.com.uy\/index.php\/wp-json\/wp\/v2\/comments?post=41352"}],"wp:featuredmedia":[{"embeddable":true,"href":"https:\/\/www.appoloviracel.com.uy\/index.php\/wp-json\/wp\/v2\/media\/41353"}],"wp:attachment":[{"href":"https:\/\/www.appoloviracel.com.uy\/index.php\/wp-json\/wp\/v2\/media?parent=41352"}],"curies":[{"name":"wp","href":"https:\/\/api.w.org\/{rel}","templated":true}]}}