{"id":41346,"date":"2024-06-04T21:11:27","date_gmt":"2024-06-05T00:11:27","guid":{"rendered":"https:\/\/www.appoloviracel.com.uy\/?post_type=product&#038;p=41346"},"modified":"2024-07-08T19:28:51","modified_gmt":"2024-07-08T22:28:51","slug":"auricular-energy-sistem-hoshi-eco-vincha","status":"publish","type":"product","link":"https:\/\/www.appoloviracel.com.uy\/index.php\/product\/auricular-energy-sistem-hoshi-eco-vincha\/","title":{"rendered":"Auricular Energy-Sistem \u00abHoshi Eco\u00bb (Vincha)"},"content":{"rendered":"<h2>Caracter\u00edsticas y especificaciones:<\/h2>\n<p>Auriculares Bluetooth\u00ae 5.3 con pl\u00e1stico reciclado, dise\u00f1o circumaural y diadema ajustable para disfrutar 23 horas c\u00f3modamente de tu m\u00fasica. Sonido contundente gracias a sus drivers de 40 mm y Deep Bass. Responde tus llamadas y controla toda tu m\u00fasica<\/p>\n<ul>\n<li>Pla\u0301stico 100% reciclado, 23 horas de mu\u0301sica y Deep Bass<\/li>\n<li>Auriculares con tecnologi\u0301a inala\u0301mbrica Bluetooth 5.3<\/li>\n<li>Disen\u0303o circumaural y diadema ajustable para disfrutar 23 horas co\u0301modamente de tu mu\u0301sica<\/li>\n<li>Sonido contundente gracias a sus drivers de 40 mm y Deep Bass. Responde tus llamadas y controla toda tu mu\u0301sica<\/li>\n<li>Todo el pla\u0301stico utilizado para la fabricacio\u0301n de los auriculares Bluetooth Hoshi ECO es 100% reciclado, con certificacio\u0301n GRS (Global Recycle Standar)<\/li>\n<li>Tecnologi\u0301a inala\u0301mbrica Bluetooth\u00ae versio\u0301n 5.3 te ofrece hasta 20 metros de alcance y una mejor estabilidad en la sen\u0303al<\/li>\n<li>Hasta 23 horas de autonomi\u0301a y Deep Bass, para que el sonido ma\u0301s contundente te acompan\u0303e de sol a sol<\/li>\n<li>Lle\u0301valos puestos durante horas con total comodidad gracias a la diadema acolchada extensible y el disen\u0303o over-ear, que cubre completamente tu oreja<\/li>\n<li>Los auriculares inala\u0301mbricos Bluetooth\u00ae Hoshi ECO cuentan con micro\u0301fono incorporado, funcio\u0301n manos libres, y asistente de voz para acceder a tu smartphone. Responde tus llamadas o conecta con tus playlists y apps preferidas de forma ra\u0301pida y sencilla<\/li>\n<li>Disponible en color rojo y gris<\/li>\n<\/ul>\n<h5><strong>\u00a0<\/strong><\/h5>\n<h5><strong>*Las im\u00e1genes son a modo ilustrativo.<\/strong><\/h5>\n","protected":false},"excerpt":{"rendered":"<h3><strong><span style=\"font-family: 'Cambria','serif'; color: #339966;\">$ 1.090<\/span><\/strong><\/h3>\n","protected":false},"featured_media":41347,"comment_status":"open","ping_status":"closed","template":"","meta":[],"_links":{"self":[{"href":"https:\/\/www.appoloviracel.com.uy\/index.php\/wp-json\/wp\/v2\/product\/41346"}],"collection":[{"href":"https:\/\/www.appoloviracel.com.uy\/index.php\/wp-json\/wp\/v2\/product"}],"about":[{"href":"https:\/\/www.appoloviracel.com.uy\/index.php\/wp-json\/wp\/v2\/types\/product"}],"replies":[{"embeddable":true,"href":"https:\/\/www.appoloviracel.com.uy\/index.php\/wp-json\/wp\/v2\/comments?post=41346"}],"wp:featuredmedia":[{"embeddable":true,"href":"https:\/\/www.appoloviracel.com.uy\/index.php\/wp-json\/wp\/v2\/media\/41347"}],"wp:attachment":[{"href":"https:\/\/www.appoloviracel.com.uy\/index.php\/wp-json\/wp\/v2\/media?parent=41346"}],"curies":[{"name":"wp","href":"https:\/\/api.w.org\/{rel}","templated":true}]}}