{"id":41327,"date":"2024-05-29T14:46:27","date_gmt":"2024-05-29T17:46:27","guid":{"rendered":"https:\/\/www.appoloviracel.com.uy\/?post_type=product&#038;p=41327"},"modified":"2024-07-06T14:58:12","modified_gmt":"2024-07-06T17:58:12","slug":"parlante-havit-sk835bt","status":"publish","type":"product","link":"https:\/\/www.appoloviracel.com.uy\/index.php\/product\/parlante-havit-sk835bt\/","title":{"rendered":"Parlante Havit \u00abSK835BT\u00bb"},"content":{"rendered":"<h2>Caracter\u00edsticas y especificaciones:<\/h2>\n<p>El elegante altavoz Havit SK835BT le sorprender\u00e1 literalmente con su salida total de 10 W.<br \/>\nSobresale sobre sus competidores no solo en el dise\u00f1o, que est\u00e1 dominado por la tela, sino tambi\u00e9n en un sonido de reproducci\u00f3n interesante.<br \/>\nGracias a sus dimensiones compactas y su reducido peso, podr\u00e1s llevarlo contigo a cualquier parte y disfrutar de tu m\u00fasica favorita cuando te apetezca.<br \/>\nConecte el altavoz Havit SK835BT de forma inal\u00e1mbrica a su tel\u00e9fono, tableta o computadora mediante Bluetooth 5.0.<br \/>\nTambi\u00e9n hay una entrada AUX o una ranura para tarjeta microSD. Sin embargo, tambi\u00e9n puede utilizar la radio FM incorporada.<br \/>\nUn beneficio interesante es la capacidad de emparejar simplemente dos altavoces y luego cubrir la m\u00fasica con m\u00e1s espacio.<\/p>\n<ul>\n<li><strong>Tipo de conexi\u00f3n: AUX, micro SD, Micro USB, USB.<\/strong><\/li>\n<li><strong>Conexi\u00f3n inal\u00e1mbrica: Bluetooth<\/strong><\/li>\n<li><strong>Versi\u00f3n de bluetooth: 5,0<\/strong><\/li>\n<li><strong>Grado de protecci\u00f3n: IPX5 (Certificada, resistente a las salpicaduras de agua)<\/strong><\/li>\n<li><strong>Ideal: para fiestas, en el jard\u00edn, cerca de la piscina.<\/strong><\/li>\n<li><strong>Potencia: 10 W<\/strong><\/li>\n<li><strong>N\u00famero de canales 2.0<\/strong><\/li>\n<li><strong>Radio FM<\/strong><\/li>\n<li><strong>Capacidad de la bater\u00eda: 1200 mAh<\/strong><\/li>\n<li><strong>Duraci\u00f3n de la bater\u00eda hasta 5 horas.<\/strong><\/li>\n<li><strong>Frecuencia: 40 Hz a 15.000 Hz<\/strong><\/li>\n<li><strong>Impedancia: 4 ohmios<\/strong><\/li>\n<li><strong>Sensibilidad: 85 dB \/ mW<\/strong><\/li>\n<li><strong>Dimensiones: 180 * 70 * 70 mm<\/strong><\/li>\n<li><strong>Peso: 0,56 kilogramos.<\/strong><\/li>\n<\/ul>\n<p><strong>\u00a0<\/strong><\/p>\n<h5><strong>*Las im\u00e1genes son a modo ilustrativo.<\/strong><\/h5>\n<p>&nbsp;<\/p>\n","protected":false},"excerpt":{"rendered":"<h3><span style=\"color: #339966;\"><strong>$ 1.490<\/strong><\/span><\/h3>\n","protected":false},"featured_media":41328,"comment_status":"open","ping_status":"closed","template":"","meta":[],"_links":{"self":[{"href":"https:\/\/www.appoloviracel.com.uy\/index.php\/wp-json\/wp\/v2\/product\/41327"}],"collection":[{"href":"https:\/\/www.appoloviracel.com.uy\/index.php\/wp-json\/wp\/v2\/product"}],"about":[{"href":"https:\/\/www.appoloviracel.com.uy\/index.php\/wp-json\/wp\/v2\/types\/product"}],"replies":[{"embeddable":true,"href":"https:\/\/www.appoloviracel.com.uy\/index.php\/wp-json\/wp\/v2\/comments?post=41327"}],"wp:featuredmedia":[{"embeddable":true,"href":"https:\/\/www.appoloviracel.com.uy\/index.php\/wp-json\/wp\/v2\/media\/41328"}],"wp:attachment":[{"href":"https:\/\/www.appoloviracel.com.uy\/index.php\/wp-json\/wp\/v2\/media?parent=41327"}],"curies":[{"name":"wp","href":"https:\/\/api.w.org\/{rel}","templated":true}]}}