{"id":4131,"date":"2021-02-25T23:16:51","date_gmt":"2021-02-26T02:16:51","guid":{"rendered":"https:\/\/www.appoloviracel.com.uy\/?post_type=product&#038;p=4131"},"modified":"2021-05-02T13:24:29","modified_gmt":"2021-05-02T16:24:29","slug":"cargador-apple-usb-tipo-c-30w","status":"publish","type":"product","link":"https:\/\/www.appoloviracel.com.uy\/index.php\/product\/cargador-apple-usb-tipo-c-30w\/","title":{"rendered":"Cargador Apple, USB Tipo-C, 30w"},"content":{"rendered":"<h2>Caracter\u00edsticas y especificaciones:<\/h2>\n<p>El adaptador de corriente Apple USB &#8211; C de 30 W carga sus dispositivos de forma r\u00e1pida y eficiente en el hogar, en la oficina y mientras viaja. Aunque el adaptador funciona con todos los dispositivos con puertos USB-C, Apple recomienda usarlo con una MacBook de 12 pulgadas o una MacBook Air de 13 pulgadas con pantalla Retina, ya que garantiza una carga \u00f3ptima de estos modelos. Tambi\u00e9n puede usarlo con modelos seleccionados de iPhone y iPad Pro para usar la funci\u00f3n de carga r\u00e1pida. Tambi\u00e9n puede usarlo con iPhone 8 y modelos m\u00e1s nuevos para usar la funci\u00f3n de carga r\u00e1pida.El producto en la versi\u00f3n blister, embalado en el embalaje original de Apple.<\/p>\n<h5><span style=\"color: #ff0000;\">*El cable de carga se vende por separado.<\/span><\/h5>\n<h5><strong>*Las im\u00e1genes son a modo ilustrativo.<\/strong><\/h5>\n","protected":false},"excerpt":{"rendered":"<h3><span style=\"color: #339966;\">$ 1.390<\/span><\/h3>\n","protected":false},"featured_media":4132,"comment_status":"open","ping_status":"closed","template":"","meta":[],"_links":{"self":[{"href":"https:\/\/www.appoloviracel.com.uy\/index.php\/wp-json\/wp\/v2\/product\/4131"}],"collection":[{"href":"https:\/\/www.appoloviracel.com.uy\/index.php\/wp-json\/wp\/v2\/product"}],"about":[{"href":"https:\/\/www.appoloviracel.com.uy\/index.php\/wp-json\/wp\/v2\/types\/product"}],"replies":[{"embeddable":true,"href":"https:\/\/www.appoloviracel.com.uy\/index.php\/wp-json\/wp\/v2\/comments?post=4131"}],"wp:featuredmedia":[{"embeddable":true,"href":"https:\/\/www.appoloviracel.com.uy\/index.php\/wp-json\/wp\/v2\/media\/4132"}],"wp:attachment":[{"href":"https:\/\/www.appoloviracel.com.uy\/index.php\/wp-json\/wp\/v2\/media?parent=4131"}],"curies":[{"name":"wp","href":"https:\/\/api.w.org\/{rel}","templated":true}]}}