{"id":41305,"date":"2024-05-25T14:37:04","date_gmt":"2024-05-25T17:37:04","guid":{"rendered":"https:\/\/www.appoloviracel.com.uy\/?post_type=product&#038;p=41305"},"modified":"2024-09-16T22:26:37","modified_gmt":"2024-09-17T01:26:37","slug":"power-bank-usams-us-cd185-con-display-digital","status":"publish","type":"product","link":"https:\/\/www.appoloviracel.com.uy\/index.php\/product\/power-bank-usams-us-cd185-con-display-digital\/","title":{"rendered":"Power Bank USAMS \u00abUS-CD185\u00bb con display digital"},"content":{"rendered":"<h2>Caracter\u00edsticas y especificaciones:<\/h2>\n<p>Banco de energ\u00eda de 30.000mah para computadora port\u00e1til, iPhones, iPads y otros dispositivos.<br \/>\nBater\u00eda externa: bater\u00eda externa usb-c con adaptador de CA incorporado, puede cargar sus dispositivos a trav\u00e9s del puerto usb de la computadora o computadora port\u00e1til.<br \/>\nAmplia compatibilidad: este banco de energ\u00eda usb c es compatible con la mayor\u00eda de los dispositivos como macbook, ipad, samsung, huawei, xiaomi, xbox, etc.<\/p>\n<ul>\n<li>Nombre de la marca: USAMS<\/li>\n<li>Interfaz de salida: Doble USB,USB-A,USB-Tipo C<\/li>\n<li>Interfaz de entrada: USB tipo C<\/li>\n<li>Tipo de bater\u00eda: Bater\u00eda de pol\u00edmero de litio<\/li>\n<li>Material de la carcasa: pl\u00e1stico<\/li>\n<li>Caracter\u00edsticas: Cables integrados,Pantalla digital<\/li>\n<li>Origen: China continental<\/li>\n<li>Tipo: Banco de energ\u00eda port\u00e1til<\/li>\n<li>Certificaci\u00f3n: RoHS, CE, FCC<\/li>\n<li>Admite tecnolog\u00eda de carga r\u00e1pida: carga r\u00e1pida bidireccional<\/li>\n<li>Entrada m\u00e1xima: 65W<\/li>\n<li>Nombre: PB68 PD3.0 QC3.0 Banco de energ\u00eda con pantalla digital de carga r\u00e1pida<\/li>\n<li>Modelo: Kit de carga r\u00e1pida: Serie Yattu, US-CD185<\/li>\n<li>Material: ABS<\/li>\n<li>De color negro<\/li>\n<li>Capacidad: 30.000mAh<\/li>\n<li>Capacidad nominal: 18.000mAh<\/li>\n<li>Potencia: 65W (m\u00e1x.)<\/li>\n<li>Energ\u00eda nominal: 111Wh<\/li>\n<li>Tama\u00f1o: 154*69,5*41,8mm<\/li>\n<li>Peso: alrededor de 590 grs.<\/li>\n<li>Entrada tipo C: 5 V = 3 A 9 V = 3 A 12 V = 3 A 15 V = 3 A 20 V = 2,25 A (45 W m\u00e1x.)<\/li>\n<li>Salida tipo C: 5 V = 3 A 9 V = 3 A 12 V = 3 A 15 V = 3 A 20 V = 3,25 A (65 WMaX)<\/li>\n<li>Salida USB 1: 5 V = 4,5 A 5 V-3 A 9 V-2 A 12 V = 1,5 A (22,5 W m\u00e1x.)<\/li>\n<li>Salida USB 2: 5 V = 3 A 9 V = 2 A 12 V = 1,5 A (18 W m\u00e1x.)<\/li>\n<li>Admite protocolo de carga: admite carga r\u00e1pida PD\/QC\/FCP\/AFC\/FCP<\/li>\n<li>Accesorios: Cable de datos PD de 100 W tipo C a tipo C \u2013 Serie Lithe<\/li>\n<li>Compatibilidad: Para Xiaomi\/iphone\/Huawei\/Samsung\/Tablet<\/li>\n<li>M\u00e9todo de venta: minorista\/al por mayor\/env\u00edo directo<\/li>\n<li>Caracter\u00edstica: Powerbank externo para tel\u00e9fono m\u00f3vil<\/li>\n<li>Caracter\u00edstica 1: carga r\u00e1pida PD 65W para port\u00e1tiles<\/li>\n<li>Caracter\u00edstica 2: carga r\u00e1pida PD 20W para iPhone<\/li>\n<li>Caracter\u00edstica 3: carga r\u00e1pida de 22,5 W para Huawei<\/li>\n<li>Caracter\u00edstica 4: Modo de baja corriente para dispositivos de baja corriente<\/li>\n<li>Protocolos de carga r\u00e1pida USB: QC\/SCP\/FCP\/AFC<\/li>\n<li>Puerto tipo C Protocolos de carga r\u00e1pida: PD<\/li>\n<\/ul>\n<p>&nbsp;<\/p>\n<h5><strong>*Las im\u00e1genes son a modo ilustrativo.<\/strong><\/h5>\n","protected":false},"excerpt":{"rendered":"<h3><span style=\"color: #339966;\"><strong>$ 3.290<\/strong><\/span><\/h3>\n","protected":false},"featured_media":41306,"comment_status":"open","ping_status":"closed","template":"","meta":[],"_links":{"self":[{"href":"https:\/\/www.appoloviracel.com.uy\/index.php\/wp-json\/wp\/v2\/product\/41305"}],"collection":[{"href":"https:\/\/www.appoloviracel.com.uy\/index.php\/wp-json\/wp\/v2\/product"}],"about":[{"href":"https:\/\/www.appoloviracel.com.uy\/index.php\/wp-json\/wp\/v2\/types\/product"}],"replies":[{"embeddable":true,"href":"https:\/\/www.appoloviracel.com.uy\/index.php\/wp-json\/wp\/v2\/comments?post=41305"}],"wp:featuredmedia":[{"embeddable":true,"href":"https:\/\/www.appoloviracel.com.uy\/index.php\/wp-json\/wp\/v2\/media\/41306"}],"wp:attachment":[{"href":"https:\/\/www.appoloviracel.com.uy\/index.php\/wp-json\/wp\/v2\/media?parent=41305"}],"curies":[{"name":"wp","href":"https:\/\/api.w.org\/{rel}","templated":true}]}}