{"id":41272,"date":"2024-05-20T22:13:38","date_gmt":"2024-05-21T01:13:38","guid":{"rendered":"https:\/\/www.appoloviracel.com.uy\/?post_type=product&#038;p=41272"},"modified":"2025-04-16T10:05:53","modified_gmt":"2025-04-16T13:05:53","slug":"disco-externo-toshiba-canvio-basics-1tb-3-0","status":"publish","type":"product","link":"https:\/\/www.appoloviracel.com.uy\/index.php\/product\/disco-externo-toshiba-canvio-basics-1tb-3-0\/","title":{"rendered":"Disco externo Toshiba \u00abCanvio Basics\u00bb 1Tb, USB 3.0"},"content":{"rendered":"<h2><strong>Caracter\u00edsticas y especificaciones:<\/strong><\/h2>\n<p>Disco duro extra\u00edble Toshiba, con espacio de almacenamiento de 1TB, guarda fotos, videos, pel\u00edculas, documentos. Con interfaz 3.0 permitiendo un tr\u00e1fico super r\u00e1pido. La soluci\u00f3n m\u00e1s f\u00e1cil y eficaz para guardar tu informaci\u00f3n.<\/p>\n<ul>\n<li><strong>Capacidad: 1 TB.<\/strong><\/li>\n<li><strong>Interfaz: USB 3.0.<\/strong><\/li>\n<li><strong>Compatible con USB 2.0.<\/strong><\/li>\n<li><strong>Factor de forma: 2.5&#8242;.<\/strong><\/li>\n<li><strong>Velocidad: 5400 RPM.<\/strong><\/li>\n<li><strong>Compatible: WINDOWS 10, w8, w7, w Vista XP y MAC y muchos dispositivos mas (consolas)<\/strong><\/li>\n<li><strong>Peso: 230 grs.<\/strong><\/li>\n<li><strong>Dimensiones: 119,4 * 78,7 * 15.<\/strong><\/li>\n<li><strong>Color: negro.<\/strong><\/li>\n<\/ul>\n<p><strong>\u00a0<\/strong><\/p>\n<h5><strong>*Las im\u00e1genes son a modo ilustrativo.<\/strong><\/h5>\n","protected":false},"excerpt":{"rendered":"<h3><span style=\"color: #339966;\"><strong>U$S 95<\/strong><\/span><\/h3>\n","protected":false},"featured_media":41273,"comment_status":"open","ping_status":"closed","template":"","meta":[],"_links":{"self":[{"href":"https:\/\/www.appoloviracel.com.uy\/index.php\/wp-json\/wp\/v2\/product\/41272"}],"collection":[{"href":"https:\/\/www.appoloviracel.com.uy\/index.php\/wp-json\/wp\/v2\/product"}],"about":[{"href":"https:\/\/www.appoloviracel.com.uy\/index.php\/wp-json\/wp\/v2\/types\/product"}],"replies":[{"embeddable":true,"href":"https:\/\/www.appoloviracel.com.uy\/index.php\/wp-json\/wp\/v2\/comments?post=41272"}],"wp:featuredmedia":[{"embeddable":true,"href":"https:\/\/www.appoloviracel.com.uy\/index.php\/wp-json\/wp\/v2\/media\/41273"}],"wp:attachment":[{"href":"https:\/\/www.appoloviracel.com.uy\/index.php\/wp-json\/wp\/v2\/media?parent=41272"}],"curies":[{"name":"wp","href":"https:\/\/api.w.org\/{rel}","templated":true}]}}