{"id":41260,"date":"2024-05-15T16:13:04","date_gmt":"2024-05-15T19:13:04","guid":{"rendered":"https:\/\/www.appoloviracel.com.uy\/?post_type=product&#038;p=41260"},"modified":"2024-06-09T21:03:20","modified_gmt":"2024-06-10T00:03:20","slug":"auricular-klipxtreme-kte-250-zound-buds-intrauditivo","status":"publish","type":"product","link":"https:\/\/www.appoloviracel.com.uy\/index.php\/product\/auricular-klipxtreme-kte-250-zound-buds-intrauditivo\/","title":{"rendered":"Auricular Klipxtreme \u00abKTE-250\u00bb Zound Buds (Intrauditivo)"},"content":{"rendered":"<h2>Caracter\u00edsticas y especificaciones:<\/h2>\n<p>El KTE-250 emerge como \u00faltima novedad que se incorpora a la exclusiva colecci\u00f3n de aud\u00edfonos de Klip Xtreme con tecnolog\u00eda inal\u00e1mbrica de \u00faltima generaci\u00f3n. Su estructura liviana e impermeable los convertidon en el accesorio ideal para los desaf\u00edos de tu estilo de vida activo. Los ZoundBuds son el ep\u00edtome de la libertad al incorporar una de las tendencias actuales m\u00e1s marcadas, como lo es la funci\u00f3n de carga inal\u00e1mbrica. Basta con colocarlos sobre la plataforma de carga al final del d\u00eda para que te encuentres con un estuche cargado completamente a la ma\u00f1ana al momento de levantarte. El tiempo de reproducci\u00f3n que proporciona con una sola carga es el que crece, el cual supera cons el rendimiento de otros productos en su categor\u00eda. Impulsados por \u00faltima vez en la \u00faltima tecnolog\u00eda Bluetooth <sup>.<\/sup> V5.3, es capaz de expandir la velocidad y el alcance de la se\u00f1al si se compara con las versiones anteriores de dicha de funci\u00f3n. Y eso no es todo, el micr\u00f3fono incorporado de alta definici\u00f3n permite hacer llamadas con toda nitidez, incluso en entornos con alta exposici\u00f3n al viento o al ruido. La activaci\u00f3n por voz lo que hace compatible con Siri o Google. Con solo pulsar el olft\u00e1ctil inteligente de cualquiera de los aud\u00edfonos puedes activar tute asisten favorito personal. Mejor, el KTE-250 combina a la perfecci\u00f3n un ac\u00fastica optimizada, medida comodidad ergon\u00f3mica a la par con una estabilidad insuperable cada vez que los usas.<\/p>\n<ul>\n<li><strong>Tecnolog\u00eda est\u00e1reo con verdadera conexi\u00f3n inal\u00e1mbrica:<\/strong> para la fluida reproducci\u00f3n de audio por ambos aud\u00edfonos simult\u00e1neamente<\/li>\n<li><strong>Disfruta m\u00e1s de tu m\u00fasica:<\/strong> 21 horas de reproducci\u00f3n total y aproximadamente 200 horas en modo de pausa <sup>2,3<\/sup><\/li>\n<li><strong>Estuche de carga inal\u00e1mbrica:<\/strong> Aprovecha las ventajas de la verdadera funci\u00f3n inal\u00e1mbrica cuando lo utilizas con una base de carga compatible o disfruta del modo de carga r\u00e1pida una conexi\u00f3n con cable USB Tipo-C<\/li>\n<li><strong>Control en las punta de los dedos:<\/strong> Los sensores t\u00e1ctiles inteligentes permiten la gesti\u00f3n fluida de tu entretenimiento al igual que de tus naciones llamadas, con un simple toque<\/li>\n<li><strong>M\u00e1s de lo que quieres, con manos libres:<\/strong> La funci\u00f3n de reconocimiento de la voz lo hace compatible con el Asistente Siri y Google<\/li>\n<li><strong>Emparejamiento inteligente al instante:<\/strong> Al abrir el estuche, se conectan autom\u00e1ticamente a tus dispositivos Bluetooth, <sup>\u00ae<\/sup>con la flexibilidad de escoger entre los modos estereo y monof\u00f3nico<\/li>\n<li><strong>Impermeabilidad IPX4, protecci\u00f3n contra el agua y el sudor:<\/strong> Los aud\u00edfonos capaces son de resistir las rutinas de ejercicios m\u00e1s exigentes, el mal tiempo, as\u00ed como tus aventuras libre sin degradar su funcionamiento<\/li>\n<li><strong>Libertad de sonido al extremo:<\/strong> Disfruta de la \u00faltima tecnolog\u00eda Bluetooth &#8211; <sup>\u00ae<\/sup>V5.3 para la transferencia de medios digitales, con conexiones m\u00e1s fiables y una mejor cobertura de la se\u00f1al <sup>1<\/sup><\/li>\n<li><strong>Llamadas n\u00edtidas donde se encuentra:<\/strong> El micr\u00f3fono, la cuenta que con la tecnolog\u00eda de reducci\u00f3n de ruido, garantiza conversaciones con una calidad de sonido excepcional<\/li>\n<li><strong>Moderno y estilizado estuche:<\/strong> Ultraliviano y port\u00e1til, el cargador ha sido concebido para llevar y cargar los aud\u00edfonos adondequiera que vayas<\/li>\n<\/ul>\n<ul>\n<li>Tipo: Aud\u00edfonos est\u00e9reo con verdadera conexi\u00f3n inal\u00e1mbrica y estuche de carga sin cables<\/li>\n<li>Factor de forma: Intraaural<\/li>\n<li>Microciruito: Jieli 5.1\/AC6976D<\/li>\n<li>Tecnolog\u00eda de cancelaci\u00f3n de ruido ambiental (ENC): Incluida<\/li>\n<li>Estuche de carga: Con tecnolog\u00eda inal\u00e1mbrica<\/li>\n<li>Controles t\u00e1ctiles: Inteligentes, sensibles al tacto<\/li>\n<li>Reconocimiento de la voz: Compatible con el Asistente de voz Siri y Google<\/li>\n<li>Indicador de bater\u00eda: LED \u00fanico en estuche de carga<\/li>\n<li>Clasificaci\u00f3n de protecci\u00f3n: IPX4 resistente al agua<\/li>\n<li>Micr\u00f3fono integrado: Para llamadas telef\u00f3nicas<\/li>\n<li>M\u00e1xima potencia de salida RMS: 10mW<\/li>\n<li>Frecuencia: 20Hz-20kHz<\/li>\n<li>Impedancia: 32\u03a9<\/li>\n<li>Sensibilidad: 97dB\u00b13dB<\/li>\n<li>Factor de forma: Integrado<\/li>\n<li>Directividad: Omnidireccional<\/li>\n<li>Frecuencia: 59dB<\/li>\n<li>Impedancia: 450k\u03a9<\/li>\n<li>Sensibilidad: -42dB\u00b13dB<\/li>\n<li>Tipo de conexi\u00f3n: Compatible con Bluetooth\u00ae V5.1<\/li>\n<li>Perfiles compatibles: A2DP, AVCTP, AVDTP, AVRCP, HFP, SPP, SMP, ATT, GAP, GATT, RFCOMM, SDP, L2CAP<\/li>\n<li>Frecuencia de RF inal\u00e1mbrica: 2.402GHz-2.480GHz<\/li>\n<li>Alcance inal\u00e1mbrico: 10m-15m1<\/li>\n<li>Bater\u00eda de cada aud\u00edfono individual: Bater\u00eda de pol\u00edmero de litio, de 50mAh<\/li>\n<li>Bater\u00eda del estuche solamente: Bater\u00eda de pol\u00edmero de litio, de 360mAh<\/li>\n<li>Tipo de conexi\u00f3n para carga: Cable Tipo C y funci\u00f3n de carga inal\u00e1mbrica<\/li>\n<li>\u00cdndice de carga con cable: 5V=1A, 5W<\/li>\n<li>\u00cdndice de carga inal\u00e1mbrica: 5V=0,3A, 1,5W<\/li>\n<li>Tiempo de carga Tiempo de carga<\/li>\n<li>Estuche para carga + aud\u00edfonos: 3,5 horas en total<\/li>\n<li>Bater\u00eda de los aud\u00edfonos solamente: 1,5 horas en total<\/li>\n<li>Bater\u00eda del estuche de carga solamente (con conexi\u00f3n cableada): 2 horas en total<\/li>\n<li>Bater\u00eda del estuche de carga solamente (con conexi\u00f3n sin cables): 2 horas en total<\/li>\n<li>Ciclos de carga del estuche antes de que se agote por completo la bater\u00eda: 3<\/li>\n<li>Bater\u00eda de los aud\u00edfonos solamente: Hasta 7 horas (con la regulaci\u00f3n del volumen al 50%)<\/li>\n<li>Reproducci\u00f3n total de los aud\u00edfonos, incluyendo los ciclos del estuche: Hasta 21 hrs<\/li>\n<li>Tiempo en modo de pausa: 200 horas aprox.<\/li>\n<li>Dimensiones: Aud\u00edfono: 31,89*24.42*17,34mm<\/li>\n<li>Estuche: 47,24\u00d757,89\u00d724,3mm<\/li>\n<li>Peso: 40gr\u00b11,4grs<\/li>\n<\/ul>\n<p>&nbsp;<\/p>\n<h5><strong>*Las im\u00e1genes son a modo ilustrativo.<\/strong><\/h5>\n","protected":false},"excerpt":{"rendered":"<h3><span style=\"color: #339966;\"><strong>$ 890<\/strong><\/span><\/h3>\n","protected":false},"featured_media":41261,"comment_status":"open","ping_status":"closed","template":"","meta":[],"_links":{"self":[{"href":"https:\/\/www.appoloviracel.com.uy\/index.php\/wp-json\/wp\/v2\/product\/41260"}],"collection":[{"href":"https:\/\/www.appoloviracel.com.uy\/index.php\/wp-json\/wp\/v2\/product"}],"about":[{"href":"https:\/\/www.appoloviracel.com.uy\/index.php\/wp-json\/wp\/v2\/types\/product"}],"replies":[{"embeddable":true,"href":"https:\/\/www.appoloviracel.com.uy\/index.php\/wp-json\/wp\/v2\/comments?post=41260"}],"wp:featuredmedia":[{"embeddable":true,"href":"https:\/\/www.appoloviracel.com.uy\/index.php\/wp-json\/wp\/v2\/media\/41261"}],"wp:attachment":[{"href":"https:\/\/www.appoloviracel.com.uy\/index.php\/wp-json\/wp\/v2\/media?parent=41260"}],"curies":[{"name":"wp","href":"https:\/\/api.w.org\/{rel}","templated":true}]}}