{"id":4050,"date":"2021-02-05T22:14:44","date_gmt":"2021-02-06T01:14:44","guid":{"rendered":"https:\/\/www.appoloviracel.com.uy\/?post_type=product&#038;p=4050"},"modified":"2022-12-16T17:19:55","modified_gmt":"2022-12-16T20:19:55","slug":"samsung-galaxy-a02s-64gb-3gb","status":"publish","type":"product","link":"https:\/\/www.appoloviracel.com.uy\/index.php\/product\/samsung-galaxy-a02s-64gb-3gb\/","title":{"rendered":"Celular Samsung \u00abGalaxy A02s\u00bb (64Gb-3Gb)"},"content":{"rendered":"<h4><strong>Caracter\u00edsticas y especificaciones<\/strong><\/h4>\n<p>El <strong>Samsung Galaxy A02s<\/strong> es un smartphone Android con una pantalla HD+ de 6.5 pulgadas. Por dentro, encontramos un procesador Snapdragon 450 acompa\u00f1ado de 3Gb de memoria RAM y 64Gb de almacenamiento interno expandible y una bater\u00eda de 5000 mAh de carga r\u00e1pida. La c\u00e1mara trasera del Galaxy A02s es triple, en configuraci\u00f3n 13MP + 2MP + 2MP, mientras que su c\u00e1mara frontal es de 5 megapixels y corre Android 10.<\/p>\n<p>La capacidad de la memoria disponible est\u00e1 sujeta al software precargado<\/p>\n<ul>\n<li><strong>Pantalla:<\/strong> 6.5&#8243;, 720 x 1520 pixels<\/li>\n<li><strong>Dimensiones: <\/strong>164,2 * 75,9 * 9.1mm<\/li>\n<li><strong>Procesador: <\/strong>Snapdragon 450, 1.8GHz<\/li>\n<li><strong>RAM: <\/strong>3Gb<\/li>\n<li><strong>Almacenamiento: <\/strong>64Gb<\/li>\n<li><strong>Expansi\u00f3n:<\/strong> microSD<\/li>\n<li><strong>C\u00e1mara: <\/strong>Triple, 13MP+2MP+2MP<\/li>\n<li><strong>Bater\u00eda: <\/strong>5000 mAh<\/li>\n<li><strong>OS: <\/strong>Android 10<\/li>\n<li><strong>Peso: <\/strong>196 grs.<\/li>\n<li>Se incluyen los siguientes accesorios: <strong>Cargador y Manual<\/strong><\/li>\n<\/ul>\n<ul>\n<li><strong>Garant\u00eda:<\/strong> 12 meses contra defecto de fabricaci\u00f3n<\/li>\n<\/ul>\n<p><strong>\u00a0<\/strong><\/p>\n<h4><span style=\"color: #ff0000;\"><strong>Contado efectivo: 10% de Descuento<\/strong><\/span><\/h4>\n<h5><strong>*Las im\u00e1genes son a modo ilustrativo.<\/strong><\/h5>\n","protected":false},"excerpt":{"rendered":"<p><span style=\"color: #ff0000;\">AGOTADO<\/span><\/p>\n","protected":false},"featured_media":4051,"comment_status":"open","ping_status":"closed","template":"","meta":[],"_links":{"self":[{"href":"https:\/\/www.appoloviracel.com.uy\/index.php\/wp-json\/wp\/v2\/product\/4050"}],"collection":[{"href":"https:\/\/www.appoloviracel.com.uy\/index.php\/wp-json\/wp\/v2\/product"}],"about":[{"href":"https:\/\/www.appoloviracel.com.uy\/index.php\/wp-json\/wp\/v2\/types\/product"}],"replies":[{"embeddable":true,"href":"https:\/\/www.appoloviracel.com.uy\/index.php\/wp-json\/wp\/v2\/comments?post=4050"}],"wp:featuredmedia":[{"embeddable":true,"href":"https:\/\/www.appoloviracel.com.uy\/index.php\/wp-json\/wp\/v2\/media\/4051"}],"wp:attachment":[{"href":"https:\/\/www.appoloviracel.com.uy\/index.php\/wp-json\/wp\/v2\/media?parent=4050"}],"curies":[{"name":"wp","href":"https:\/\/api.w.org\/{rel}","templated":true}]}}