{"id":40374,"date":"2024-05-09T18:13:23","date_gmt":"2024-05-09T21:13:23","guid":{"rendered":"https:\/\/www.appoloviracel.com.uy\/?post_type=product&#038;p=40374"},"modified":"2025-11-05T19:37:28","modified_gmt":"2025-11-05T22:37:28","slug":"celular-xiaomi-poco-m6-pro-256gb-8gb","status":"publish","type":"product","link":"https:\/\/www.appoloviracel.com.uy\/index.php\/product\/celular-xiaomi-poco-m6-pro-256gb-8gb\/","title":{"rendered":"Celular Xiaomi \u00abPoco M6Pro\u00bb (256Gb-8Gb)"},"content":{"rendered":"<h2>Caracter\u00edsticas y especificaciones:<\/h2>\n<p>El <strong>Xiaomi Poco M6 Pro<\/strong> es la variante 4G del smartphone Android, con una pantalla AMOLED de 6.67 pulgadas a resoluci\u00f3n Full HD+ y tasa de refresco de 120Hz. El procesador es un Helio G99-Ultra de MediaTek, acompa\u00f1ado de hasta 12GB de RAM y 512GB de almacenamiento. La c\u00e1mara posterior triple est\u00e1 liderada por un sensor de 64MP con OIS, la c\u00e1mara selfie es de 16MP y el Poco M6 Pro completa sus caracter\u00edsticas con una bater\u00eda de 5000 mAh de carga r\u00e1pida, lector de huellas bajo pantalla, parlantes stereo, resistencia a salipicaduras y MIUI 14 basado en Android 13<\/p>\n<ul>\n<li>Pantalla: 6.67&#8243;, 1080 * 2400 pixels<\/li>\n<li>Procesador: Mediatek Helio G99 2.2GHz<\/li>\n<li>RAM: 8GB<\/li>\n<li>Almacenamiento: 256GB<\/li>\n<li>Expansi\u00f3n: microSD<\/li>\n<li>C\u00e1mara: Triple, 64MP+8MP+2MP<\/li>\n<li>Bater\u00eda: 5000 mAh<\/li>\n<li>OS: Android 13<\/li>\n<li>Perfil: 8.3 mm<\/li>\n<li>Peso: 186 grs.<\/li>\n<li>Se incluyen los siguientes accesorios: <strong>Cargador y Manual<\/strong><\/li>\n<li><strong>Garant\u00eda:<\/strong> 12 meses contra defecto de fabricaci\u00f3n<\/li>\n<\/ul>\n<p><strong>\u00a0<\/strong><\/p>\n<h4><span style=\"color: #ff0000;\"><strong>Contado efectivo: 10% de Descuento<\/strong><\/span><\/h4>\n<h5><strong>*Las im\u00e1genes son a modo ilustrativo.<\/strong><\/h5>\n","protected":false},"excerpt":{"rendered":"<h3><strong><span style=\"font-family: 'Cambria','serif'; color: #339966;\">U$S 305<\/span><\/strong><\/h3>\n","protected":false},"featured_media":40375,"comment_status":"open","ping_status":"closed","template":"","meta":[],"_links":{"self":[{"href":"https:\/\/www.appoloviracel.com.uy\/index.php\/wp-json\/wp\/v2\/product\/40374"}],"collection":[{"href":"https:\/\/www.appoloviracel.com.uy\/index.php\/wp-json\/wp\/v2\/product"}],"about":[{"href":"https:\/\/www.appoloviracel.com.uy\/index.php\/wp-json\/wp\/v2\/types\/product"}],"replies":[{"embeddable":true,"href":"https:\/\/www.appoloviracel.com.uy\/index.php\/wp-json\/wp\/v2\/comments?post=40374"}],"wp:featuredmedia":[{"embeddable":true,"href":"https:\/\/www.appoloviracel.com.uy\/index.php\/wp-json\/wp\/v2\/media\/40375"}],"wp:attachment":[{"href":"https:\/\/www.appoloviracel.com.uy\/index.php\/wp-json\/wp\/v2\/media?parent=40374"}],"curies":[{"name":"wp","href":"https:\/\/api.w.org\/{rel}","templated":true}]}}