{"id":40366,"date":"2024-05-03T12:06:05","date_gmt":"2024-05-03T15:06:05","guid":{"rendered":"https:\/\/www.appoloviracel.com.uy\/?post_type=product&#038;p=40366"},"modified":"2024-06-05T19:54:57","modified_gmt":"2024-06-05T22:54:57","slug":"smartwatch-xiaomi-redmi-watch-4","status":"publish","type":"product","link":"https:\/\/www.appoloviracel.com.uy\/index.php\/product\/smartwatch-xiaomi-redmi-watch-4\/","title":{"rendered":"Smartwatch Xiaomi \u00abRedmi Watch 4\u00bb"},"content":{"rendered":"<h2>Caracter\u00edsticas y especificaciones:<\/h2>\n<p>Xiaomi lanza el Redmi Watch 4, que mantiene el mismo dise\u00f1o b\u00e1sico que su predecesor, el Redmi Watch 3. Es ligeramente m\u00e1s redondo, y el Watch 4 tiene una corona en lugar de un bot\u00f3n. A diferencia del modelo superior, el Xiaomi Watch 2 Pro, el Redmi Watch 4 no utiliza WearOS, sino el propio HyperOS de Xiaomi, lo que deber\u00eda garantizar una larga duraci\u00f3n de la bater\u00eda.<\/p>\n<p>En comparaci\u00f3n con su predecesor, la pantalla ha crecido, y el smartwatch incluso se ha abaratado ligeramente. El PVP es de 100 euros. S\u00f3lo hay una versi\u00f3n del Redmi Watch 4, pero se puede elegir entre dos colores: Negro Obsidiana y Gris Plata. Como es habitual en los smartwatches asequibles, no hay versi\u00f3n LTE.<\/p>\n<ul>\n<li><strong>Pantalla: 1.97 pulgadas 15:13, 450 x 390 pixels 302 PPI, capacitive, AMOLED<\/strong><\/li>\n<li><strong>Conexiones: Brightness Sensor, Sensores: Heart rate sensor, accelerometer, gyroscope, electronic compass<\/strong><\/li>\n<li><strong>Equipamento de red: Bluetooth 5.3, GPS<\/strong><\/li>\n<li><strong>Tama\u00f1o: Alto x ancho x profundidad (en mm): 10.5 * 47.5 * 41.1<\/strong><\/li>\n<li><strong>Batter\u00eda: 470 mAh Litio-Polimero, Duraci\u00f3n de la Bater\u00eda (seg\u00fan el fabricante): 480 horas<\/strong><\/li>\n<li><strong>Caracter\u00edsticas adicionales: Altavoces: mono, Teclado: on screen, charging cradle, Xiaomi HyperOS 2.1.53, GNSS: GPS, Galileo, Glonass, BeiDou, QZSS, 5 ATM, fanless, waterproof<\/strong><\/li>\n<li><strong>Peso: 48 grs.<\/strong><\/li>\n<li><strong>Garant\u00eda<\/strong>: 6 meses contra defecto de fabricaci\u00f3n<\/li>\n<\/ul>\n<h4><\/h4>\n<h4><span style=\"color: #ff0000;\"><strong>* La garant\u00eda no cubre falla que se pueda dar por un uso intensivo.<\/strong><\/span><\/h4>\n<h5><\/h5>\n<h5><strong>*Las im\u00e1genes son a modo ilustrativo.<\/strong><\/h5>\n","protected":false},"excerpt":{"rendered":"<h3><span style=\"color: #339966;\"><strong>U$S 135<\/strong><\/span><\/h3>\n","protected":false},"featured_media":40367,"comment_status":"open","ping_status":"closed","template":"","meta":[],"_links":{"self":[{"href":"https:\/\/www.appoloviracel.com.uy\/index.php\/wp-json\/wp\/v2\/product\/40366"}],"collection":[{"href":"https:\/\/www.appoloviracel.com.uy\/index.php\/wp-json\/wp\/v2\/product"}],"about":[{"href":"https:\/\/www.appoloviracel.com.uy\/index.php\/wp-json\/wp\/v2\/types\/product"}],"replies":[{"embeddable":true,"href":"https:\/\/www.appoloviracel.com.uy\/index.php\/wp-json\/wp\/v2\/comments?post=40366"}],"wp:featuredmedia":[{"embeddable":true,"href":"https:\/\/www.appoloviracel.com.uy\/index.php\/wp-json\/wp\/v2\/media\/40367"}],"wp:attachment":[{"href":"https:\/\/www.appoloviracel.com.uy\/index.php\/wp-json\/wp\/v2\/media?parent=40366"}],"curies":[{"name":"wp","href":"https:\/\/api.w.org\/{rel}","templated":true}]}}