{"id":40360,"date":"2024-05-02T20:58:19","date_gmt":"2024-05-02T23:58:19","guid":{"rendered":"https:\/\/www.appoloviracel.com.uy\/?post_type=product&#038;p=40360"},"modified":"2024-06-04T21:20:51","modified_gmt":"2024-06-05T00:20:51","slug":"smartwatch-xiaomi-redmi-watch-3-active","status":"publish","type":"product","link":"https:\/\/www.appoloviracel.com.uy\/index.php\/product\/smartwatch-xiaomi-redmi-watch-3-active\/","title":{"rendered":"Smartwatch Xiaomi \u00abRedmi Watch 3 Active\u00bb"},"content":{"rendered":"<h2>Caracter\u00edsticas y especificaciones:<\/h2>\n<p>Tama\u00f1o de pantalla: 1,83&#8243;<br \/>\nTipo de visualizaci\u00f3n: LCD<br \/>\nResoluci\u00f3n de la pantalla: 240 * 280 p\u00edxeles<br \/>\nBrillo: hasta 450 nits<\/p>\n<p>Bluetooth: 5.3<br \/>\nGesti\u00f3n de llamadas: Si. Conecte su reloj a su tel\u00e9fono inteligente a trav\u00e9s de Bluetooth. Las llamadas telef\u00f3nicas se pueden responder en el reloj con solo un toque. Ya sea que est\u00e9 trabajando o haciendo ejercicio, puede levantar la mano para responder llamadas telef\u00f3nicas de una manera m\u00e1s fresca y conveniente.<\/p>\n<p>Duraci\u00f3n de la bater\u00eda: 12 d\u00edas. Coloque suavemente el reloj cerca del cargador y se adsorber\u00e1 autom\u00e1ticamente para cargarlo. La combinaci\u00f3n de hardware y software de bajo consumo de energ\u00eda proporciona hasta 12 d\u00edas de duraci\u00f3n de la bater\u00eda*, por lo que no tiene que preocuparse por la duraci\u00f3n de la bater\u00eda.<br \/>\nTiempo de carga: 2 horas.<br \/>\nCapacidad de la bater\u00eda: 289mAh<br \/>\nM\u00e9todo de carga: Base magn\u00e9tica.<\/p>\n<p>Modo de entrenamiento: M\u00e1s de 100 modos deportivos. Redmi Watch 3 Active te ofrece m\u00e1s de 100 modos deportivos, incluidos 10 modos deportivos profesionales*. Los sensores incorporados y los algoritmos deportivos profesionales pueden monitorear y analizar tu cuerpo cuando practicas tus deportes favoritos, mostrando tus esfuerzos de un vistazo.<\/p>\n<p>Monitor de sue\u00f1o: S\u00ed. Redmi Watch 3 Active puede registrar con precisi\u00f3n la duraci\u00f3n y el estado de su sue\u00f1o al monitorear continuamente el ox\u00edgeno en la sangre y la frecuencia card\u00edaca en diferentes etapas, como el sue\u00f1o profundo y el sue\u00f1o ligero, y brindarle sugerencias para mejorar el sue\u00f1o de acuerdo con los datos de monitoreo para optimizar la calidad de su sue\u00f1o.<\/p>\n<p>Monitor de pulso cardiaco: S\u00ed. Puede monitorear su frecuencia card\u00edaca las 24 horas del d\u00eda, los 7 d\u00edas de la semana, para que pueda ver los cambios de un vistazo. Las alertas se enviar\u00e1n cuando su frecuencia card\u00edaca sea alta, protegiendo su salud durante todo el d\u00eda.<\/p>\n<p>Medidor de ox\u00edgeno (SP02): S\u00ed. El sensor de oximetr\u00eda \u00f3ptica profesional detecta la saturaci\u00f3n de ox\u00edgeno en la sangre y le alerta sobre un nivel bajo de ox\u00edgeno en la sangre, prestando atenci\u00f3n constante a su salud.<\/p>\n<p>Control de volumen: S\u00ed.<br \/>\nControl de la m\u00fasica: S\u00ed.<\/p>\n<p>Requisitos: Android 6 o superior iOS 12 o superior<br \/>\nAPP: Xiaomi Wear<br \/>\nIdioma de APP: Espa\u00f1ol<\/p>\n<p>Resistencia al Agua: 5 ATM.<br \/>\nNo es resistente al vapor, no apto para duchas calientes, sauna, agua caliente, etc.<\/p>\n<ul>\n<li><strong>Garant\u00eda<\/strong>: 6 meses contra defecto de fabricaci\u00f3n<\/li>\n<\/ul>\n<h4><\/h4>\n<h4><span style=\"color: #ff0000;\"><strong>* La garant\u00eda no cubre falla que se pueda dar por un uso intensivo.<\/strong><\/span><\/h4>\n<h5><\/h5>\n<h5><strong>*Las im\u00e1genes son a modo ilustrativo.<\/strong><\/h5>\n","protected":false},"excerpt":{"rendered":"<h3><span style=\"color: #339966;\"><strong>U$S 59<\/strong><\/span><\/h3>\n","protected":false},"featured_media":40361,"comment_status":"open","ping_status":"closed","template":"","meta":[],"_links":{"self":[{"href":"https:\/\/www.appoloviracel.com.uy\/index.php\/wp-json\/wp\/v2\/product\/40360"}],"collection":[{"href":"https:\/\/www.appoloviracel.com.uy\/index.php\/wp-json\/wp\/v2\/product"}],"about":[{"href":"https:\/\/www.appoloviracel.com.uy\/index.php\/wp-json\/wp\/v2\/types\/product"}],"replies":[{"embeddable":true,"href":"https:\/\/www.appoloviracel.com.uy\/index.php\/wp-json\/wp\/v2\/comments?post=40360"}],"wp:featuredmedia":[{"embeddable":true,"href":"https:\/\/www.appoloviracel.com.uy\/index.php\/wp-json\/wp\/v2\/media\/40361"}],"wp:attachment":[{"href":"https:\/\/www.appoloviracel.com.uy\/index.php\/wp-json\/wp\/v2\/media?parent=40360"}],"curies":[{"name":"wp","href":"https:\/\/api.w.org\/{rel}","templated":true}]}}