{"id":40336,"date":"2024-04-19T18:11:45","date_gmt":"2024-04-19T21:11:45","guid":{"rendered":"https:\/\/www.appoloviracel.com.uy\/?post_type=product&#038;p=40336"},"modified":"2024-05-28T15:04:32","modified_gmt":"2024-05-28T18:04:32","slug":"teclado-mecanico-marvo-kg953-gaming","status":"publish","type":"product","link":"https:\/\/www.appoloviracel.com.uy\/index.php\/product\/teclado-mecanico-marvo-kg953-gaming\/","title":{"rendered":"Teclado Marvo \u00abKG953\u00bb Mec\u00e1nico &#8211; Gaming"},"content":{"rendered":"<h2>Caracter\u00edsticas y especificaciones:<\/h2>\n<ul>\n<li>TECLAS: 87.<\/li>\n<li>Luz de Fondo: 6 colores ARCOIRIS.<\/li>\n<li>Anti-ghosting 100%.<\/li>\n<li>Vida \u00datil: 50 millones de prensas APROX.<\/li>\n<li>Longitud del Cable: 1,6 m.<\/li>\n<li>Compatibilidad: WINDOWS 7 o +.<\/li>\n<li>Material: ABS.<\/li>\n<li>Peso: 860 g APROX.<\/li>\n<li>Dimensiones: 362 x 148 x 38 mm APROX.<\/li>\n<li>Color: NEGRO.<\/li>\n<li>Luz de fondo: RGB<\/li>\n<li>Soporte de sistema operativo: Windows 7 o m\u00e1s reciente<\/li>\n<li>Anti-ghosting completo: soporte de reinversi\u00f3n de teclas N<\/li>\n<li>Retroiluminaci\u00f3n RGB con LED individual para cada tecla<\/li>\n<li>M\u00faltiples esquemas de iluminaci\u00f3n seleccionables<\/li>\n<li>Software de personalizaci\u00f3n detallado: iluminaci\u00f3n de caracteres individuales, macro, teclas de reenlace y m\u00e1s<\/li>\n<li>Dise\u00f1o resistente con placa de metal incorporada y carcasa de ABS de alta calidad.<\/li>\n<\/ul>\n<h5><\/h5>\n<h5><strong>*Las im\u00e1genes son a modo ilustrativo<\/strong><\/h5>\n","protected":false},"excerpt":{"rendered":"<h3><span style=\"color: #339966;\"><strong>$ 890<\/strong><\/span><\/h3>\n","protected":false},"featured_media":40337,"comment_status":"open","ping_status":"closed","template":"","meta":[],"_links":{"self":[{"href":"https:\/\/www.appoloviracel.com.uy\/index.php\/wp-json\/wp\/v2\/product\/40336"}],"collection":[{"href":"https:\/\/www.appoloviracel.com.uy\/index.php\/wp-json\/wp\/v2\/product"}],"about":[{"href":"https:\/\/www.appoloviracel.com.uy\/index.php\/wp-json\/wp\/v2\/types\/product"}],"replies":[{"embeddable":true,"href":"https:\/\/www.appoloviracel.com.uy\/index.php\/wp-json\/wp\/v2\/comments?post=40336"}],"wp:featuredmedia":[{"embeddable":true,"href":"https:\/\/www.appoloviracel.com.uy\/index.php\/wp-json\/wp\/v2\/media\/40337"}],"wp:attachment":[{"href":"https:\/\/www.appoloviracel.com.uy\/index.php\/wp-json\/wp\/v2\/media?parent=40336"}],"curies":[{"name":"wp","href":"https:\/\/api.w.org\/{rel}","templated":true}]}}