{"id":40329,"date":"2024-04-18T18:42:24","date_gmt":"2024-04-18T21:42:24","guid":{"rendered":"https:\/\/www.appoloviracel.com.uy\/?post_type=product&#038;p=40329"},"modified":"2026-02-12T13:14:43","modified_gmt":"2026-02-12T16:14:43","slug":"auricular-jbl-tune-770nc-bluetooth","status":"publish","type":"product","link":"https:\/\/www.appoloviracel.com.uy\/index.php\/product\/auricular-jbl-tune-770nc-bluetooth\/","title":{"rendered":"Auricular JBL \u00abTune 770NC\u00bb (Bluetooth)"},"content":{"rendered":"<h2>Caracter\u00edsticas y especificaciones:<\/h2>\n<h6><strong>\u00a0<\/strong>Cancelaci\u00f3n de ruido adaptativa con Smart Ambient<\/h6>\n<p>La cancelaci\u00f3n de ruido adaptativa elimina las distracciones y permite centrarse en los estudios o la m\u00fasica. Si quieres escuchar lo que te rodea sin quitarte los auriculares, Smart Ambient y TalkThru realzan el sonido del entorno o las voces. Activa f\u00e1cilmente estos modos de control de sonido ambiental a trav\u00e9s de la aplicaci\u00f3n JBL Headphones.<\/p>\n<h6>Bluetooth 5.3 con audio LE *<\/h6>\n<p>Transmite de forma inal\u00e1mbrica sonido JBL Pure Bass de alta calidad desde tu smartphone con la ayuda de la \u00faltima tecnolog\u00eda Bluetooth. Optimiza el rendimiento de Bluetooth con la funci\u00f3n Smart Audio &amp; Video en la aplicaci\u00f3n JBL Headphones seleccionando los modos Audio (para la mejor calidad de sonido) o V\u00eddeo (para una salida de v\u00eddeo y juego \u00f3ptima). * Disponible mediante actualizaci\u00f3n OTA m\u00e1s adelante.<\/p>\n<h6>Sonido JBL Pure Bass<\/h6>\n<p>El modelo JBL Tune 770NC cuenta con el famoso sonido JBL Pure Bass, el mismo que usan las salas de conciertos m\u00e1s famosas del mundo.<\/p>\n<h5><strong>*Las im\u00e1genes son a modo ilustrativo.<\/strong><\/h5>\n","protected":false},"excerpt":{"rendered":"<h3><span style=\"color: #339966;\"><strong>$ 4.690<\/strong><\/span><\/h3>\n","protected":false},"featured_media":40330,"comment_status":"open","ping_status":"closed","template":"","meta":[],"_links":{"self":[{"href":"https:\/\/www.appoloviracel.com.uy\/index.php\/wp-json\/wp\/v2\/product\/40329"}],"collection":[{"href":"https:\/\/www.appoloviracel.com.uy\/index.php\/wp-json\/wp\/v2\/product"}],"about":[{"href":"https:\/\/www.appoloviracel.com.uy\/index.php\/wp-json\/wp\/v2\/types\/product"}],"replies":[{"embeddable":true,"href":"https:\/\/www.appoloviracel.com.uy\/index.php\/wp-json\/wp\/v2\/comments?post=40329"}],"wp:featuredmedia":[{"embeddable":true,"href":"https:\/\/www.appoloviracel.com.uy\/index.php\/wp-json\/wp\/v2\/media\/40330"}],"wp:attachment":[{"href":"https:\/\/www.appoloviracel.com.uy\/index.php\/wp-json\/wp\/v2\/media?parent=40329"}],"curies":[{"name":"wp","href":"https:\/\/api.w.org\/{rel}","templated":true}]}}