{"id":40322,"date":"2024-04-12T17:44:21","date_gmt":"2024-04-12T20:44:21","guid":{"rendered":"https:\/\/www.appoloviracel.com.uy\/?post_type=product&#038;p=40322"},"modified":"2024-11-28T10:24:12","modified_gmt":"2024-11-28T13:24:12","slug":"celular-samsung-galaxy-a35-5g-256gb-8gb","status":"publish","type":"product","link":"https:\/\/www.appoloviracel.com.uy\/index.php\/product\/celular-samsung-galaxy-a35-5g-256gb-8gb\/","title":{"rendered":"Celular Samsung \u00abGalaxy A35\u00bb 5G (256Gb-8Gb)"},"content":{"rendered":"<h2>Caracter\u00edsticas y especificaciones:<\/h2>\n<p>El <strong>Samsung Galaxy A35<\/strong> debuta con una pantalla Super AMOLED de 6.6 pulgadas con tasa de refresco de 120Hz. Por dentro, encontramos a un procesador Exynos 1380 junto con 8GB de RAM y hasta 256GB de almacenamiento, y una bater\u00eda de 5000 mAh con soporte para carga r\u00e1pida. En cuanto a fotograf\u00eda, el Galaxy A35 tiene una c\u00e1mara triple en su posterior con un sensor principal de 50MP y una c\u00e1mara selfie al frente de 13MP, completando sus caracter\u00edsticas con lector de huellas bajo pantalla, parlantes est\u00e9reo y resistencia al polvo y agua.<\/p>\n<ul>\n<li>Pantalla: 6.6&#8243;, 1080 * 2340 pixeles<\/li>\n<li>Procesador: Exynos 1380 2.4GHz<\/li>\n<li>RAM: 8GB<\/li>\n<li>Almacenamiento: 256GB<\/li>\n<li>Expansi\u00f3n: micro SD<\/li>\n<li>C\u00e1mara: Triple, 50MP+8MP+5MP<\/li>\n<li>Bater\u00eda: 5000 mAh<\/li>\n<li>OS: Android 14<\/li>\n<li>4 actualizaciones mayores de OS<\/li>\n<li>Parches seguridad: 5 a\u00f1os<\/li>\n<li>Perfil: 8.2 mm<\/li>\n<li>Peso: 209 grs.<\/li>\n<li>Se incluyen los siguientes accesorios: <strong>Cargador y Manual<\/strong><\/li>\n<li><strong>Garant\u00eda:<\/strong> 12 meses contra defecto de fabricaci\u00f3n<\/li>\n<\/ul>\n<h4><strong>\u00a0<\/strong><\/h4>\n<h4><span style=\"color: #ff0000;\"><strong>Contado efectivo: 10% de Descuento<\/strong><\/span><\/h4>\n<h5><strong>\u00a0*Las im\u00e1genes son a modo ilustrativo.<\/strong><\/h5>\n","protected":false},"excerpt":{"rendered":"<h3><span style=\"color: #339966;\"><strong>U$S 429<\/strong><\/span><\/h3>\n","protected":false},"featured_media":40323,"comment_status":"open","ping_status":"closed","template":"","meta":[],"_links":{"self":[{"href":"https:\/\/www.appoloviracel.com.uy\/index.php\/wp-json\/wp\/v2\/product\/40322"}],"collection":[{"href":"https:\/\/www.appoloviracel.com.uy\/index.php\/wp-json\/wp\/v2\/product"}],"about":[{"href":"https:\/\/www.appoloviracel.com.uy\/index.php\/wp-json\/wp\/v2\/types\/product"}],"replies":[{"embeddable":true,"href":"https:\/\/www.appoloviracel.com.uy\/index.php\/wp-json\/wp\/v2\/comments?post=40322"}],"wp:featuredmedia":[{"embeddable":true,"href":"https:\/\/www.appoloviracel.com.uy\/index.php\/wp-json\/wp\/v2\/media\/40323"}],"wp:attachment":[{"href":"https:\/\/www.appoloviracel.com.uy\/index.php\/wp-json\/wp\/v2\/media?parent=40322"}],"curies":[{"name":"wp","href":"https:\/\/api.w.org\/{rel}","templated":true}]}}