{"id":40321,"date":"2024-04-11T19:41:29","date_gmt":"2024-04-11T22:41:29","guid":{"rendered":"https:\/\/www.appoloviracel.com.uy\/?post_type=product&#038;p=40321"},"modified":"2024-11-11T18:47:25","modified_gmt":"2024-11-11T21:47:25","slug":"celular-xiaomi-redmi-note13pro-5g-512gb-12gb","status":"publish","type":"product","link":"https:\/\/www.appoloviracel.com.uy\/index.php\/product\/celular-xiaomi-redmi-note13pro-5g-512gb-12gb\/","title":{"rendered":"Celular Xiaomi \u00abRedmi Note13Pro\u00bb 5G (512Gb-12Gb)"},"content":{"rendered":"<h2>Caracter\u00edsticas y especificaciones:<strong>\u00a0<\/strong><\/h2>\n<h4><span style=\"color: #ff0000;\"><strong>Apto para LTE de todas las compa\u00f1\u00edas.<\/strong><\/span><\/h4>\n<p>El <strong>Xiaomi Redmi Note 13 Pro<\/strong> es la variante 4G del smartphone de mismo nombre, reemplazando el chip Dimensity 6080 por un Qualcomm Snapdragon\u00ae 7s Gen 2 (SM7435). Es decir que el Redmi Note 13 Pro cuenta con una pantalla AMOLED de 6.67 pulgadas con resoluci\u00f3n FHD+ y tasa de refresco de 120Hz, c\u00e1mara triple con sensor principal de 200MP, bater\u00eda de 5000 mAh con soporte para carga r\u00e1pida, lector de huellas y salida para auriculares de 3.5mm<\/p>\n<ul>\n<li>Pantalla: 6.67&#8243;, 1080 * 2400 pixeles<\/li>\n<li>Procesador: Qualcomm Snapdragon\u00ae 7s Gen 2 (SM7435)<\/li>\n<li>RAM: 12GB<\/li>\n<li>Almacenamiento: 512GB<\/li>\n<li>Expansi\u00f3n: microSD<\/li>\n<li>C\u00e1mara: Triple, 200MP+8MP+2MP<\/li>\n<li>Bater\u00eda: 5000 mAh<\/li>\n<li>OS: Android 13<\/li>\n<li>Perfil: 8 mm<\/li>\n<li>Peso: 188 grs.<\/li>\n<li>Se incluyen los siguientes accesorios: <strong>Cargador y Manual <\/strong><\/li>\n<li><strong>Garant\u00eda:<\/strong> 12 meses contra defecto de fabricaci\u00f3n<\/li>\n<\/ul>\n<h4><strong>\u00a0<\/strong><\/h4>\n<h4><span style=\"color: #ff0000;\"><strong>Contado efectivo: 10% de Descuento<\/strong><\/span><\/h4>\n<h5><strong>*Las im\u00e1genes son a modo ilustrativo.<\/strong><\/h5>\n<h2><\/h2>\n","protected":false},"excerpt":{"rendered":"<h3><strong><span style=\"font-family: 'Cambria','serif'; color: #339966;\">U$S 525<\/span><\/strong><\/h3>\n","protected":false},"featured_media":40154,"comment_status":"open","ping_status":"closed","template":"","meta":[],"_links":{"self":[{"href":"https:\/\/www.appoloviracel.com.uy\/index.php\/wp-json\/wp\/v2\/product\/40321"}],"collection":[{"href":"https:\/\/www.appoloviracel.com.uy\/index.php\/wp-json\/wp\/v2\/product"}],"about":[{"href":"https:\/\/www.appoloviracel.com.uy\/index.php\/wp-json\/wp\/v2\/types\/product"}],"replies":[{"embeddable":true,"href":"https:\/\/www.appoloviracel.com.uy\/index.php\/wp-json\/wp\/v2\/comments?post=40321"}],"wp:featuredmedia":[{"embeddable":true,"href":"https:\/\/www.appoloviracel.com.uy\/index.php\/wp-json\/wp\/v2\/media\/40154"}],"wp:attachment":[{"href":"https:\/\/www.appoloviracel.com.uy\/index.php\/wp-json\/wp\/v2\/media?parent=40321"}],"curies":[{"name":"wp","href":"https:\/\/api.w.org\/{rel}","templated":true}]}}