{"id":40314,"date":"2024-04-07T20:38:13","date_gmt":"2024-04-07T23:38:13","guid":{"rendered":"https:\/\/www.appoloviracel.com.uy\/?post_type=product&#038;p=40314"},"modified":"2024-11-28T10:22:34","modified_gmt":"2024-11-28T13:22:34","slug":"celular-samsung-galaxy-a55-5g-256gb-8gb","status":"publish","type":"product","link":"https:\/\/www.appoloviracel.com.uy\/index.php\/product\/celular-samsung-galaxy-a55-5g-256gb-8gb\/","title":{"rendered":"Celular Samsung \u00abGalaxy A55\u00bb 5G (256Gb-8Gb)"},"content":{"rendered":"<h2>Caracter\u00edsticas y especificaciones:<\/h2>\n<p>El <strong>Samsung Galaxy A55<\/strong> debuta con una pantalla AMOLED de 6.6 pulgadas con tasa de refresco de 120Hz y potenciado por un procesador Exynos 1480 con hasta 12GB de RAM y 256GB de almacenamiento. La c\u00e1mara trasera es triple y est\u00e1 liderada por un sensor de 50MP con OIS, y la c\u00e1mara selfie es de 32MP. Una bater\u00eda de 5000 mAh con soporte para carga r\u00e1pida alimenta al Samsung Galaxy A55, que completa sus caracter\u00edsticas con parlantes stereo, lector de huellas integrado en la pantalla, resistencia al polvo y agua, y corre Androi 14.<\/p>\n<ul>\n<li>Pantalla: 6.6&#8243;, 1080 x 2340 pixels<\/li>\n<li>Procesador: Exynos 1380 2.7GHz<\/li>\n<li>RAM: 8GB<\/li>\n<li>Almacenamiento: 256GB<\/li>\n<li>Expansi\u00f3n: microSD<\/li>\n<li>C\u00e1mara: Triple, 50MP+12MP+5MP<\/li>\n<li>Bater\u00eda: 5000 mAh<\/li>\n<li>OS: Android 14<\/li>\n<li>4 actualizaciones mayores de OS<\/li>\n<li>Parches seguridad: 5 a\u00f1os<\/li>\n<li>Perfil: 8.2 mm<\/li>\n<li>Peso: 213 grs.<\/li>\n<li>Se incluyen los siguientes accesorios: <strong>Cargador y Manual<\/strong><\/li>\n<li><strong>Garant\u00eda:<\/strong> 12 meses contra defecto de fabricaci\u00f3n<\/li>\n<\/ul>\n<p><strong>\u00a0<\/strong><\/p>\n<h4><span style=\"color: #ff0000;\"><strong>Contado efectivo: 10% de Descuento<\/strong><\/span><\/h4>\n<h5><strong>*Las im\u00e1genes son a modo ilustrativo.<\/strong><\/h5>\n","protected":false},"excerpt":{"rendered":"<h3><span style=\"color: #339966;\"><strong>U$S 499<\/strong><\/span><\/h3>\n","protected":false},"featured_media":40315,"comment_status":"open","ping_status":"closed","template":"","meta":[],"_links":{"self":[{"href":"https:\/\/www.appoloviracel.com.uy\/index.php\/wp-json\/wp\/v2\/product\/40314"}],"collection":[{"href":"https:\/\/www.appoloviracel.com.uy\/index.php\/wp-json\/wp\/v2\/product"}],"about":[{"href":"https:\/\/www.appoloviracel.com.uy\/index.php\/wp-json\/wp\/v2\/types\/product"}],"replies":[{"embeddable":true,"href":"https:\/\/www.appoloviracel.com.uy\/index.php\/wp-json\/wp\/v2\/comments?post=40314"}],"wp:featuredmedia":[{"embeddable":true,"href":"https:\/\/www.appoloviracel.com.uy\/index.php\/wp-json\/wp\/v2\/media\/40315"}],"wp:attachment":[{"href":"https:\/\/www.appoloviracel.com.uy\/index.php\/wp-json\/wp\/v2\/media?parent=40314"}],"curies":[{"name":"wp","href":"https:\/\/api.w.org\/{rel}","templated":true}]}}