{"id":40307,"date":"2024-04-05T19:29:44","date_gmt":"2024-04-05T22:29:44","guid":{"rendered":"https:\/\/www.appoloviracel.com.uy\/?post_type=product&#038;p=40307"},"modified":"2025-08-26T11:32:32","modified_gmt":"2025-08-26T14:32:32","slug":"celular-bright-flip-redi-fr150-4g-4gb-1gb-whatsapp","status":"publish","type":"product","link":"https:\/\/www.appoloviracel.com.uy\/index.php\/product\/celular-bright-flip-redi-fr150-4g-4gb-1gb-whatsapp\/","title":{"rendered":"Celular Bright Flip Redi \u00abFR150\u00bb 4G (4Gb-1Gb) + WhatsApp"},"content":{"rendered":"<h2><strong>Caracter\u00edsticas y especificaciones:<\/strong><\/h2>\n<p>El Bright Flip Phone es un tel\u00e9fono sencillo con una funci\u00f3n dedicada de seguridad y seguimiento. Incluye todas las funciones imprescindibles y una excelente claridad de llamadas, adem\u00e1s de opciones adicionales de seguridad y comodidad, junto con las mejores especificaciones de su clase. El Bright flip tiene una linterna dedicada m\u00e1s brillante que cualquiera de su clase. El bot\u00f3n de p\u00e1nico SOS es una funci\u00f3n de seguridad personalizable para cualquier persona que desee seguridad a pedido con solo tocar un bot\u00f3n. Personal\u00edcelo para marcar el 911 cuando lo presione durante m\u00e1s de 3 segundos, cambiar al modo de altavoz y m\u00e1s.<\/p>\n<ul>\n<li>WhatsAppp<\/li>\n<li>Linterna LED extra brillante integrada<\/li>\n<li>HAC M4\/T4, Voz HD, VoLTE, Qualcomm<\/li>\n<li>Funci\u00f3n de seguridad integrada y bot\u00f3n de p\u00e1nico<\/li>\n<li>Modo de altavoz de alto volumen *100dB<\/li>\n<li>Conversaci\u00f3n extendida, bater\u00eda grande de 1600 mAh<\/li>\n<li>Construcci\u00f3n s\u00f3lida y clasificaci\u00f3n IP52<\/li>\n<li>Dise\u00f1o de teclado de gran formato<\/li>\n<li>Pantalla principal QVGA-262K grande y brillante de 2,8\u201d, pantalla externa de 1,54\u201d<\/li>\n<li>Sensor Hall equipado para facilitar su uso en las pantallas LCD duales<\/li>\n<li>Conector para auriculares est\u00e1ndar americano de 3,5 mm<\/li>\n<li>Model Number: R3Di FR150 Bright<\/li>\n<li>MPN: FR150<\/li>\n<li>Style: Flip<\/li>\n<li>Procesador: Quad Core<\/li>\n<li>Pantalla: 2.8 pulgadas<\/li>\n<li>Color: Gray<\/li>\n<li>Tarjeta de Memoria Tipo: MicroSD<\/li>\n<li>Lock Status: Factory Unlocked<\/li>\n<li>SIM Card Slot: Single SIM<\/li>\n<li>Network: Consumer Cellular, Metro, Q Link Wireless, T-Mobile, Unlocked<\/li>\n<li>Conectividad: 4G, LTE<\/li>\n<li>Sistema Operativo: KAI OS<\/li>\n<li>Caracteristicas: Bluetooth Enabled, Camera, Color Screen, GPS, Video Camera, Wi-Fi Capable<\/li>\n<li>Capacidad: 4 GB<\/li>\n<li>RAM: 1 GB<\/li>\n<li>C\u00e1mara Resoluci\u00f3n: 2.0 MP<\/li>\n<li>Bater\u00eda 1.600 mAh (Extra\u00edble)<\/li>\n<li>Tiempo de conversaci\u00f3n hasta 5 horas Hasta 8 d\u00edas de tiempo en espera<\/li>\n<li>C\u00e1mara, Fotos y V\u00eddeo 2 MP Enfoque Fijo y v\u00eddeo 720p<\/li>\n<li>Flash LED de 70 l\u00famenes.<\/li>\n<li>Compatible con 4G LTE<\/li>\n<li>Wi-Fi, Hotspot, Bluetooth BTE4.2, GPS, AGPS, Radio FM, Micro USB 2.0<\/li>\n<li>Memoria 4GB de memoria de usuario disponible<\/li>\n<li>Ranura Micro SD de 32 GB, ranura para tarjeta SIM 4FF<\/li>\n<li>Sistema operativo KAI OS 2.5<\/li>\n<li>Procesador Qualcomm MSM 8909<\/li>\n<li>Se incluyen los siguientes accesorios: Cargador y Manual<\/li>\n<li>Garant\u00eda: 6 meses contra defecto de fabricaci\u00f3n<\/li>\n<\/ul>\n<h5><\/h5>\n<h5><strong>*Las im\u00e1genes son a modo ilustrativo.<\/strong><\/h5>\n","protected":false},"excerpt":{"rendered":"<h3><span style=\"color: #ff0000;\"><strong>\u00abArt\u00edculo Agotado\u00bb<\/strong><\/span><\/h3>\n","protected":false},"featured_media":40308,"comment_status":"open","ping_status":"closed","template":"","meta":[],"_links":{"self":[{"href":"https:\/\/www.appoloviracel.com.uy\/index.php\/wp-json\/wp\/v2\/product\/40307"}],"collection":[{"href":"https:\/\/www.appoloviracel.com.uy\/index.php\/wp-json\/wp\/v2\/product"}],"about":[{"href":"https:\/\/www.appoloviracel.com.uy\/index.php\/wp-json\/wp\/v2\/types\/product"}],"replies":[{"embeddable":true,"href":"https:\/\/www.appoloviracel.com.uy\/index.php\/wp-json\/wp\/v2\/comments?post=40307"}],"wp:featuredmedia":[{"embeddable":true,"href":"https:\/\/www.appoloviracel.com.uy\/index.php\/wp-json\/wp\/v2\/media\/40308"}],"wp:attachment":[{"href":"https:\/\/www.appoloviracel.com.uy\/index.php\/wp-json\/wp\/v2\/media?parent=40307"}],"curies":[{"name":"wp","href":"https:\/\/api.w.org\/{rel}","templated":true}]}}