{"id":40302,"date":"2024-04-04T20:04:11","date_gmt":"2024-04-04T23:04:11","guid":{"rendered":"https:\/\/www.appoloviracel.com.uy\/?post_type=product&#038;p=40302"},"modified":"2024-05-22T12:15:41","modified_gmt":"2024-05-22T15:15:41","slug":"smartwatch-xiaomi-mibro-whatch-c3","status":"publish","type":"product","link":"https:\/\/www.appoloviracel.com.uy\/index.php\/product\/smartwatch-xiaomi-mibro-whatch-c3\/","title":{"rendered":"Smartwatch Xiaomi \u00abMibro Whatch C3\u00bb"},"content":{"rendered":"<h2>Caracter\u00edsticas y especificaciones:<\/h2>\n<p>El XIAOMI Mibro C3 Smartwatch en azul marino es un compa\u00f1ero elegante y moderno para tu vida cotidiana. Este smartwatch cuenta con una correa de silicona de 22 mm que es c\u00f3moda de llevar durante todo el d\u00eda. Con su dise\u00f1o inteligente y funcional, combina a la perfecci\u00f3n las caracter\u00edsticas de un reloj tradicional con las capacidades avanzadas de un smartwatch moderno.<\/p>\n<p>Equipado con una pantalla t\u00e1ctil a color de 1,28 pulgadas, el XIAOMI Mibro C3 te permite navegar f\u00e1cilmente por sus diversas funciones y controlar tus actividades de salud y fitness. Viene con varios modos deportivos, incluyendo correr, andar en bicicleta y nadar, lo que lo hace perfecto para los entusiastas del fitness.<\/p>\n<p>El smartwatch ofrece funciones de seguimiento de salud integrales como el control de la frecuencia card\u00edaca, el seguimiento del sue\u00f1o y los recordatorios sedentarios para ayudarte a llevar un estilo de vida saludable. Tambi\u00e9n te proporciona notificaciones de llamadas, mensajes y aplicaciones de redes sociales, asegur\u00e1ndote de que nunca te pierdas una actualizaci\u00f3n importante mientras est\u00e1s en movimiento.<\/p>\n<p>Con una duraci\u00f3n de bater\u00eda de 12 d\u00edas, el XIAOMI Mibro C3 se adapta a tu apretada agenda sin necesidad de recargarlo con frecuencia. Es compatible con dispositivos Android e iOS, lo que te permite emparejarlo con tu smartphone para una sincronizaci\u00f3n perfecta de datos.<\/p>\n<ul>\n<li><strong>Conexi\u00f3n BLE 5.3<\/strong><\/li>\n<li><strong>Cuerpo material: Cemento Metal + Pl\u00e1stico<\/strong><\/li>\n<li><strong>Material de la correa: Gel de s\u00edlice, tejido<\/strong><\/li>\n<li><strong>Tama\u00f1o de la correa: Ancho 22 mm, largo expandido 254 mm<\/strong><\/li>\n<li><strong>Capacidad de la bater\u00eda: 350mAh<\/strong><\/li>\n<li><strong>M\u00e9todo de carga: Puerto de carga magn\u00e9tico para dedal<\/strong><\/li>\n<li><strong>Duraci\u00f3n de la bater\u00eda: Modalidad diaria: 10 d\u00edas, Modalidad b\u00e1sica: 50 d\u00edas<\/strong><\/li>\n<li><strong>Grado de resistencia al agua: 2 ATM<\/strong><\/li>\n<li><strong>Botones: 1<\/strong><\/li>\n<li><strong>Idiomas: 35 idiomas<\/strong><\/li>\n<li><strong>Modo deportivo: 70 modos<\/strong><\/li>\n<li><strong>Llamadas Bluetooth: S\u00ed<\/strong><\/li>\n<li><strong>GPS: N \/ A<\/strong><\/li>\n<li><strong>Pantalla t\u00e1ctil HD de 1,85 pulgadas<\/strong><\/li>\n<li><strong>Resoluci\u00f3n de pantalla: 240*284<\/strong><\/li>\n<li><strong>Tama\u00f1o del producto: 4739,511,8 mm (sin controlador de frecuencia card\u00edaca)<\/strong><\/li>\n<li><strong>Peso del producto: 43,5 grs. (incluida la correa)<\/strong><\/li>\n<li><strong>Garant\u00eda<\/strong>: 6 meses contra defecto de fabricaci\u00f3n<\/li>\n<\/ul>\n<h4><strong>\u00a0<\/strong><\/h4>\n<h4><span style=\"color: #ff0000;\"><strong>* La garant\u00eda no cubre falla que se pueda dar por un uso intensivo.<\/strong><\/span><\/h4>\n<h5><strong>\u00a0*Las im\u00e1genes son a modo ilustrativo.<\/strong><\/h5>\n","protected":false},"excerpt":{"rendered":"<h3><span style=\"color: #339966;\"><strong>$ 2.300<\/strong><\/span><\/h3>\n","protected":false},"featured_media":40303,"comment_status":"open","ping_status":"closed","template":"","meta":[],"_links":{"self":[{"href":"https:\/\/www.appoloviracel.com.uy\/index.php\/wp-json\/wp\/v2\/product\/40302"}],"collection":[{"href":"https:\/\/www.appoloviracel.com.uy\/index.php\/wp-json\/wp\/v2\/product"}],"about":[{"href":"https:\/\/www.appoloviracel.com.uy\/index.php\/wp-json\/wp\/v2\/types\/product"}],"replies":[{"embeddable":true,"href":"https:\/\/www.appoloviracel.com.uy\/index.php\/wp-json\/wp\/v2\/comments?post=40302"}],"wp:featuredmedia":[{"embeddable":true,"href":"https:\/\/www.appoloviracel.com.uy\/index.php\/wp-json\/wp\/v2\/media\/40303"}],"wp:attachment":[{"href":"https:\/\/www.appoloviracel.com.uy\/index.php\/wp-json\/wp\/v2\/media?parent=40302"}],"curies":[{"name":"wp","href":"https:\/\/api.w.org\/{rel}","templated":true}]}}