{"id":40295,"date":"2024-04-03T17:36:45","date_gmt":"2024-04-03T20:36:45","guid":{"rendered":"https:\/\/www.appoloviracel.com.uy\/?post_type=product&#038;p=40295"},"modified":"2026-02-12T10:54:18","modified_gmt":"2026-02-12T13:54:18","slug":"smartwatch-xiaomi-mibro-whatch-t2","status":"publish","type":"product","link":"https:\/\/www.appoloviracel.com.uy\/index.php\/product\/smartwatch-xiaomi-mibro-whatch-t2\/","title":{"rendered":"Smartwatch Xiaomi \u00abMibro Whatch T2\u00bb"},"content":{"rendered":"<h2>Caracter\u00edsticas y especificaciones:<\/h2>\n<p>El Reloj Inteligente Mibro Watch T2 es un smartwatch multifuncional con una pantalla de 1,75\u00bb, GPS, monitor de frecuencia card\u00edaca, monitor de sue\u00f1o y mucho m\u00e1s. Es perfecto para hombres y mujeres que buscan un reloj deportivo y elegante.<\/p>\n<ul>\n<li><strong>Modelo del producto XPAW0012<\/strong><\/li>\n<li><strong>Conexi\u00f3n Bluetooth 5.3<\/strong><\/li>\n<li><strong>Capacidad de la bater\u00eda 300mAh<\/strong><\/li>\n<li><strong>M\u00e9todo de carga Puerto de carga magn\u00e9tico<\/strong><\/li>\n<li><strong>Duraci\u00f3n de la bater\u00eda Modalidad diaria: 10 d\u00edas<\/strong><\/li>\n<li><strong>Modalidad B\u00e1sica: 45 d\u00edas<\/strong><\/li>\n<li><strong>Modalidad GPS: 11 horas<\/strong><\/li>\n<li><strong>Modalidad LLamadas Bluetooth: 6 horas<\/strong><\/li>\n<li><strong>Modalidad M\u00fasica: 4.5 horas<\/strong><\/li>\n<li><strong>Llamadas Bluetooth <\/strong><\/li>\n<li><strong>Pantalla t\u00e1ctil Amoled 1.75&#8243;<\/strong><\/li>\n<li><strong>Resoluci\u00f3n: 390*450<\/strong><\/li>\n<li><strong>Posicionamiento satelital GPS<\/strong><\/li>\n<li><strong>35 idiomas<\/strong><\/li>\n<li><strong>105 modos de deporte<\/strong><\/li>\n<li><strong>Monitoreo inteligente de la salud<\/strong><\/li>\n<li><strong>2ATM a prueba de agua<\/strong><\/li>\n<li><strong>Tama\u00f1o del producto: 5.95*36.67*11.3 mm<\/strong><\/li>\n<li><strong>Peso: 53.7 grs. (inclu\u00edda la correa)<\/strong><\/li>\n<li><strong>Con correa de silicona extra.<\/strong><\/li>\n<li><strong>Garant\u00eda<\/strong>: 6 meses contra defecto de fabricaci\u00f3n<\/li>\n<\/ul>\n<h4><strong>\u00a0<\/strong><\/h4>\n<h4><span style=\"color: #ff0000;\"><strong>* La garant\u00eda no cubre falla que se pueda dar por un uso intensivo.<\/strong><\/span><\/h4>\n<h5><strong>\u00a0*Las im\u00e1genes son a modo ilustrativo.<\/strong><\/h5>\n","protected":false},"excerpt":{"rendered":"<h3><span style=\"color: #339966;\"><strong>$ 3.490<\/strong><\/span><\/h3>\n","protected":false},"featured_media":40296,"comment_status":"open","ping_status":"closed","template":"","meta":[],"_links":{"self":[{"href":"https:\/\/www.appoloviracel.com.uy\/index.php\/wp-json\/wp\/v2\/product\/40295"}],"collection":[{"href":"https:\/\/www.appoloviracel.com.uy\/index.php\/wp-json\/wp\/v2\/product"}],"about":[{"href":"https:\/\/www.appoloviracel.com.uy\/index.php\/wp-json\/wp\/v2\/types\/product"}],"replies":[{"embeddable":true,"href":"https:\/\/www.appoloviracel.com.uy\/index.php\/wp-json\/wp\/v2\/comments?post=40295"}],"wp:featuredmedia":[{"embeddable":true,"href":"https:\/\/www.appoloviracel.com.uy\/index.php\/wp-json\/wp\/v2\/media\/40296"}],"wp:attachment":[{"href":"https:\/\/www.appoloviracel.com.uy\/index.php\/wp-json\/wp\/v2\/media?parent=40295"}],"curies":[{"name":"wp","href":"https:\/\/api.w.org\/{rel}","templated":true}]}}