{"id":40280,"date":"2024-03-15T19:04:42","date_gmt":"2024-03-15T22:04:42","guid":{"rendered":"https:\/\/www.appoloviracel.com.uy\/?post_type=product&#038;p=40280"},"modified":"2024-12-13T17:09:54","modified_gmt":"2024-12-13T20:09:54","slug":"celular-xiaomi-poco-x6-5g-256gb-12gb","status":"publish","type":"product","link":"https:\/\/www.appoloviracel.com.uy\/index.php\/product\/celular-xiaomi-poco-x6-5g-256gb-12gb\/","title":{"rendered":"Celular Xiaomi \u00abPoco X6\u00bb 5G (256Gb-12Gb)"},"content":{"rendered":"<h2>Caracter\u00edsticas y especificaciones:<\/h2>\n<p>El <strong>Xiaomi Poco X6<\/strong> es un smartphone Android con una pantalla AMOLED de 6.67 pulgadas con tasa de refresco de 120Hz y potenciado por un procesador Snapdragon 7s Gen 2 con hasta 12GB de RAM y 512GB de almacenamiento interno. La c\u00e1mara principal del Poco X6 es triple y est\u00e1 liderada por un sensor de 64MP con OIS, y la c\u00e1mara selfie es de 16MP. La energ\u00eda corre por cuenta de una bater\u00eda de 5100 mAh con soporte para carga r\u00e1pida, con el Poco X6 completando sus caracter\u00edsticas con parlantes duales, lector de huella bajo pantalla, resistencia a salpicaduras y Android 13.<\/p>\n<ul>\n<li>Pantalla: 6.67&#8243;, 1220 * 2712 pixeles<\/li>\n<li>Procesador: Snapdragon 7s Gen 2 2.4GHz<\/li>\n<li>RAM: 12GB<\/li>\n<li>Almacenamiento: 256GB<\/li>\n<li>Expansi\u00f3n: sin microSD<\/li>\n<li>C\u00e1mara: Triple, 64MP+8MP+2MP<\/li>\n<li>Bater\u00eda: 5100 mAh<\/li>\n<li>OS: Android 13<\/li>\n<li>3 actualizaciones mayores de OS<\/li>\n<li>Parches seguridad: 4 a\u00f1os<\/li>\n<li>Perfil: 8 mm<\/li>\n<li>Peso: 181 grs.<\/li>\n<li>Se incluyen los siguientes accesorios: <strong>Cargador y Manual<\/strong><\/li>\n<li><strong>Garant\u00eda:<\/strong> 12 meses contra defecto de fabricaci\u00f3n<\/li>\n<\/ul>\n<p><strong>\u00a0<\/strong><\/p>\n<h4><span style=\"color: #ff0000;\"><strong>\u00a0Contado efectivo: 10% de Descuento<\/strong><\/span><\/h4>\n<h5><strong>*Las im\u00e1genes son a modo ilustrativo.<\/strong><\/h5>\n","protected":false},"excerpt":{"rendered":"<h3><strong><span style=\"font-family: 'Cambria','serif'; color: #339966;\">U$S 369<\/span><\/strong><\/h3>\n","protected":false},"featured_media":40281,"comment_status":"open","ping_status":"closed","template":"","meta":[],"_links":{"self":[{"href":"https:\/\/www.appoloviracel.com.uy\/index.php\/wp-json\/wp\/v2\/product\/40280"}],"collection":[{"href":"https:\/\/www.appoloviracel.com.uy\/index.php\/wp-json\/wp\/v2\/product"}],"about":[{"href":"https:\/\/www.appoloviracel.com.uy\/index.php\/wp-json\/wp\/v2\/types\/product"}],"replies":[{"embeddable":true,"href":"https:\/\/www.appoloviracel.com.uy\/index.php\/wp-json\/wp\/v2\/comments?post=40280"}],"wp:featuredmedia":[{"embeddable":true,"href":"https:\/\/www.appoloviracel.com.uy\/index.php\/wp-json\/wp\/v2\/media\/40281"}],"wp:attachment":[{"href":"https:\/\/www.appoloviracel.com.uy\/index.php\/wp-json\/wp\/v2\/media?parent=40280"}],"curies":[{"name":"wp","href":"https:\/\/api.w.org\/{rel}","templated":true}]}}