{"id":40261,"date":"2023-11-17T12:19:26","date_gmt":"2023-11-17T15:19:26","guid":{"rendered":"https:\/\/www.appoloviracel.com.uy\/?post_type=product&#038;p=40261"},"modified":"2024-03-09T13:27:16","modified_gmt":"2024-03-09T16:27:16","slug":"smartwatch-xiaomi-smart-band-8-active","status":"publish","type":"product","link":"https:\/\/www.appoloviracel.com.uy\/index.php\/product\/smartwatch-xiaomi-smart-band-8-active\/","title":{"rendered":"Smartwatch Xiaomi \u00abSmart Band 8\u00bb Active"},"content":{"rendered":"<h2>Caracter\u00edsticas y especificaciones:<\/h2>\n<p>Activa tu d\u00eda con una pantalla grande y brillante<\/p>\n<p>La Xiaomi Smartband Mi Band 8 Active tiene una pantalla LCD de 1.47 pulgadas que te permite ver m\u00e1s informaci\u00f3n y contenido atractivo. Puedes controlar tu ritmo card\u00edaco mientras haces ejercicio, o echar un vistazo a las noticias durante tu viaje, con solo mover la mu\u00f1eca. La pantalla tiene una resoluci\u00f3n de 172 x 320 p\u00edxeles, una densidad de p\u00edxeles de 247 PPI y un brillo m\u00e1ximo de 450 nits, lo que te ofrece una visualizaci\u00f3n v\u00edvida y clara.<\/p>\n<p>Disfruta de m\u00e1s de 50 modos deportivos y un seguimiento completo de tu salud<\/p>\n<p>Te ayuda a mantenerte activo con m\u00e1s de 50 modos deportivos, incluyendo 10 modos profesionales, adecuados para principiantes y expertos. Puedes registrar la duraci\u00f3n y las calor\u00edas de tu ejercicio, y hacer que tu actividad f\u00edsica sea m\u00e1s gratificante. Adem\u00e1s, la pulsera te ofrece un seguimiento de tu salud durante todo el d\u00eda, con funciones como la medici\u00f3n de la saturaci\u00f3n de ox\u00edgeno en sangre, el ritmo card\u00edaco, el sue\u00f1o, el estr\u00e9s y la salud femenina.<\/p>\n<p>Luce un dise\u00f1o elegante y c\u00f3modo, con una bater\u00eda de larga duraci\u00f3n<\/p>\n<p>Tiene un dise\u00f1o ligero y delgado, con un grosor de solo 9.99 mm, que te ofrece una comodidad \u00f3ptima. El material TPU de la correa es suave, liso y m\u00e1s resistente al agua, lo que te permite ejercitarte libremente. La pulsera tiene una resistencia al agua de 5 ATM, lo que significa que puedes nadar con ella sin problemas. Adem\u00e1s, puedes personalizar tu pulsera con m\u00e1s de 100 car\u00e1tulas de reloj para elegir, y combinarlas con las correas de diferentes colores. La bater\u00eda de la pulsera tiene una duraci\u00f3n de hasta 14 d\u00edas con una sola carga, y se recarga de forma c\u00f3moda y r\u00e1pida con un sistema magn\u00e9tico.<\/p>\n<ul>\n<li>Funciones<\/li>\n<li>+50 modos deportivos<\/li>\n<li>Segumiento de la salud<\/li>\n<li>Notificaciones inteligentes<\/li>\n<li>Medici\u00f3n de la frecuencia card\u00edaca<\/li>\n<li>Medici\u00f3n de ox\u00edgeno en sangre<\/li>\n<li>Seguimiento del ciclo femenino<\/li>\n<li>Monitoreo del sue\u00f1o<\/li>\n<li>Monitoreo del estr\u00e9s<\/li>\n<li>Hora<\/li>\n<li>Cron\u00f3metro<\/li>\n<\/ul>\n<p>&nbsp;<\/p>\n<ul>\n<li>Especificaciones<\/li>\n<li>Dimensiones: 42.8 x 25.4 x 10 mm<\/li>\n<li>Peso: 27 g<\/li>\n<li>Display: Pantalla LCD de 1.47\u00bb;\u00a0 Resoluci\u00f3n de 172 x 320 pixeles (247 ppi); Brillo hasta 450 nits<\/li>\n<li>Sensores: Sensor de ritmo card\u00edaco; Sensor de saturaci\u00f3n de ox\u00edgeno en sangre: Sensor de aceleraci\u00f3n; Sensor de giroscopio<\/li>\n<li>Bater\u00eda: Capacidad 180 mAh; Autonom\u00eda de hasta 14 d\u00edas; Carga magn\u00e9tica<\/li>\n<li>Conectividad: Bluetooth v5.1<\/li>\n<li>Resistencia al agua de 5 ATM<\/li>\n<li>Garant\u00eda: 3 meses contra defecto de fabricaci\u00f3n<\/li>\n<\/ul>\n<h4><\/h4>\n<h4><span style=\"color: #ff0000;\"><strong>* La garant\u00eda no cubre falla que se pueda dar por un uso intensivo.<\/strong><\/span><\/h4>\n<h5><strong>*Las im\u00e1genes son a modo ilustrativo.<\/strong><\/h5>\n","protected":false},"excerpt":{"rendered":"<h3><strong><span style=\"font-family: 'Cambria','serif'; color: #339966;\">U$S 39<\/span><\/strong><\/h3>\n","protected":false},"featured_media":40262,"comment_status":"open","ping_status":"closed","template":"","meta":[],"_links":{"self":[{"href":"https:\/\/www.appoloviracel.com.uy\/index.php\/wp-json\/wp\/v2\/product\/40261"}],"collection":[{"href":"https:\/\/www.appoloviracel.com.uy\/index.php\/wp-json\/wp\/v2\/product"}],"about":[{"href":"https:\/\/www.appoloviracel.com.uy\/index.php\/wp-json\/wp\/v2\/types\/product"}],"replies":[{"embeddable":true,"href":"https:\/\/www.appoloviracel.com.uy\/index.php\/wp-json\/wp\/v2\/comments?post=40261"}],"wp:featuredmedia":[{"embeddable":true,"href":"https:\/\/www.appoloviracel.com.uy\/index.php\/wp-json\/wp\/v2\/media\/40262"}],"wp:attachment":[{"href":"https:\/\/www.appoloviracel.com.uy\/index.php\/wp-json\/wp\/v2\/media?parent=40261"}],"curies":[{"name":"wp","href":"https:\/\/api.w.org\/{rel}","templated":true}]}}