{"id":40253,"date":"2024-03-02T22:50:34","date_gmt":"2024-03-03T01:50:34","guid":{"rendered":"https:\/\/www.appoloviracel.com.uy\/?post_type=product&#038;p=40253"},"modified":"2024-09-19T10:59:35","modified_gmt":"2024-09-19T13:59:35","slug":"celular-xiaomi-redmi-a3-64gb-3gb","status":"publish","type":"product","link":"https:\/\/www.appoloviracel.com.uy\/index.php\/product\/celular-xiaomi-redmi-a3-64gb-3gb\/","title":{"rendered":"Celular Xiaomi \u00abRedmi A3\u00bb (64Gb-3Gb)"},"content":{"rendered":"<h2>Caracter\u00edsticas y especificaciones:<strong>\u00a0<\/strong><\/h2>\n<h4><span style=\"color: #ff0000;\"><strong>Apto para LTE de todas las compa\u00f1\u00edas.<\/strong><\/span><\/h4>\n<p>El Xiaomi Redmi A3 deja de lado Android (Go Edition) para pasar a utilizar la versi\u00f3n completa del sistema operativo. Con una pantalla HD+ de 6.71 pulgadas, el Redmi A3 est\u00e1 potenciado por un procesador Helio G36 con 3GB de memoria RAM y 64GB de almacenamiento interno. La c\u00e1mara trasera est\u00e1 compuesta de un sensor de 8MP asistido por un sensor de profundidad, mientras que la c\u00e1mara selfie es de 5MP. Una generosa bater\u00eda de 5000 mAh provee la energ\u00eda al Redmi A3, que completa sus caracter\u00edsticas con lector de huellas lateral y Android 14.<\/p>\n<p>&nbsp;<\/p>\n<ul>\n<li>Pantalla: 6.71&#8243;, 720 * 1650 pixels<\/li>\n<li>Procesador: Mediatek Helio G36 2.2GHz<\/li>\n<li>RAM: 3GB<\/li>\n<li>Almacenamiento: 64GB<\/li>\n<li>Expansi\u00f3n: microSD<\/li>\n<li>C\u00e1mara: Dual, 8MP + 0.08MP<\/li>\n<li>Bater\u00eda: 5000 mAh<\/li>\n<li>OS: Android 14<\/li>\n<li>Perfil: 8.3 mm<\/li>\n<li>Peso: 193 grs.<\/li>\n<li>Se incluyen los siguientes accesorios: <strong>Cargador y Manual<\/strong><\/li>\n<li><strong>Garant\u00eda:<\/strong> 12 meses contra defecto de fabricaci\u00f3n<\/li>\n<\/ul>\n<p>&nbsp;<\/p>\n<h4><span style=\"color: #ff0000;\"><strong>Contado efectivo: 10% de Descuento<\/strong><\/span><\/h4>\n<h5><strong>*Las im\u00e1genes son a modo ilustrativo.<\/strong><\/h5>\n","protected":false},"excerpt":{"rendered":"<h3><strong><span style=\"font-family: 'Cambria','serif'; color: #339966;\">U$S 125<\/span><\/strong><\/h3>\n","protected":false},"featured_media":40254,"comment_status":"open","ping_status":"closed","template":"","meta":[],"_links":{"self":[{"href":"https:\/\/www.appoloviracel.com.uy\/index.php\/wp-json\/wp\/v2\/product\/40253"}],"collection":[{"href":"https:\/\/www.appoloviracel.com.uy\/index.php\/wp-json\/wp\/v2\/product"}],"about":[{"href":"https:\/\/www.appoloviracel.com.uy\/index.php\/wp-json\/wp\/v2\/types\/product"}],"replies":[{"embeddable":true,"href":"https:\/\/www.appoloviracel.com.uy\/index.php\/wp-json\/wp\/v2\/comments?post=40253"}],"wp:featuredmedia":[{"embeddable":true,"href":"https:\/\/www.appoloviracel.com.uy\/index.php\/wp-json\/wp\/v2\/media\/40254"}],"wp:attachment":[{"href":"https:\/\/www.appoloviracel.com.uy\/index.php\/wp-json\/wp\/v2\/media?parent=40253"}],"curies":[{"name":"wp","href":"https:\/\/api.w.org\/{rel}","templated":true}]}}