{"id":40237,"date":"2024-02-29T00:01:08","date_gmt":"2024-02-29T03:01:08","guid":{"rendered":"https:\/\/www.appoloviracel.com.uy\/?post_type=product&#038;p=40237"},"modified":"2024-05-02T21:05:00","modified_gmt":"2024-05-03T00:05:00","slug":"auricular-meetion-mt-hp010-gaming-vincha","status":"publish","type":"product","link":"https:\/\/www.appoloviracel.com.uy\/index.php\/product\/auricular-meetion-mt-hp010-gaming-vincha\/","title":{"rendered":"Auricular Meetion \u00abMT-HP010\u00bb (Gaming-Vincha)"},"content":{"rendered":"<h2>Caracter\u00edsticas y especificaciones:<\/h2>\n<p>Auriculares est\u00e9reo para juegos HP010, auriculares para jugadores, material de cuero, espuma viscoel\u00e1stica c\u00f3moda, casco ajustable, almohadillas suaves para los o\u00eddos, pueden proteger eficazmente la aur\u00edcula, filtro de alta calidad, calidad de sonido m\u00e1s pura, micr\u00f3fono giratorio de 160 \u00b0, interfaz de 3,5 mm, super.<\/p>\n<p>El micr\u00f3fono de alta sensibilidad montado en la cabeza de aleaci\u00f3n resistente jugar\u00e1 un cierto papel en la mejora de los detalles del sonido y el juicio del sonido durante el juego del jugador.<\/p>\n<p>En comparaci\u00f3n con los auriculares tradicionales, los auriculares para juegos tienen una ventaja de sensibilidad. El entorno de escucha relativamente cerrado tambi\u00e9n es m\u00e1s propicio para que los jugadores sientan los detalles del sonido y mejoren su juicio sobre el sonido. Por lo tanto, en comparaci\u00f3n con los auriculares tradicionales, los auriculares para juegos tienen la ventaja de la capacidad de posicionamiento, pueden expresar mejor el sentido de direcci\u00f3n del sonido y son m\u00e1s adecuados para expresar el sonido claramente en juegos 3D.<\/p>\n<ul>\n<li>Auriculares con reducci\u00f3n de ruido que proporcionan una atm\u00f3sfera de juego m\u00e1s emocionante.<\/li>\n<li>Micr\u00f3fono incluido<\/li>\n<li>Tecnolog\u00eda de sonido envolvente tridimensional, sonido m\u00e1s realista y puede identificar la direcci\u00f3n del sonido en el juego para identificar claramente la ubicaci\u00f3n.<\/li>\n<li>Altavoz: \u00f840 mm<\/li>\n<li>Sensibilidad: 120 \u00b1 3db<\/li>\n<li>Impedancia: 32\u03a9<\/li>\n<li>Respuesta de frecuencia: 10 ~ 20,000 Hz<\/li>\n<li>Micr\u00f3fono: omnidireccional<\/li>\n<li>Di\u00e1metro de la unidad de micr\u00f3fono: \u00f86.0 \u00b1 5.0 mm<\/li>\n<li>Sensibilidad de micr\u00f3fono: -56 \u00b1 2db<\/li>\n<li>Interfaz: jack est\u00e9reo de \u00f83.5 mm m\u00e1s USB<\/li>\n<li>Longitud del cable: 1.8 \u00b1 0.01 m<\/li>\n<li>Compatible con PC, Play Station 4, Xbox<\/li>\n<\/ul>\n<h5><\/h5>\n<h5><strong>*Las im\u00e1genes son a modo ilustrativo.<\/strong><\/h5>\n","protected":false},"excerpt":{"rendered":"<h3><span style=\"color: #339966;\"><strong>$ 750<\/strong><\/span><\/h3>\n","protected":false},"featured_media":40238,"comment_status":"open","ping_status":"closed","template":"","meta":[],"_links":{"self":[{"href":"https:\/\/www.appoloviracel.com.uy\/index.php\/wp-json\/wp\/v2\/product\/40237"}],"collection":[{"href":"https:\/\/www.appoloviracel.com.uy\/index.php\/wp-json\/wp\/v2\/product"}],"about":[{"href":"https:\/\/www.appoloviracel.com.uy\/index.php\/wp-json\/wp\/v2\/types\/product"}],"replies":[{"embeddable":true,"href":"https:\/\/www.appoloviracel.com.uy\/index.php\/wp-json\/wp\/v2\/comments?post=40237"}],"wp:featuredmedia":[{"embeddable":true,"href":"https:\/\/www.appoloviracel.com.uy\/index.php\/wp-json\/wp\/v2\/media\/40238"}],"wp:attachment":[{"href":"https:\/\/www.appoloviracel.com.uy\/index.php\/wp-json\/wp\/v2\/media?parent=40237"}],"curies":[{"name":"wp","href":"https:\/\/api.w.org\/{rel}","templated":true}]}}