{"id":40228,"date":"2024-02-27T19:43:33","date_gmt":"2024-02-27T22:43:33","guid":{"rendered":"https:\/\/www.appoloviracel.com.uy\/?post_type=product&#038;p=40228"},"modified":"2024-04-23T18:47:38","modified_gmt":"2024-04-23T21:47:38","slug":"smartwatch-kieslect-lady-calling-watch-lora","status":"publish","type":"product","link":"https:\/\/www.appoloviracel.com.uy\/index.php\/product\/smartwatch-kieslect-lady-calling-watch-lora\/","title":{"rendered":"Smartwatch Kieslect \u00abLady Calling Watch Lora\u00bb"},"content":{"rendered":"<h2>Caracter\u00edsticas y especificaciones:<\/h2>\n<p>El reloj inteligente Kieslect Lora Lady ofrece una pantalla colorida de vista completa en 3D con llamadas Bluetooth. Con su hermosa apariencia y numerosas capacidades, es todo lo que podr\u00edas desear en un Smartwatch: Kieslect LORA se convierte en el reloj m\u00e1s completo y rentable del mercado, permiti\u00e9ndote hacer y recibir llamadas. Tiene una lista de reproducci\u00f3n de m\u00fasica Hifi Hidifinition en la mu\u00f1eca. El Lora admite la reproducci\u00f3n de m\u00fasica m\u00f3vil, lo que le permite controlar la m\u00fasica en su tel\u00e9fono inteligente a trav\u00e9s de Bluetooth 5.2.<\/p>\n<ul>\n<li><strong>Modelo: Lora<\/strong><\/li>\n<li><strong>Pantalla: t\u00e1ctil Semi-Amoled (360\u00d7360) de 1,32\u2033<\/strong><\/li>\n<li><strong>Monitor: Pantalla t\u00e1ctil Semi-Amoled (360*360) de 1,32\u2033<\/strong><\/li>\n<li><strong>Conectividad: Bluetooth 5.2<\/strong><\/li>\n<li><strong>Material: Aleaci\u00f3n de aluminio<\/strong><\/li>\n<li><strong>sistema operativo: Android o IOS<\/strong><\/li>\n<li><strong>Caracter\u00edsticas especiales: 70 Modos deportivos; Ox\u00edmetro; Puls\u00f3metro monitor de sue\u00f1o<\/strong><\/li>\n<li><strong>Idiomas: 18 idiomas, incluido el espa\u00f1ol<\/strong><\/li>\n<li><strong>Sensor: Calidad del sue\u00f1o, Monitor de ritmo card\u00edaco 24H Monitor de SpO2, Entrenamiento de respiraci\u00f3n<\/strong><\/li>\n<li><strong>Dimensi\u00f3n: 45,7 * 45,7 * 13 mm<\/strong><\/li>\n<li><strong>Capacidad de la bater\u00eda: 280 mAh<\/strong><\/li>\n<li><strong>Carga completa: 2 horas, Duraci\u00f3n: 3-5 d\u00edas<\/strong><\/li>\n<li><strong>Clasificaci\u00f3n impermeable: IP68<\/strong><\/li>\n<li><strong>Garant\u00eda<\/strong>: 6 meses contra defecto de fabricaci\u00f3n<\/li>\n<\/ul>\n<h4><\/h4>\n<h4><span style=\"color: #ff0000;\"><strong>* La garant\u00eda no cubre falla que se pueda dar por un uso intensivo.<\/strong><\/span><\/h4>\n<h5><strong>\u00a0<\/strong><strong>*Las im\u00e1genes son a modo ilustrativo.<\/strong><\/h5>\n<p>&nbsp;<\/p>\n","protected":false},"excerpt":{"rendered":"<h3><span style=\"color: #339966;\"><strong>U$S 89<\/strong><\/span><\/h3>\n","protected":false},"featured_media":40229,"comment_status":"open","ping_status":"closed","template":"","meta":[],"_links":{"self":[{"href":"https:\/\/www.appoloviracel.com.uy\/index.php\/wp-json\/wp\/v2\/product\/40228"}],"collection":[{"href":"https:\/\/www.appoloviracel.com.uy\/index.php\/wp-json\/wp\/v2\/product"}],"about":[{"href":"https:\/\/www.appoloviracel.com.uy\/index.php\/wp-json\/wp\/v2\/types\/product"}],"replies":[{"embeddable":true,"href":"https:\/\/www.appoloviracel.com.uy\/index.php\/wp-json\/wp\/v2\/comments?post=40228"}],"wp:featuredmedia":[{"embeddable":true,"href":"https:\/\/www.appoloviracel.com.uy\/index.php\/wp-json\/wp\/v2\/media\/40229"}],"wp:attachment":[{"href":"https:\/\/www.appoloviracel.com.uy\/index.php\/wp-json\/wp\/v2\/media?parent=40228"}],"curies":[{"name":"wp","href":"https:\/\/api.w.org\/{rel}","templated":true}]}}