{"id":40222,"date":"2024-02-26T20:38:21","date_gmt":"2024-02-26T23:38:21","guid":{"rendered":"https:\/\/www.appoloviracel.com.uy\/?post_type=product&#038;p=40222"},"modified":"2026-02-12T13:16:20","modified_gmt":"2026-02-12T16:16:20","slug":"auricular-jbl-tune-720bt-bluetooth","status":"publish","type":"product","link":"https:\/\/www.appoloviracel.com.uy\/index.php\/product\/auricular-jbl-tune-720bt-bluetooth\/","title":{"rendered":"Auricular JBL \u00abTune 720BT\u00bb (Bluetooth)"},"content":{"rendered":"<h2>Caracter\u00edsticas y especificaciones:<\/h2>\n<p><strong>\u00a0Los auriculares JBL Tune 720BT transmiten un sonido potente y n\u00edtido gracias a la \u00faltima tecnolog\u00eda Bluetooth 5.3. F\u00e1ciles de usar, estos auriculares te ofrecen hasta 76 horas de puro placer y 3 horas adicionales de bater\u00eda con solo 5 minutos de carga.<\/strong><\/p>\n<h5><strong>Sonido de JBL Pure Bass.<\/strong><strong><br \/>\n<\/strong><\/h5>\n<p>Durante 75 a\u00f1os, JBL ha dise\u00f1ado los dispositivos de sonido preciso e impresionante que se utilizan en grandes salas de todo el mundo. Estos auriculares reproducen el mismo sonido JBL y ofrecen unos bajos de gran profundidad y potencia.<strong>Duraci\u00f3n de bater\u00eda de 76 horas.<\/strong><br \/>\nSi lo que quieres es una diversi\u00f3n prolongada, disfruta de tu m\u00fasica favorita sin cables durante hasta 76 horas y recarga la bater\u00eda en solo 2 coras con el pr\u00e1ctico cable USB tipo C. Una carga r\u00e1pida de 5 minutos te permitir\u00e1 disfrutar de 3 horas adicionales de m\u00fasica.<strong>Llamadas manos libres con Voice Awere.<\/strong><br \/>\nControla tu sonido f\u00e1cilmente y gestiona las llamadas desde tus auriculares con los pr\u00e1cticos botones. Escucha tu voz mientras hablas con la ayuda de Voice Aware.<strong>Conexi\u00f3n multipunto.<\/strong><br \/>\nTe permite cambiar sin esfuerzo de un dispositivo Bluetooth a otro. Puedes cambiar f\u00e1cilmente de un v\u00eddeo en tu tableta port\u00e1til a una llamada en tu tel\u00e9fono m\u00f3vil, para que no pierdas ninguna llamada.<strong>Dise\u00f1o ligero y plegable.<\/strong><strong><br \/>\n<\/strong>Sus materiales liheros, son suaves almohadillas y su banda de sujeci\u00f3n acolchada te permitir\u00e1n llevar estos auriculares c\u00f3modamente durante largos periodes de tiempo. Gracias al dise\u00f1o plegable, estos auriculares son muy f\u00e1ciles de llevar, de modo que p\u00f3dras disfrutar de tu m\u00fasica favorita d\u00f3nde y cu\u00e1ndo quieras.<\/p>\n<h5><strong>Cable de audio extra\u00edble.<\/strong><\/h5>\n<p>\u00bfSin bater\u00eda? Ampl\u00eda tu diversi\u00f3n sin fin con el cable de audio incluido.<\/p>\n<ul>\n<li>Dise\u00f1o plegable.<\/li>\n<li>Bluetooth: 5.3.<\/li>\n<li>Micr\u00f3fono.<\/li>\n<li>Driver: 40mm.<\/li>\n<li>Sensibilidad del driver a 1kHz, 1mW (dB): 101.<\/li>\n<li>Respuesta de frecuencia din\u00e1mica: 20 Hz &#8211; 20 kHz.<\/li>\n<li>Impedancia de entrada (ohms): 32.<\/li>\n<li>Tiempo de carga (horas): 2.<\/li>\n<li>Tiempo de juego m\u00e1ximo: 76 horas aprox.<\/li>\n<li>Peso: 220 grs. aproximadamente<\/li>\n<li>Color: Blanco<\/li>\n<\/ul>\n<h5><\/h5>\n<h5><strong>*Las im\u00e1genes son a modo ilustrativo.<\/strong><\/h5>\n","protected":false},"excerpt":{"rendered":"<h3><span style=\"color: #339966;\"><strong>$ 3.190<\/strong><\/span><\/h3>\n","protected":false},"featured_media":40223,"comment_status":"open","ping_status":"closed","template":"","meta":[],"_links":{"self":[{"href":"https:\/\/www.appoloviracel.com.uy\/index.php\/wp-json\/wp\/v2\/product\/40222"}],"collection":[{"href":"https:\/\/www.appoloviracel.com.uy\/index.php\/wp-json\/wp\/v2\/product"}],"about":[{"href":"https:\/\/www.appoloviracel.com.uy\/index.php\/wp-json\/wp\/v2\/types\/product"}],"replies":[{"embeddable":true,"href":"https:\/\/www.appoloviracel.com.uy\/index.php\/wp-json\/wp\/v2\/comments?post=40222"}],"wp:featuredmedia":[{"embeddable":true,"href":"https:\/\/www.appoloviracel.com.uy\/index.php\/wp-json\/wp\/v2\/media\/40223"}],"wp:attachment":[{"href":"https:\/\/www.appoloviracel.com.uy\/index.php\/wp-json\/wp\/v2\/media?parent=40222"}],"curies":[{"name":"wp","href":"https:\/\/api.w.org\/{rel}","templated":true}]}}