{"id":40217,"date":"2024-02-23T20:29:58","date_gmt":"2024-02-23T23:29:58","guid":{"rendered":"https:\/\/www.appoloviracel.com.uy\/?post_type=product&#038;p=40217"},"modified":"2024-04-19T18:23:32","modified_gmt":"2024-04-19T21:23:32","slug":"celular-motorola-moto-e13-64gb-2gb","status":"publish","type":"product","link":"https:\/\/www.appoloviracel.com.uy\/index.php\/product\/celular-motorola-moto-e13-64gb-2gb\/","title":{"rendered":"Celular Motorola \u00abMoto e13\u00bb (64Gb-2Gb)"},"content":{"rendered":"<h2>Caracter\u00edsticas y especificaciones:<\/h2>\n<ul>\n<li style=\"text-align: left;\">Dise\u00f1o sofisticado y espectacular<\/li>\n<li style=\"text-align: left;\">Destaca con su dise\u00f1o delgado y elegante, especialmente creado para ti.<\/li>\n<li style=\"text-align: left;\">Audio Dolby Atmos\u00ae1 y pantalla HD+ de 6.5\u2033\u00bb<\/li>\n<li style=\"text-align: left;\">Haz que tu m\u00fasica y tus pel\u00edculas favoritas cobren vida con una experiencia audiovisual multidimensional.<\/li>\n<li style=\"text-align: left;\">Hasta 36 horas de bater\u00eda.<\/li>\n<li style=\"text-align: left;\">Con 5,000 mAh, quedarte sin energ\u00eda es cosa del pasado gracias a la potente bater\u00eda que te permite trabajar y jugar por m\u00e1s de un d\u00eda.<\/li>\n<li style=\"text-align: left;\">Conexiones avanzadas.<\/li>\n<li style=\"text-align: left;\">Disfruta de una transmisi\u00f3n sin interrupciones con la red Wi-Fi de 5 GHz2, carga el tel\u00e9fono con el conector USB-C 2.0 y con\u00e9ctate f\u00e1cilmente con la conexi\u00f3n Bluetooth\u00ae 5.03\u2033<\/li>\n<\/ul>\n<p>&nbsp;<\/p>\n<ul>\n<li>Pantalla: 6.5 pulgadas<\/li>\n<li>Resoluci\u00f3n 720 x 1600 p\u00edxeles<\/li>\n<li>Peso: 179,5 grs<\/li>\n<li>Dimensiones: 164,2 \u00d7 75 \u00d7 8,5 mm<\/li>\n<li>Tecnolog\u00eda:<\/li>\n<li>G\/M\/HSPA\/LTE: Bandas 2G<\/li>\n<li>GSM 850 \/ 900 \/ 1800 \/ 1900 (SIM 1 &amp; SIM 2): Bandas 3G<\/li>\n<li>HSDPA 850\/900\/2100: Bandas 4G<\/li>\n<li>LTE<\/li>\n<li>Tama\u00f1o de pantalla: 6,5 pulgadas<\/li>\n<li>Tipo de pantalla: LCD IPS<\/li>\n<li>Resoluci\u00f3n de pantalla: 720 * 1600 p\u00edxeles<\/li>\n<li>Chipset: Unisoc T606 (12 nm)<\/li>\n<li>CPU: Octa-core (2\u00d71.6 GHz Cortex-A75 &amp; 6\u00d71.6 GHz Cortex-A55)<\/li>\n<li>GPU: Mali-G57 MP1<\/li>\n<li>Ranura para SD: microSDXC<\/li>\n<li>Memoria interna ROM : 64 GB<\/li>\n<li>Memoria RAM: 2 GB<\/li>\n<li>Caracteristicas de c\u00e1mara: flash LED, HDR, panorama<\/li>\n<li>V\u00eddeo principal: 1080p @ 30fps<\/li>\n<li>C\u00e1mara selfie: 5 MP<\/li>\n<li>V\u00eddeo selfie: 1080p a 30 fps<\/li>\n<li>Sonido altoparlante: Si<\/li>\n<li>Conector de audio 3.5mm: Si<\/li>\n<li>WiFi: 802.11 a \/ b \/ g \/ n, Wi-Fi doble banda<\/li>\n<li>Bluetooth: 5.0, A2DP, LE<\/li>\n<li>GPS: GALILEO, S\u00ed, con A-GPS, GLONASS<\/li>\n<li>Radio: Radio FM, SI<\/li>\n<li>USB: 2.0, USB tipo C<\/li>\n<li>Sensores: Aceler\u00f3metro, proximidad<\/li>\n<li>Bater\u00eda: Li-Po 5000 mAh, no extra\u00edbleProcesador: Unisoc T606 Octa-Core 1.6 GHz<\/li>\n<li>SIM Dual SIM<\/li>\n<li>C\u00e1mara frontal: 5 MP<\/li>\n<li>C\u00e1mara trasera: 13 MP<\/li>\n<li>Bater\u00eda: 5000 mAh<\/li>\n<li>Sistema operativo Android<\/li>\n<li>Se incluyen los siguientes accesorios: <strong>Cargador y Manual<\/strong><\/li>\n<li><strong>Garant\u00eda:<\/strong> 12 meses contra defecto de fabricaci\u00f3n<\/li>\n<\/ul>\n<h4><\/h4>\n<h4><span style=\"color: #ff0000;\"><strong>Contado efectivo: 10% de Descuento<\/strong><\/span><\/h4>\n<h5><strong>*Las im\u00e1genes son a modo ilustrativo.<\/strong><\/h5>\n","protected":false},"excerpt":{"rendered":"<h3><strong><span style=\"color: #339966;\">U$S 119<\/span> <\/strong><\/h3>\n","protected":false},"featured_media":40218,"comment_status":"open","ping_status":"closed","template":"","meta":[],"_links":{"self":[{"href":"https:\/\/www.appoloviracel.com.uy\/index.php\/wp-json\/wp\/v2\/product\/40217"}],"collection":[{"href":"https:\/\/www.appoloviracel.com.uy\/index.php\/wp-json\/wp\/v2\/product"}],"about":[{"href":"https:\/\/www.appoloviracel.com.uy\/index.php\/wp-json\/wp\/v2\/types\/product"}],"replies":[{"embeddable":true,"href":"https:\/\/www.appoloviracel.com.uy\/index.php\/wp-json\/wp\/v2\/comments?post=40217"}],"wp:featuredmedia":[{"embeddable":true,"href":"https:\/\/www.appoloviracel.com.uy\/index.php\/wp-json\/wp\/v2\/media\/40218"}],"wp:attachment":[{"href":"https:\/\/www.appoloviracel.com.uy\/index.php\/wp-json\/wp\/v2\/media?parent=40217"}],"curies":[{"name":"wp","href":"https:\/\/api.w.org\/{rel}","templated":true}]}}