{"id":40190,"date":"2024-02-03T17:20:31","date_gmt":"2024-02-03T20:20:31","guid":{"rendered":"https:\/\/www.appoloviracel.com.uy\/?post_type=product&#038;p=40190"},"modified":"2024-04-12T17:45:25","modified_gmt":"2024-04-12T20:45:25","slug":"celular-samsung-galaxy-s24-256gb-8gb","status":"publish","type":"product","link":"https:\/\/www.appoloviracel.com.uy\/index.php\/product\/celular-samsung-galaxy-s24-256gb-8gb\/","title":{"rendered":"Celular Samsung \u00abGalaxy s24\u00bb (256Gb-8Gb)"},"content":{"rendered":"<h2>Caracter\u00edsticas y especificaciones:<\/h2>\n<p>C\u00a0omo protagonista de la electr\u00f3nica y la tecnolog\u00eda, cada vez que Samsung lanza un producto, el mundo atiende. Esta vez, en una fecha inusual, la surcoreana present\u00f3 la nueva gama de tel\u00e9fonos S, los S24, tres modelos que traen como principal atractivo el uso integrado de la inteligencia artificial para cuatro funciones espec\u00edficas, con la promesa de seguir integrando m\u00e1s de estas caracter\u00edsticas con apoyo de desarrolladores.<\/p>\n<p>Son el Galaxy S24, S24 plus y S24 Ultra, todos con 5G y las mismas <strong>funciones de inteligencia artificial: marcar para buscar, Live Translate, Note Assist y Photo Assist,<\/strong> herramientas que en detalle le permiten operarlos con mayor facilidad con ayuda de tecnolog\u00edas generativas.<\/p>\n<ul>\n<li>C\u00c1MARA: C\u00e1mara principal50MP, 10MP, 12MP; C\u00e1mara selfie 12MP; Video.<\/li>\n<li>CONECTIVIDAD: Gps: SI; Lightning: NO; Micro-usb: NO; Nfc: SI; Usb-c: SI; Bluetooth: SI; Wifi: SI<\/li>\n<li>GENERALES:<\/li>\n<li>Caracter\u00edsticas especiales: Conector audio 3.5mm: NO; Dual sim: SI; Lector de huellas: SI; Libre: SI; Memoria ram: 8GB; Procesador8-core (1&#215;3.39GHz Cortex-X4 3&#215;3.1GHz Cortex-A720 2&#215;2.9GHz Cortex-A720 2&#215;2.2GHz Cortex-A520); Radio fm: NO; SimNano-SIM and eSIM Dual eSIM or Dual SIM; Sistema operativo Android 14; Teclado qwerty: NO<\/li>\n<li>MEMORIA: Almacenamiento 256GB; Memoria expansible: NO<\/li>\n<li>PANTALLA: Pantalla t\u00e1ctil Dynamic LTPO AMOLED 2X, 120Hz, HDR10+, 2600 nits; Resoluci\u00f3n: 1080 * 2340 pixeles; Tama\u00f1o pantalla: 6.2&#8243;<\/li>\n<li>REDES: Red 4g1, 2, 3, 4, 5, 7, 8, 12, 13, 17, 18, 19, 20, 25, 26, 28, 32, 38, 39, 40, 41, 66 &#8211; International; Red 5g: SI<\/li>\n<li>Se incluyen los siguientes accesorios: <strong>Cargador y Manual<\/strong><\/li>\n<li><strong>Garant\u00eda:<\/strong> 12 meses contra defecto de fabricaci\u00f3n<\/li>\n<\/ul>\n<h4><\/h4>\n<h4><span style=\"color: #ff0000;\"><strong>Contado efectivo: 10% de Descuento<\/strong><\/span><\/h4>\n<h5><strong>*Las im\u00e1genes son a modo ilustrativo.<\/strong><\/h5>\n<h2><\/h2>\n","protected":false},"excerpt":{"rendered":"<h3><span style=\"color: #339966;\"><strong>U$S 1.139<\/strong><\/span><\/h3>\n","protected":false},"featured_media":40191,"comment_status":"open","ping_status":"closed","template":"","meta":[],"_links":{"self":[{"href":"https:\/\/www.appoloviracel.com.uy\/index.php\/wp-json\/wp\/v2\/product\/40190"}],"collection":[{"href":"https:\/\/www.appoloviracel.com.uy\/index.php\/wp-json\/wp\/v2\/product"}],"about":[{"href":"https:\/\/www.appoloviracel.com.uy\/index.php\/wp-json\/wp\/v2\/types\/product"}],"replies":[{"embeddable":true,"href":"https:\/\/www.appoloviracel.com.uy\/index.php\/wp-json\/wp\/v2\/comments?post=40190"}],"wp:featuredmedia":[{"embeddable":true,"href":"https:\/\/www.appoloviracel.com.uy\/index.php\/wp-json\/wp\/v2\/media\/40191"}],"wp:attachment":[{"href":"https:\/\/www.appoloviracel.com.uy\/index.php\/wp-json\/wp\/v2\/media?parent=40190"}],"curies":[{"name":"wp","href":"https:\/\/api.w.org\/{rel}","templated":true}]}}