{"id":40181,"date":"2024-01-25T15:44:36","date_gmt":"2024-01-25T18:44:36","guid":{"rendered":"https:\/\/www.appoloviracel.com.uy\/?post_type=product&#038;p=40181"},"modified":"2026-03-15T16:02:25","modified_gmt":"2026-03-15T19:02:25","slug":"auricular-jbl-endurance-race-smart-ambient-auricular-deportivo-bluetooth","status":"publish","type":"product","link":"https:\/\/www.appoloviracel.com.uy\/index.php\/product\/auricular-jbl-endurance-race-smart-ambient-auricular-deportivo-bluetooth\/","title":{"rendered":"Auricular JBL \u00abEndurance Race\u00bb Smart Ambient- Auricular deportivo (Bluetooth)"},"content":{"rendered":"<h2>Caracter\u00edsticas y especificaciones:<\/h2>\n<ul>\n<li>JBL Sonido puro de graves: estos auriculares inal\u00e1mbricos cuentan con un sonido audaz y graves ricos de un controlador din\u00e1mico de 0.236 in, no solo escuchar\u00e1s la m\u00fasica, lo sentir\u00e1s.<\/li>\n<li>Nota del producto: si el tama\u00f1o de las puntas de los auriculares no coincide con el tama\u00f1o de tus canales auditivos o el auricular no se usa correctamente en tus o\u00eddos, es posible que no obtengas las cualidades de sonido correctas o el rendimiento de llamada. Cambia las puntas de los auriculares a las que se ajustan m\u00e1s c\u00f3modamente a tus o\u00eddos<\/li>\n<li>Hasta 30 horas de bater\u00eda. Nunca te pierdas un ritmo con 10 horas de duraci\u00f3n de la bater\u00eda de los auriculares y 20 horas de la funda. \u00bfNecesitas un impulso? Solo 10 minutos de carga de velocidad te da otra hora completa de tiempo de reproducci\u00f3n.<\/li>\n<li>Resistente al agua y c\u00f3modo: el resistente dise\u00f1o resistente al polvo y al agua con certificaci\u00f3n IP67 de estos auriculares Bluetooth te da la libertad de mantenerte activo desde la playa hasta la sala de juntas. Totalmente herm\u00e9tico, pueden soportar la inmersi\u00f3n en agua hasta 3.3 ft. El potenciador con Twistlock garantiza que estos auriculares nunca da\u00f1en ni se caigan.<\/li>\n<li>Micr\u00f3fono y asistente de voz: haz llamadas est\u00e9reo perfectas alimentadas por micr\u00f3fonos de formaci\u00f3n de haz dual. O accede a Hey Google o Alexa directamente desde tus auriculares con controles de toque que mantienen el mundo al alcance de tu mano.<\/li>\n<li>Ambiental inteligente Aware te mantiene alerta de tu entorno dondequiera que la m\u00fasica te lleve. Y cuando llegue el momento de un chat, simplemente activa TalkThru para saltar a conversaciones sin tener que sacar tus auriculares.<\/li>\n<\/ul>\n<p><strong>\u00a0<\/strong><\/p>\n<h5><strong>\u00a0<\/strong><strong>*Las im\u00e1genes son a modo ilustrativo.<\/strong><\/h5>\n","protected":false},"excerpt":{"rendered":"<h3><span style=\"color: #339966;\"><strong>$ 3.950<\/strong><\/span><\/h3>\n","protected":false},"featured_media":40182,"comment_status":"open","ping_status":"closed","template":"","meta":[],"_links":{"self":[{"href":"https:\/\/www.appoloviracel.com.uy\/index.php\/wp-json\/wp\/v2\/product\/40181"}],"collection":[{"href":"https:\/\/www.appoloviracel.com.uy\/index.php\/wp-json\/wp\/v2\/product"}],"about":[{"href":"https:\/\/www.appoloviracel.com.uy\/index.php\/wp-json\/wp\/v2\/types\/product"}],"replies":[{"embeddable":true,"href":"https:\/\/www.appoloviracel.com.uy\/index.php\/wp-json\/wp\/v2\/comments?post=40181"}],"wp:featuredmedia":[{"embeddable":true,"href":"https:\/\/www.appoloviracel.com.uy\/index.php\/wp-json\/wp\/v2\/media\/40182"}],"wp:attachment":[{"href":"https:\/\/www.appoloviracel.com.uy\/index.php\/wp-json\/wp\/v2\/media?parent=40181"}],"curies":[{"name":"wp","href":"https:\/\/api.w.org\/{rel}","templated":true}]}}