{"id":40166,"date":"2024-01-22T13:44:08","date_gmt":"2024-01-22T16:44:08","guid":{"rendered":"https:\/\/www.appoloviracel.com.uy\/?post_type=product&#038;p=40166"},"modified":"2025-02-15T09:53:10","modified_gmt":"2025-02-15T12:53:10","slug":"celular-xiaomi-poco-x6pro-5g-512gb-12gb","status":"publish","type":"product","link":"https:\/\/www.appoloviracel.com.uy\/index.php\/product\/celular-xiaomi-poco-x6pro-5g-512gb-12gb\/","title":{"rendered":"Celular Xiaomi \u00abPoco X6Pro\u00bb 5G (512Gb-12Gb)"},"content":{"rendered":"<h2>Caracter\u00edsticas y especificaciones:<\/h2>\n<p>El <strong>Xiaomi Poco X6 Pro<\/strong> debuta con una pantalla AMOLED de 6.67 pulgadas con resoluci\u00f3n 1.5K y tasa de refresco de 120Hz. Por dentro, encontramos al procesador Dimensity 8300 Ultra acompa\u00f1ado de hasta 12GB de RAM y 512GB de almacenamiento interno con una bater\u00eda de 5000 mAh de carga r\u00e1pida. Su c\u00e1mara posterior es triple, con un sensor principal de 64MP con OIS, tiene una c\u00e1mara selfie de 16MP y completa sus caracter\u00edsticas con parlantes duales, lector de huellas bajo pantalla, resistencia a salpicaduras y corre HyperOS basado en Android 14.<\/p>\n<ul>\n<li>Pantalla: 6.67&#8243;, 1220 * 2712 pixeles<\/li>\n<li>Procesador: Mediatek Dimensity 8300 Ultra 3.35GHz<\/li>\n<li>RAM: 12GB<\/li>\n<li>Almacenamiento: 512GB<\/li>\n<li>Expansi\u00f3n: sin microSD<\/li>\n<li>C\u00e1mara: Triple, 64MP+8MP+2MP<\/li>\n<li>Bater\u00eda: 5000 mAh<\/li>\n<li>OS: Android 14<\/li>\n<li>3 actualizaciones mayores de OS<\/li>\n<li>Parches seguridad: 4 a\u00f1os<\/li>\n<li>Perfil: 8.3 mm<\/li>\n<li>Peso: 186 grs.<\/li>\n<li>Se incluyen los siguientes accesorios: <strong>Cargador y Manual<\/strong><\/li>\n<li><strong>Garant\u00eda:<\/strong> 12 meses contra defecto de fabricaci\u00f3n<\/li>\n<\/ul>\n<p><strong>\u00a0<\/strong><\/p>\n<h4><span style=\"color: #ff0000;\"><strong>\u00a0Contado efectivo: 10% de Descuento<\/strong><\/span><\/h4>\n<h5><strong>*Las im\u00e1genes son a modo ilustrativo.<\/strong><\/h5>\n","protected":false},"excerpt":{"rendered":"<h3><strong><span style=\"font-family: 'Cambria','serif'; color: #339966;\">U$S 465<\/span><\/strong><\/h3>\n","protected":false},"featured_media":40167,"comment_status":"open","ping_status":"closed","template":"","meta":[],"_links":{"self":[{"href":"https:\/\/www.appoloviracel.com.uy\/index.php\/wp-json\/wp\/v2\/product\/40166"}],"collection":[{"href":"https:\/\/www.appoloviracel.com.uy\/index.php\/wp-json\/wp\/v2\/product"}],"about":[{"href":"https:\/\/www.appoloviracel.com.uy\/index.php\/wp-json\/wp\/v2\/types\/product"}],"replies":[{"embeddable":true,"href":"https:\/\/www.appoloviracel.com.uy\/index.php\/wp-json\/wp\/v2\/comments?post=40166"}],"wp:featuredmedia":[{"embeddable":true,"href":"https:\/\/www.appoloviracel.com.uy\/index.php\/wp-json\/wp\/v2\/media\/40167"}],"wp:attachment":[{"href":"https:\/\/www.appoloviracel.com.uy\/index.php\/wp-json\/wp\/v2\/media?parent=40166"}],"curies":[{"name":"wp","href":"https:\/\/api.w.org\/{rel}","templated":true}]}}