{"id":40160,"date":"2024-01-19T17:31:18","date_gmt":"2024-01-19T20:31:18","guid":{"rendered":"https:\/\/www.appoloviracel.com.uy\/?post_type=product&#038;p=40160"},"modified":"2025-02-10T16:36:34","modified_gmt":"2025-02-10T19:36:34","slug":"celular-xiaomi-redmi-note13pro-plus-5g-512gb-12gb","status":"publish","type":"product","link":"https:\/\/www.appoloviracel.com.uy\/index.php\/product\/celular-xiaomi-redmi-note13pro-plus-5g-512gb-12gb\/","title":{"rendered":"Celular Xiaomi \u00abRedmi Note13Pro\u00bb Plus 5G (512Gb-12Gb)"},"content":{"rendered":"<h2>Caracter\u00edsticas y especificaciones:<strong>\u00a0<\/strong><\/h2>\n<h4><span style=\"color: #ff0000;\"><strong>Apto para LTE de todas las compa\u00f1\u00edas.<\/strong><\/span><\/h4>\n<ul>\n<li>El Xiaomi Redmi Note 13 Pro Plus, es un tel\u00e9fono inteligente de gama media que se lanz\u00f3 en enero de 2024. Es la versi\u00f3n m\u00e1s potente del Redmi Note 13 Pro, tiene buenas especificaciones y muchas caracter\u00edsticas excelentes.<\/li>\n<li>Viene con un procesador Dimensity 7200 Ultra, que proporciona un gran rendimiento en la categor\u00eda media y alta, junto con 12 GB de RAM y hasta 16 GB. En cuanto a la capacidad de almacenamiento, est\u00e1 disponible en una versi\u00f3n de 256 GB y otra versi\u00f3n con capacidad de 512 GB.<\/li>\n<li>El tel\u00e9fono cuenta con una maravillosa pantalla AMOLED de 6,67 pulgadas con una resoluci\u00f3n de 2712 * 1220 p\u00edxeles, con una relaci\u00f3n de aspecto de 20:9 y una densidad de 446 pixeles por pulgada.<\/li>\n<li>La pantalla tiene muchas caracter\u00edsticas que la convierten en una de las mejores pantallas para tel\u00e9fonos inteligentes, las m\u00e1s destacadas son 68 mil millones de colores, una frecuencia de actualizaci\u00f3n de hasta 120 Hz, la funci\u00f3n Dolby Visi\u00f3n, compatibilidad con HDR10+ y una frecuencia de brillo de hasta 1800 l\u00famenes.<\/li>\n<\/ul>\n<p>&nbsp;<\/p>\n<ul>\n<li>Longitud: 161,4 mm<\/li>\n<li>Ancho: 74,2 mm<\/li>\n<li>Espesor: 8,9 mm<\/li>\n<li>Peso: 199 gramos<\/li>\n<li>Material: Frontal de cristal (Gorilla Glass Victus), trasera de cristal o trasera de cristal de pol\u00edmero de silicona (cuero ecol\u00f3gico), marco de aluminio<\/li>\n<li>Pantalla: 6,67 pulgadas, la pantalla ocupa el 89,7% del cuerpo del m\u00f3vil<\/li>\n<li>Resoluci\u00f3n: 1220 x 2712 p\u00edxeles, relaci\u00f3n de aspecto 20:9<\/li>\n<li>Se incluyen los siguientes accesorios: <strong>Cargador y Manual <\/strong><\/li>\n<li><strong>Garant\u00eda:<\/strong> 12 meses contra defecto de fabricaci\u00f3n<\/li>\n<\/ul>\n<h4><strong>\u00a0<\/strong><\/h4>\n<h4><span style=\"color: #ff0000;\"><strong>Contado efectivo: 10% de Descuento<\/strong><\/span><\/h4>\n<h5><strong>*Las im\u00e1genes son a modo ilustrativo.<\/strong><\/h5>\n","protected":false},"excerpt":{"rendered":"<h3><strong><span style=\"font-family: 'Cambria','serif'; color: #339966;\">U$S 569<\/span><\/strong><\/h3>\n","protected":false},"featured_media":40161,"comment_status":"open","ping_status":"closed","template":"","meta":[],"_links":{"self":[{"href":"https:\/\/www.appoloviracel.com.uy\/index.php\/wp-json\/wp\/v2\/product\/40160"}],"collection":[{"href":"https:\/\/www.appoloviracel.com.uy\/index.php\/wp-json\/wp\/v2\/product"}],"about":[{"href":"https:\/\/www.appoloviracel.com.uy\/index.php\/wp-json\/wp\/v2\/types\/product"}],"replies":[{"embeddable":true,"href":"https:\/\/www.appoloviracel.com.uy\/index.php\/wp-json\/wp\/v2\/comments?post=40160"}],"wp:featuredmedia":[{"embeddable":true,"href":"https:\/\/www.appoloviracel.com.uy\/index.php\/wp-json\/wp\/v2\/media\/40161"}],"wp:attachment":[{"href":"https:\/\/www.appoloviracel.com.uy\/index.php\/wp-json\/wp\/v2\/media?parent=40160"}],"curies":[{"name":"wp","href":"https:\/\/api.w.org\/{rel}","templated":true}]}}