{"id":40143,"date":"2024-01-16T17:52:54","date_gmt":"2024-01-16T20:52:54","guid":{"rendered":"https:\/\/www.appoloviracel.com.uy\/?post_type=product&#038;p=40143"},"modified":"2025-01-10T18:49:41","modified_gmt":"2025-01-10T21:49:41","slug":"celular-samsung-galaxy-a15-5g-128gb-6gb","status":"publish","type":"product","link":"https:\/\/www.appoloviracel.com.uy\/index.php\/product\/celular-samsung-galaxy-a15-5g-128gb-6gb\/","title":{"rendered":"Celular Samsung \u00abGalaxy A15\u00bb 5G (128Gb-4Gb)"},"content":{"rendered":"<h2><strong>Caracter\u00edsticas y especificaciones<\/strong><\/h2>\n<p>El <strong>Samsung Galaxy A15<\/strong> &lt;\u00a0<strong>5G &gt;<\/strong> es un smartphone Android con una pantalla Super AMOLED de 6.5 pulgadas a resoluci\u00f3n FHD+ y tasa de refresco de 90Hz. Por dentro, encontramos un chip MediaTek Helio G99 acompa\u00f1ado de 4GB de RAM y hasta 128GB de almacenamiento interno. La c\u00e1mara posterior triple cuenta con un sensor principal de 50MP, la c\u00e1mara selfie es de 13MP y suma una bater\u00eda de 5000 mAh con soporte para carga r\u00e1pida, lector de huellas lateral, y corre Android 14.<\/p>\n<ul>\n<li><strong>Pantalla: 6.5&#8243;, 1080 * 2340 pixels<\/strong><\/li>\n<li><strong>Procesador: Mediatek Helio G99 2.2GHz<\/strong><\/li>\n<li><strong>RAM: 4GB<\/strong><\/li>\n<li><strong>Almacenamiento: 128GB<\/strong><\/li>\n<li><strong>Expansi\u00f3n: microSD<\/strong><\/li>\n<li><strong>C\u00e1mara: Triple, 50MP+5MP+2MP<\/strong><\/li>\n<li><strong>Bater\u00eda: 5000 mAh<\/strong><\/li>\n<li><strong>OS: Android 14<\/strong><\/li>\n<li><strong>4 actualizaciones mayores de OS<\/strong><\/li>\n<li><strong>Parches seguridad: 5 a\u00f1os<\/strong><\/li>\n<li><strong>Perfil: 8.4 mm<\/strong><\/li>\n<li><strong>Peso: 200 grs.<\/strong><\/li>\n<li><strong>S<\/strong>e incluyen los siguientes accesorios: <strong>Cargador y Manual<\/strong><\/li>\n<li><strong>Garant\u00eda:<\/strong> 12 meses contra defecto de fabricaci\u00f3n<\/li>\n<\/ul>\n<h4><strong>\u00a0<\/strong><\/h4>\n<h4><span style=\"color: #ff0000;\"><strong>Contado efectivo: 10% de Descuento<\/strong><\/span><\/h4>\n<h5><strong>*Las im\u00e1genes son a modo ilustrativo.<\/strong><\/h5>\n","protected":false},"excerpt":{"rendered":"<h3><span style=\"color: #339966;\"><strong>U$S 210<\/strong><\/span><\/h3>\n","protected":false},"featured_media":40144,"comment_status":"open","ping_status":"closed","template":"","meta":[],"_links":{"self":[{"href":"https:\/\/www.appoloviracel.com.uy\/index.php\/wp-json\/wp\/v2\/product\/40143"}],"collection":[{"href":"https:\/\/www.appoloviracel.com.uy\/index.php\/wp-json\/wp\/v2\/product"}],"about":[{"href":"https:\/\/www.appoloviracel.com.uy\/index.php\/wp-json\/wp\/v2\/types\/product"}],"replies":[{"embeddable":true,"href":"https:\/\/www.appoloviracel.com.uy\/index.php\/wp-json\/wp\/v2\/comments?post=40143"}],"wp:featuredmedia":[{"embeddable":true,"href":"https:\/\/www.appoloviracel.com.uy\/index.php\/wp-json\/wp\/v2\/media\/40144"}],"wp:attachment":[{"href":"https:\/\/www.appoloviracel.com.uy\/index.php\/wp-json\/wp\/v2\/media?parent=40143"}],"curies":[{"name":"wp","href":"https:\/\/api.w.org\/{rel}","templated":true}]}}