{"id":40137,"date":"2024-01-15T22:00:41","date_gmt":"2024-01-16T01:00:41","guid":{"rendered":"https:\/\/www.appoloviracel.com.uy\/?post_type=product&#038;p=40137"},"modified":"2025-02-07T15:47:22","modified_gmt":"2025-02-07T18:47:22","slug":"celular-samsung-galaxy-a05s-128gb-4gb","status":"publish","type":"product","link":"https:\/\/www.appoloviracel.com.uy\/index.php\/product\/celular-samsung-galaxy-a05s-128gb-4gb\/","title":{"rendered":"Celular Samsung \u00abGalaxy A05s\u00bb (128Gb-4Gb)"},"content":{"rendered":"<h2><strong>Caracter\u00edsticas y especificaciones<\/strong><\/h2>\n<p>El <strong>Samsung Galaxy A05s<\/strong> mejora al Galaxy A05 con un procesador Snapdragon 680 acompa\u00f1ado de 6GB de RAM y 128GB de almacenamiento interno. La pantalla del Galaxy A05s es de 6.7 pulgadas a resoluci\u00f3n FHD+ y tasa de refresco de 90Hz y tiene una c\u00e1mara triple de 50MP en su posterior. Alimentado por una bater\u00eda de 5000 mAh con soporte para carga r\u00e1pida, el Galaxy A05s completa sus caracter\u00edsticas con un lector de huellas lateral y Android 13.<\/p>\n<ul>\n<li><strong>Pantalla: 6.7&#8243;, 1080 * 2400 pixeles<\/strong><\/li>\n<li><strong>Procesador: Snapdragon 680 2.4GHz<\/strong><\/li>\n<li><strong>RAM: 4GB<\/strong><\/li>\n<li><strong>Almacenamiento: 128GB<\/strong><\/li>\n<li><strong>Expansi\u00f3n: microSD<\/strong><\/li>\n<li><strong>C\u00e1mara: Triple, 50MP+2MP+2MP<\/strong><\/li>\n<li><strong>Bater\u00eda: 5000 mAh<\/strong><\/li>\n<li><strong>OS: Android 13<\/strong><\/li>\n<li><strong>2 actualizaciones mayores de OS<\/strong><\/li>\n<li><strong>Parches seguridad: 4 a\u00f1os<\/strong><\/li>\n<li><strong>Perfil: 8.8 mm<\/strong><\/li>\n<li><strong>Peso: 195 g<\/strong><\/li>\n<li><strong>S<\/strong>e incluyen los siguientes accesorios: <strong>Cargador y Manual<\/strong><\/li>\n<li><strong>Garant\u00eda:<\/strong> 12 meses contra defecto de fabricaci\u00f3n<\/li>\n<\/ul>\n<h4><strong>\u00a0<\/strong><\/h4>\n<h4><span style=\"color: #ff0000;\"><strong>Contado efectivo: 10% de Descuento<\/strong><\/span><\/h4>\n<h5><strong>*Las im\u00e1genes son a modo ilustrativo.<\/strong><\/h5>\n<p>&nbsp;<\/p>\n","protected":false},"excerpt":{"rendered":"<h3><span style=\"color: #339966;\"><strong>U$S 175<\/strong><\/span><\/h3>\n","protected":false},"featured_media":40138,"comment_status":"open","ping_status":"closed","template":"","meta":[],"_links":{"self":[{"href":"https:\/\/www.appoloviracel.com.uy\/index.php\/wp-json\/wp\/v2\/product\/40137"}],"collection":[{"href":"https:\/\/www.appoloviracel.com.uy\/index.php\/wp-json\/wp\/v2\/product"}],"about":[{"href":"https:\/\/www.appoloviracel.com.uy\/index.php\/wp-json\/wp\/v2\/types\/product"}],"replies":[{"embeddable":true,"href":"https:\/\/www.appoloviracel.com.uy\/index.php\/wp-json\/wp\/v2\/comments?post=40137"}],"wp:featuredmedia":[{"embeddable":true,"href":"https:\/\/www.appoloviracel.com.uy\/index.php\/wp-json\/wp\/v2\/media\/40138"}],"wp:attachment":[{"href":"https:\/\/www.appoloviracel.com.uy\/index.php\/wp-json\/wp\/v2\/media?parent=40137"}],"curies":[{"name":"wp","href":"https:\/\/api.w.org\/{rel}","templated":true}]}}