{"id":40129,"date":"2023-12-28T16:16:54","date_gmt":"2023-12-28T19:16:54","guid":{"rendered":"https:\/\/www.appoloviracel.com.uy\/?post_type=product&#038;p=40129"},"modified":"2024-03-09T12:44:17","modified_gmt":"2024-03-09T15:44:17","slug":"smartwatch-udfine-starry","status":"publish","type":"product","link":"https:\/\/www.appoloviracel.com.uy\/index.php\/product\/smartwatch-udfine-starry\/","title":{"rendered":"Smartwatch Udfine \u00abStarry\u00bb"},"content":{"rendered":"<h2>Caracter\u00edsticas y especificaciones:<\/h2>\n<p>Dise\u00f1o Elegante: Su dise\u00f1o moderno y sofisticado hace que sea un accesorio de moda ideal.<br \/>\nCompatibilidad Universal: Funciona con tel\u00e9fonos Android e iOS, lo que te brinda la flexibilidad de elegir tu dispositivo.<br \/>\nAmplia Gama de Funciones: Desde rastreo de actividad f\u00edsica hasta monitorizaci\u00f3n de sue\u00f1o y puls\u00f3metro, este smartwatch tiene todo lo que necesitas.<br \/>\nOx\u00edmetro de Pulso: Controla tus niveles de ox\u00edgeno en sangre para un monitoreo completo de tu salud.<br \/>\nBater\u00eda de Larga Duraci\u00f3n: Con una bater\u00eda de 300mAh, disfrutar\u00e1s de un uso prolongado sin preocuparte por la carga constante.<br \/>\nConexi\u00f3n Bluetooth: Con\u00e9ctalo de forma inal\u00e1mbrica a tu tel\u00e9fono para recibir notificaciones y controlar la m\u00fasica.<br \/>\nRecargable: Se carga de forma conveniente mediante un sistema de carga por contacto magn\u00e9tico.<\/p>\n<p><strong>Garant\u00eda<\/strong>: 6 meses contra defecto de fabricaci\u00f3n<\/p>\n<h4><strong>\u00a0<\/strong><span style=\"color: #ff0000;\"><strong>* La garant\u00eda no cubre falla que se pueda dar por un uso intensivo.<\/strong><\/span><\/h4>\n<h5><strong>\u00a0*Las im\u00e1genes son a modo ilustrativo.<\/strong><\/h5>\n<p>&nbsp;<\/p>\n","protected":false},"excerpt":{"rendered":"<h3><strong><span style=\"font-family: 'Cambria','serif'; color: #339966;\">$ 3.390<\/span><\/strong><\/h3>\n","protected":false},"featured_media":40130,"comment_status":"open","ping_status":"closed","template":"","meta":[],"_links":{"self":[{"href":"https:\/\/www.appoloviracel.com.uy\/index.php\/wp-json\/wp\/v2\/product\/40129"}],"collection":[{"href":"https:\/\/www.appoloviracel.com.uy\/index.php\/wp-json\/wp\/v2\/product"}],"about":[{"href":"https:\/\/www.appoloviracel.com.uy\/index.php\/wp-json\/wp\/v2\/types\/product"}],"replies":[{"embeddable":true,"href":"https:\/\/www.appoloviracel.com.uy\/index.php\/wp-json\/wp\/v2\/comments?post=40129"}],"wp:featuredmedia":[{"embeddable":true,"href":"https:\/\/www.appoloviracel.com.uy\/index.php\/wp-json\/wp\/v2\/media\/40130"}],"wp:attachment":[{"href":"https:\/\/www.appoloviracel.com.uy\/index.php\/wp-json\/wp\/v2\/media?parent=40129"}],"curies":[{"name":"wp","href":"https:\/\/api.w.org\/{rel}","templated":true}]}}