{"id":40121,"date":"2023-12-23T22:32:17","date_gmt":"2023-12-24T01:32:17","guid":{"rendered":"https:\/\/www.appoloviracel.com.uy\/?post_type=product&#038;p=40121"},"modified":"2024-07-04T20:05:32","modified_gmt":"2024-07-04T23:05:32","slug":"smartwatch-xiaomi-mibro-whatch-c2","status":"publish","type":"product","link":"https:\/\/www.appoloviracel.com.uy\/index.php\/product\/smartwatch-xiaomi-mibro-whatch-c2\/","title":{"rendered":"Smartwatch Xiaomi \u00abMibro Whatch C2\u00bb"},"content":{"rendered":"<h2>Caracter\u00edsticas y especificaciones:<\/h2>\n<ul>\n<li><strong>MIBRO &#8211; SMARTWATCHMIBRO WATCH C2 43,2 mm<\/strong><\/li>\n<li><strong>Varios modos deportivos.<\/strong><\/li>\n<li><strong>Monitoreo de la frecuencia card\u00edaca.<\/strong><\/li>\n<li><strong>Medici\u00f3n de ox\u00edgeno en sangre.<\/strong><\/li>\n<li><strong>Monitoreo del sue\u00f1o.<\/strong><\/li>\n<li><strong>Alertas de salud.<\/strong><\/li>\n<li><strong>Funci\u00f3n de tarjeta de acceso.<\/strong><\/li>\n<li><strong>Notificaciones y alarmas.<\/strong><\/li>\n<li><strong>Certificaci\u00f3n: 2 ATM.<\/strong><\/li>\n<li><strong>Pantalla: 1,69 pulgadas; TFT; 240 * 280 p\u00edxeles.<\/strong><\/li>\n<li><strong>Conectividad: Bluetooth 5.0.<\/strong><\/li>\n<li><strong>Compatibilidad: Android 5 o superior \/ IOS 10 o superior.<\/strong><\/li>\n<li><strong>Sensores: Aceler\u00f3metro, Frecuencia Card\u00edaca, Ox\u00edgeno en Sangre.<\/strong><\/li>\n<li><strong>Botones: 1.<\/strong><\/li>\n<li><strong>Lenguajes: 17.<\/strong><\/li>\n<li><strong>Materiales: Pl\u00e1stico (caja) \/ Silicona (pulsera).<\/strong><\/li>\n<li><strong>Peso: 34 grs. aprox.<\/strong><\/li>\n<li><strong>Dimensiones de la Correa: 248 * 20 mm aprox.<\/strong><\/li>\n<li><strong>Bater\u00eda: 270 mAh.<\/strong><\/li>\n<li><strong>Tiempo de Uso: 30 d\u00edas aprox. (en espera), 7 d\u00edas aprox.(modo b\u00e1sico).<\/strong><\/li>\n<li><strong>APP: Mibro Fit.<\/strong><\/li>\n<li><strong>Garant\u00eda<\/strong>: 6 meses contra defecto de fabricaci\u00f3n<\/li>\n<\/ul>\n<h4><strong>\u00a0<\/strong><\/h4>\n<h4><span style=\"color: #ff0000;\"><strong>* La garant\u00eda no cubre falla que se pueda dar por un uso intensivo.<\/strong><\/span><\/h4>\n<h5><strong>\u00a0*Las im\u00e1genes son a modo ilustrativo.<\/strong><\/h5>\n","protected":false},"excerpt":{"rendered":"<h3><span style=\"color: #339966;\"><strong>$ 1.690<\/strong><\/span><\/h3>\n","protected":false},"featured_media":40123,"comment_status":"open","ping_status":"closed","template":"","meta":[],"_links":{"self":[{"href":"https:\/\/www.appoloviracel.com.uy\/index.php\/wp-json\/wp\/v2\/product\/40121"}],"collection":[{"href":"https:\/\/www.appoloviracel.com.uy\/index.php\/wp-json\/wp\/v2\/product"}],"about":[{"href":"https:\/\/www.appoloviracel.com.uy\/index.php\/wp-json\/wp\/v2\/types\/product"}],"replies":[{"embeddable":true,"href":"https:\/\/www.appoloviracel.com.uy\/index.php\/wp-json\/wp\/v2\/comments?post=40121"}],"wp:featuredmedia":[{"embeddable":true,"href":"https:\/\/www.appoloviracel.com.uy\/index.php\/wp-json\/wp\/v2\/media\/40123"}],"wp:attachment":[{"href":"https:\/\/www.appoloviracel.com.uy\/index.php\/wp-json\/wp\/v2\/media?parent=40121"}],"curies":[{"name":"wp","href":"https:\/\/api.w.org\/{rel}","templated":true}]}}